{"id":6661,"date":"2026-01-07T15:48:30","date_gmt":"2026-01-07T15:48:30","guid":{"rendered":"https:\/\/elektronica-aanhangers-houten.nl\/?post_type=product&#038;p=6661"},"modified":"2026-02-22T08:25:51","modified_gmt":"2026-02-22T08:25:51","slug":"conteneur-maritime-de-40-pieds-neuf","status":"publish","type":"product","link":"https:\/\/cabashippinginternational.com\/en\/produit\/conteneur-maritime-de-40-pieds-neuf\/","title":{"rendered":"Contenedor mar\u00edtimo de 40 pies (nuevo)"},"content":{"rendered":"<p><span dir=\"auto\">CONTENEDOR MAR\u00cdTIMO DE 40 PIES &#8211; NUEVO<\/span><\/p>\n<p><span dir=\"auto\">El contenedor DC de 40 pies, de 12 m, es uno de los modelos m\u00e1s comunes. Una pared trasera est\u00e1 equipada con puertas dobles, lo que lo hace ideal para proyectos y almacenamiento. Es una soluci\u00f3n segura, resistente a la intemperie y confiable para casi cualquier situaci\u00f3n.<\/span><\/p>\n<p><span dir=\"auto\">DIMENSIONES DEL CONTENEDOR<\/span><\/p>\n<p><span dir=\"auto\">Dimensiones<\/span><\/p>\n<p><span dir=\"auto\">Longitud: 12192 mm<\/span><\/p>\n<p><span dir=\"auto\">Ancho: 2440 mm<\/span><\/p>\n<p><span dir=\"auto\">Altura: 2590 mm<\/span><\/p>\n<p><span dir=\"auto\">Dimensiones interiores<\/span><\/p>\n<p><span dir=\"auto\">Longitud: 12032 mm<\/span><\/p>\n<p><span dir=\"auto\">Ancho: 2352 mm<\/span><\/p>\n<p><span dir=\"auto\">Altura: 2393 mm.<\/span><\/p>\n<p><span dir=\"auto\">Capacidad: 67,8 m 3<\/span><\/p>","protected":false},"excerpt":{"rendered":"<p><span dir=\"auto\">CONTENEDOR DE 40 PIES &#8211; NUEVO<\/span><\/p>\n<p><span dir=\"auto\">El contenedor DC de 40 pies, de 12 m, es uno de los modelos m\u00e1s comunes. Una pared trasera est\u00e1 equipada con puertas dobles, lo que lo hace ideal para proyectos y almacenamiento. Es una soluci\u00f3n segura, resistente a la intemperie y confiable para casi cualquier situaci\u00f3n.<\/span><\/p>\n<p><span dir=\"auto\">DIMENSIONES DEL CONTENEDOR<\/span><\/p>\n<p><span dir=\"auto\">Dimensiones<\/span><\/p>\n<p><span dir=\"auto\">Longitud: 12192 mm<\/span><\/p>\n<p><span dir=\"auto\">Ancho: 2440 mm<\/span><\/p>\n<p><span dir=\"auto\">Altura: 2590 mm<\/span><\/p>\n<p><span dir=\"auto\">Dimensiones interiores<\/span><\/p>\n<p><span dir=\"auto\">Longitud: 12032 mm<\/span><\/p>\n<p><span dir=\"auto\">Ancho: 2352 mm<\/span><\/p>\n<p><span dir=\"auto\">Altura: 2393 mm.<\/span><\/p>\n<p><span dir=\"auto\">Capacidad: 67,8 m 3<\/span><\/p>","protected":false},"featured_media":6710,"comment_status":"open","ping_status":"closed","template":"","meta":[],"product_brand":[],"product_cat":[139],"product_tag":[],"class_list":{"0":"post-6661","1":"product","2":"type-product","3":"status-publish","4":"has-post-thumbnail","6":"product_cat-uncategorized","8":"first","9":"instock","10":"sale","11":"taxable","12":"shipping-taxable","13":"purchasable","14":"product-type-simple"},"_links":{"self":[{"href":"https:\/\/cabashippinginternational.com\/en\/wp-json\/wp\/v2\/product\/6661","targetHints":{"allow":["GET"]}}],"collection":[{"href":"https:\/\/cabashippinginternational.com\/en\/wp-json\/wp\/v2\/product"}],"about":[{"href":"https:\/\/cabashippinginternational.com\/en\/wp-json\/wp\/v2\/types\/product"}],"replies":[{"embeddable":true,"href":"https:\/\/cabashippinginternational.com\/en\/wp-json\/wp\/v2\/comments?post=6661"}],"wp:featuredmedia":[{"embeddable":true,"href":"https:\/\/cabashippinginternational.com\/en\/wp-json\/wp\/v2\/media\/6710"}],"wp:attachment":[{"href":"https:\/\/cabashippinginternational.com\/en\/wp-json\/wp\/v2\/media?parent=6661"}],"wp:term":[{"taxonomy":"product_brand","embeddable":true,"href":"https:\/\/cabashippinginternational.com\/en\/wp-json\/wp\/v2\/product_brand?post=6661"},{"taxonomy":"product_cat","embeddable":true,"href":"https:\/\/cabashippinginternational.com\/en\/wp-json\/wp\/v2\/product_cat?post=6661"},{"taxonomy":"product_tag","embeddable":true,"href":"https:\/\/cabashippinginternational.com\/en\/wp-json\/wp\/v2\/product_tag?post=6661"}],"curies":[{"name":"wp","href":"https:\/\/api.w.org\/{rel}","templated":true}]}}