{"id":6660,"date":"2026-01-07T15:48:30","date_gmt":"2026-01-07T15:48:30","guid":{"rendered":"https:\/\/elektronica-aanhangers-houten.nl\/?post_type=product&#038;p=6660"},"modified":"2026-02-22T08:26:02","modified_gmt":"2026-02-22T08:26:02","slug":"nouveau-conteneur-de-stockage-de-20-pieds","status":"publish","type":"product","link":"https:\/\/cabashippinginternational.com\/en\/produit\/nouveau-conteneur-de-stockage-de-20-pieds\/","title":{"rendered":"Nuevo contenedor de almacenamiento de 20 pies"},"content":{"rendered":"<p><Nuestra contenedor de almacenamiento de 20 pies tiene una estructura de perfiles de acero de 3 mm completamente soldados. Las paredes y el techo est\u00e1n hechos de acero laminado de 1,5 mm de grosor, mientras que el suelo est\u00e1 hecho de madera maciza de 25 mm de grosor, tratada contra la humedad. Est\u00e1 equipado con una tapa protectora para candados.<\/span><\/p>\n<p><span dir=\"auto\">El manejo es posible con eslingas o ganchos de elevaci\u00f3n gracias a los cuatro enchufes en el techo, o con un montacargas gracias al acceso para montacargas en la base. El acceso para montacargas se encuentra en el lateral y tiene una distancia entre ejes de 90 cm.<\/span><\/p>\n<p><span dir=\"auto\">Especificaciones t\u00e9cnicas<\/span><\/p>\n<p><span dir=\"auto\">Dimensiones<\/span><\/p>\n<p><span dir=\"auto\">Altura: 259,10 cm<\/span><br \/>\n<span dir=\"auto\">Ancho: 243,80 cm<\/span><br \/>\n<span dir=\"auto\">Profundidad: 605,80 cm<\/span><br \/>\n<span dir=\"auto\">DIMENSIONES INTERNAS<\/span><\/p>\n<p><span dir=\"auto\">Altura: 236,10 cm<\/span><br \/>\n<span dir=\"auto\">Ancho: 230,80 cm<\/span><br \/>\n<span dir=\"auto\">Profundidad: 585,80 cm<\/span><br \/>\n<span dir=\"auto\">ESTRUCTURA<\/span><\/p>\n<p><span dir=\"auto\">Material: secciones de acero completamente soldadas y pintadas<\/span><br \/>\n<span dir=\"auto\">Color: Blanco RAL 9010<\/span><br \/>\n<span dir=\"auto\">Grosor: 3 mm<\/span><br \/>\n<span dir=\"auto\">Manejo: 4 conexiones en el techo para ganchos de elevaci\u00f3n. Base con acceso para montacargas equipado con horquillas largas (250 cm).<\/span><br \/>\n<span dir=\"auto\">PARED Y FACHADA<\/span><\/p>\n<p><span dir=\"auto\">Material: acero laminado pintado en blanco RAL 9010<\/span>.<br \/>\n<span dir=\"auto\">Grosor: 1,5 mm<\/span>.<\/p>","protected":false},"excerpt":{"rendered":"<p><span dir=\"auto\">Dimensiones<\/span><\/p>\n<p><span dir=\"auto\">Altura: 259,10 cm<\/span><br \/>\n<span dir=\"auto\">Ancho: 243,80 cm<\/span><br \/>\n<span dir=\"auto\">Profundidad: 605,80 cm<\/span><br \/>\n<span dir=\"auto\">DIMENSIONES INTERNAS<\/span><\/p>\n<p>&nbsp;<\/p>\n<p><span dir=\"auto\">El nuevo contenedor de almacenamiento de 20 pies es el modelo m\u00e1s grande que ofrecemos, con una capacidad de almacenamiento de 31 m\u00b3 y 11.000 kg, para un peso vac\u00edo de 1.600 kg.<\/span><\/p>\n<p><span dir=\"auto\">Descripci\u00f3n: Nuestros<\/span><\/p>\n<p><span dir=\"auto\">contenedores de almacenamiento de 20 pies<\/span><\/p>\n<p><span dir=\"auto\">satisfacen sus necesidades de almacenamiento en el sitio, en almacenes, dep\u00f3sitos al aire libre, terrenos agr\u00edcolas o en casa. Estos son contenedores de almacenamiento NUEVOS, de f\u00e1brica, no contenedores de barco.<\/span><\/p>","protected":false},"featured_media":6706,"comment_status":"open","ping_status":"closed","template":"","meta":[],"product_brand":[],"product_cat":[139],"product_tag":[],"class_list":{"0":"post-6660","1":"product","2":"type-product","3":"status-publish","4":"has-post-thumbnail","6":"product_cat-uncategorized","8":"first","9":"instock","10":"sale","11":"taxable","12":"shipping-taxable","13":"purchasable","14":"product-type-simple"},"_links":{"self":[{"href":"https:\/\/cabashippinginternational.com\/en\/wp-json\/wp\/v2\/product\/6660","targetHints":{"allow":["GET"]}}],"collection":[{"href":"https:\/\/cabashippinginternational.com\/en\/wp-json\/wp\/v2\/product"}],"about":[{"href":"https:\/\/cabashippinginternational.com\/en\/wp-json\/wp\/v2\/types\/product"}],"replies":[{"embeddable":true,"href":"https:\/\/cabashippinginternational.com\/en\/wp-json\/wp\/v2\/comments?post=6660"}],"wp:featuredmedia":[{"embeddable":true,"href":"https:\/\/cabashippinginternational.com\/en\/wp-json\/wp\/v2\/media\/6706"}],"wp:attachment":[{"href":"https:\/\/cabashippinginternational.com\/en\/wp-json\/wp\/v2\/media?parent=6660"}],"wp:term":[{"taxonomy":"product_brand","embeddable":true,"href":"https:\/\/cabashippinginternational.com\/en\/wp-json\/wp\/v2\/product_brand?post=6660"},{"taxonomy":"product_cat","embeddable":true,"href":"https:\/\/cabashippinginternational.com\/en\/wp-json\/wp\/v2\/product_cat?post=6660"},{"taxonomy":"product_tag","embeddable":true,"href":"https:\/\/cabashippinginternational.com\/en\/wp-json\/wp\/v2\/product_tag?post=6660"}],"curies":[{"name":"wp","href":"https:\/\/api.w.org\/{rel}","templated":true}]}}