{"id":6659,"date":"2026-01-07T15:48:30","date_gmt":"2026-01-07T15:48:30","guid":{"rendered":"https:\/\/elektronica-aanhangers-houten.nl\/?post_type=product&#038;p=6659"},"modified":"2026-02-22T08:26:17","modified_gmt":"2026-02-22T08:26:17","slug":"conteneur-high-cube-a-ouverture-laterale-de-20-pieds-neuf","status":"publish","type":"product","link":"https:\/\/cabashippinginternational.com\/en\/produit\/conteneur-high-cube-a-ouverture-laterale-de-20-pieds-neuf\/","title":{"rendered":"Contenedor High Cube de 20 pies con apertura lateral, nuevo."},"content":{"rendered":"<h1 class=\"page-heading\"><span style=\"font-size: 16px;\">El contenedor Open Side de 20 pies HC tiene una apertura lateral para un f\u00e1cil acceso a sus mercanc\u00edas VERIFICAR EN NORMAS FRANC\u00c9S<\/span><\/h1>\n<div class=\"row\">\n<div class=\"col-12\">\n<div id=\"product-description-short-27\" class=\"product-description-short typo sm-bottom\">\n<p><span dir=\"auto\">Superficie = 14 m\u00b2<\/span><\/p>\n<p><span dir=\"auto\">Volumen = 37 m\u00b3<\/span><\/p>\n<p><span dir=\"auto\">N\u00famero de palets = 10<\/span><\/p>\n<p><span dir=\"auto\">Longitud exterior = 6,06 m<\/span><\/p>\n<p><span dir=\"auto\">Ancho<\/span><\/p>\n<p><span dir=\"auto\">exterior = 2,44 m<\/span><\/p>\n<p><span dir=\"auto\">Altura exterior = 2,89 m Longitud interior = 5,9 m<\/span><\/p>\n<p><span dir=\"auto\">Ancho interior = 2,35 m<\/span><\/p>\n<p><span dir=\"auto\">Altura interior<\/span><\/p>\n<p><span dir=\"auto\">= 2,69 m Ancho de la puerta<\/span><\/p>\n<p><span dir=\"auto\">= 2,34 m Altura de la puerta = 2,58 m<\/span><\/p>\n<p><span dir=\"auto\">Estructura = Acero Corten<\/span><\/p>\n<p><span dir=\"auto\">suelo = contrachapado de 28 mm<\/span><\/p>\n<p><span dir=\"auto\">Avance = 2050 mm<\/span><\/p>\n<p><span dir=\"auto\">El contenedor Open Side de 20 pies High Cube es una gran alternativa a la versi\u00f3n est\u00e1ndar de 20 pies. \u00a1Ofrece a\u00fan el f\u00e1cil acceso y la carga sencilla de mercanc\u00edas a trav\u00e9s de las puertas laterales, pero ahora tiene una opci\u00f3n High Cube para que pueda beneficiarse del espacio de almacenamiento adicional para sus pertenencias personales!<\/span><\/p>\n<\/div>\n<\/div>\n<\/div><\/div>","protected":false},"excerpt":{"rendered":"<p><span class=\"label\">Volumen interior: <\/span>33,1 m\u00b3<\/p>\n<p><span class=\"label\">Superficie exterior: <\/span>14,7 m\u00b2<\/p>\n<p><span class=\"label\">Peso: <\/span>2000 kg<\/p>\n<p><span class=\"label\">Peso m\u00e1ximo de carga: <\/span>28480 kg<\/p>\n<p><span class=\"label\">Estructura<\/span>Acero corten completamente soldado<\/p>\n<p><span class=\"label\">Suelo<\/span>Multiplex marino de 28 mm<\/p>\n<p><span class=\"label\">Avance: <\/span>2050 mm<\/p>\n<p><span class=\"label\">Apertura de puerta: <\/span>270\u00b0.<\/p>\n<p><span class=\"label\">N\u00famero de palets Europa: <\/span>10<\/p>\n<p>&nbsp;<\/p>\n<p>Entrega posible en toda Francia. Nuestros socios de transporte se encargan de la entrega en la direcci\u00f3n de su elecci\u00f3n, con o sin p\u00e9rdida (opci\u00f3n a elegir al validar su carrito de compras) siempre que su ubicaci\u00f3n de entrega sea de f\u00e1cil acceso.<\/p>\n<p>&nbsp;<\/p>\n<p><strong><span dir=\"auto\">5. Costos de devoluci\u00f3n<\/span><\/strong><\/p>\n<p><span dir=\"auto\">Los costos de devoluci\u00f3n son a cargo del Cliente, excepto si el producto est\u00e1 defectuoso o no cumple con la descripci\u00f3n en el Sitio.<\/span><\/p>\n<p><strong><span dir=\"auto\">6. Productos defectuosos o incorrectos<\/span><\/strong><\/p>\n<p><span dir=\"auto\">Si el Cliente recibe un producto defectuoso o incorrecto, debe informar a la Empresa dentro de las 48 horas posteriores a la recepci\u00f3n del pedido. La Empresa asumir\u00e1 los costos de la devoluci\u00f3n y enviar\u00e1 un producto de reemplazo sin costo adicional para el Cliente o, si el Cliente lo prefiere, reembolsar\u00e1 el monto total pagado.<\/span><\/p>\n<p><strong><span dir=\"auto\">7. Reembolso<\/span><\/strong><\/p>","protected":false},"featured_media":6702,"comment_status":"open","ping_status":"closed","template":"","meta":[],"product_brand":[],"product_cat":[139],"product_tag":[],"class_list":{"0":"post-6659","1":"product","2":"type-product","3":"status-publish","4":"has-post-thumbnail","6":"product_cat-uncategorized","8":"first","9":"instock","10":"sale","11":"taxable","12":"shipping-taxable","13":"purchasable","14":"product-type-simple"},"_links":{"self":[{"href":"https:\/\/cabashippinginternational.com\/en\/wp-json\/wp\/v2\/product\/6659","targetHints":{"allow":["GET"]}}],"collection":[{"href":"https:\/\/cabashippinginternational.com\/en\/wp-json\/wp\/v2\/product"}],"about":[{"href":"https:\/\/cabashippinginternational.com\/en\/wp-json\/wp\/v2\/types\/product"}],"replies":[{"embeddable":true,"href":"https:\/\/cabashippinginternational.com\/en\/wp-json\/wp\/v2\/comments?post=6659"}],"wp:featuredmedia":[{"embeddable":true,"href":"https:\/\/cabashippinginternational.com\/en\/wp-json\/wp\/v2\/media\/6702"}],"wp:attachment":[{"href":"https:\/\/cabashippinginternational.com\/en\/wp-json\/wp\/v2\/media?parent=6659"}],"wp:term":[{"taxonomy":"product_brand","embeddable":true,"href":"https:\/\/cabashippinginternational.com\/en\/wp-json\/wp\/v2\/product_brand?post=6659"},{"taxonomy":"product_cat","embeddable":true,"href":"https:\/\/cabashippinginternational.com\/en\/wp-json\/wp\/v2\/product_cat?post=6659"},{"taxonomy":"product_tag","embeddable":true,"href":"https:\/\/cabashippinginternational.com\/en\/wp-json\/wp\/v2\/product_tag?post=6659"}],"curies":[{"name":"wp","href":"https:\/\/api.w.org\/{rel}","templated":true}]}}