{"id":6649,"date":"2026-01-07T15:48:06","date_gmt":"2026-01-07T15:48:06","guid":{"rendered":"https:\/\/elektronica-aanhangers-houten.nl\/?post_type=product&#038;p=6649"},"modified":"2026-02-22T08:26:28","modified_gmt":"2026-02-22T08:26:28","slug":"benne-electrique-lider-39600-pe","status":"publish","type":"product","link":"https:\/\/cabashippinginternational.com\/en\/produit\/benne-electrique-lider-39600-pe\/","title":{"rendered":"Volquete el\u00e9ctrico Lider 39600 PE"},"content":{"rendered":"<div class=\"elementor-element elementor-element-831ab9f tabs-elementor elementor-widget elementor-widget-woocommerce-product-data-tabs\" data-id=\"831ab9f\" data-element_type=\"widget\" data-widget_type=\"woocommerce-product-data-tabs.default\">\n<div class=\"tabbable\">\n<tab-inhoud\n\n\n<div id=\"tab-description\" class=\"tab-pane active\">\n<beschrijving-items\n\n\n<div class=\"Description-item\"><span class=\"Description-value\">En V.<\/span><\/div>\n<div class=\"Description-item\"><span class=\"Description-label\">Rueda de hockey<br \/>\n<\/span><br \/>\n<span class=\"Description-value\">Incluido<\/span><\/div>\n<div class=\"Description-item\"><span class=\"Description-label\">Flip-flop<br \/>\n<\/span><br \/>\n<span class=\"Description-value\">Trasero<\/span><\/div>\n<div class=\"Description-item\"><span class=\"Description-label\">Tipo de conmutador.<br \/>\n<\/span><br \/>\n<span class=\"Description-value\">Hidr\u00e1ulico el\u00e9ctrico<\/span><\/div>\n<div class=\"Description-item\"><span class=\"Description-label\">Carcasa de rampa.<br \/>\n<\/span><br \/>\n<span class=\"Description-value\">No<\/span><\/div>\n<div class=\"Description-item\"><span class=\"Description-label\">Luces LED.<br \/>\n<\/span><br \/>\n<span class=\"Description-value\">No<\/span><\/div>\n<div class=\"Description-item\"><span class=\"Description-label\">Posici\u00f3n de la rueda<br \/>\n<\/span><br \/>\n<span class=\"Description-value\">Interior<\/span><\/div>\n<div class=\"Description-item\"><span class=\"Description-label\">Ancho de uso<\/span><br \/>\n<span class=\"Description-value\">1480 mm.<\/span><\/div>\n<div class=\"Description-item\"><span class=\"Description-label\">Longitud \u00fatil<\/span><\/p>","protected":false},"excerpt":{"rendered":"<p><img decoding=\"async\" class=\"emoji\" role=\"img\" draggable=\"false\" src=\"https:\/\/s.w.org\/images\/core\/emoji\/16.0.1\/svg\/1f31f.svg\" alt=\"\ud83c\udf1f\" \/> Destacados<\/p>\n<p>&nbsp;<\/p>\n<p>PTAC 2500\/2000\/1900\/1800\/1700\/1600 KG<\/p>\n<p>PESO TARADO 550 KG<\/p>\n<p>DIMENSIONES \u00daTILES 256 X 148 X 30 CM<\/p>\n<p>DIMENSIONES TOTALES 385 X 160 CM<\/p>\n<p>Asistencia en nuestros remolques: S\u00ed<\/p>\n<p>Garant\u00eda del fabricante: S\u00ed<\/p>\n<p>Servicio postventa: S\u00ed<\/p>\n<p>Pr\u00e1ctico y seguro: sistema de inclinaci\u00f3n el\u00e9ctrico \u2192 no se necesita esfuerzo f\u00edsico.<\/p>\n<p>Robusto: chasis reforzado, acero galvanizado, uso profesional posible.<\/p>\n<p>Vers\u00e1til: ideal para el transporte de escombros, arena, madera, materiales y residuos verdes.<\/p>\n<p>Productividad: ahorra tiempo y es c\u00f3modo en obras de construcci\u00f3n y trabajos agr\u00edcolas.<\/p>\n<p>Durabilidad: componentes de calidad y poco mantenimiento.<\/p>","protected":false},"featured_media":6695,"comment_status":"open","ping_status":"closed","template":"","meta":[],"product_brand":[],"product_cat":[139],"product_tag":[],"class_list":{"0":"post-6649","1":"product","2":"type-product","3":"status-publish","4":"has-post-thumbnail","6":"product_cat-uncategorized","8":"first","9":"instock","10":"sale","11":"taxable","12":"shipping-taxable","13":"purchasable","14":"product-type-simple"},"_links":{"self":[{"href":"https:\/\/cabashippinginternational.com\/en\/wp-json\/wp\/v2\/product\/6649","targetHints":{"allow":["GET"]}}],"collection":[{"href":"https:\/\/cabashippinginternational.com\/en\/wp-json\/wp\/v2\/product"}],"about":[{"href":"https:\/\/cabashippinginternational.com\/en\/wp-json\/wp\/v2\/types\/product"}],"replies":[{"embeddable":true,"href":"https:\/\/cabashippinginternational.com\/en\/wp-json\/wp\/v2\/comments?post=6649"}],"wp:featuredmedia":[{"embeddable":true,"href":"https:\/\/cabashippinginternational.com\/en\/wp-json\/wp\/v2\/media\/6695"}],"wp:attachment":[{"href":"https:\/\/cabashippinginternational.com\/en\/wp-json\/wp\/v2\/media?parent=6649"}],"wp:term":[{"taxonomy":"product_brand","embeddable":true,"href":"https:\/\/cabashippinginternational.com\/en\/wp-json\/wp\/v2\/product_brand?post=6649"},{"taxonomy":"product_cat","embeddable":true,"href":"https:\/\/cabashippinginternational.com\/en\/wp-json\/wp\/v2\/product_cat?post=6649"},{"taxonomy":"product_tag","embeddable":true,"href":"https:\/\/cabashippinginternational.com\/en\/wp-json\/wp\/v2\/product_tag?post=6649"}],"curies":[{"name":"wp","href":"https:\/\/api.w.org\/{rel}","templated":true}]}}