{"id":6648,"date":"2026-01-07T15:48:06","date_gmt":"2026-01-07T15:48:06","guid":{"rendered":"https:\/\/elektronica-aanhangers-houten.nl\/?post_type=product&#038;p=6648"},"modified":"2026-02-22T08:26:40","modified_gmt":"2026-02-22T08:26:40","slug":"lohr-switzerland-tailway-double-450x200-unitrailer-tempo-4520-dmc-3000-kg","status":"publish","type":"product","link":"https:\/\/cabashippinginternational.com\/en\/produit\/lohr-switzerland-tailway-double-450x200-unitrailer-tempo-4520-dmc-3000-kg\/","title":{"rendered":"LOHR SUIZA REMOLQUE DOBLE 450\u00d7200 REMOLQUE TEMPO 4520 DMC 3000 KG"},"content":{"rendered":"<div class=\"pd-row pd-middle\">\n<div class=\"pd-50\">\n<p>Respetamos tu tiempo, por eso entregamos tu carro de remolque comprado en la direcci\u00f3n que has proporcionado. No tienes que preocuparte por organizar el transporte de tu carro de remolque, nosotros organizamos el transporte por ti. Todo el papeleo tambi\u00e9n ser\u00e1 preparado por nosotros y entregado junto con el carro de remolque. Si has recibido un conjunto de documentos, debes mantenerlos y revisarlos. Recuerda la inspecci\u00f3n obligatoria despu\u00e9s de 3 a\u00f1os de uso, para que puedas seguir us\u00e1ndolo. <strong>El GVW del veh\u00edculo de remolque<\/strong> es <strong>3000 kg<\/strong>, as\u00ed que al hacer el pedido indica el valor correcto del \u00edtem <strong>\u00abO.1\u00bb<\/strong> del documento de registro. Los documentos que enviamos con el env\u00edo son la factura de compra, la homologaci\u00f3n y el certificado de autorizaci\u00f3n. Atendemos pedidos tanto de particulares como de empresas.<\/p>\n<\/div>\n<\/div>\n<p>&nbsp;<\/p>\n<p>Especificaciones t\u00e9cnicas<\/p>\n<p>Modelo: UNITRAILER TEMPO 4520 &#8211; Doble eje con freno<\/p>\n<p>Dimensiones \u00fatiles: 450 cm (longitud) \u00d7 200 cm (ancho)<\/p>\n<p>GVW (DMC): 3000 kg<\/p>\n<p>Capacidad de carga: aproximadamente 2300-2400 kg (dependiendo del equipamiento)<\/p>\n<p>Ejes: 2 ejes con freno AL-KO o KNOTT, 1500 kg cada uno, alta estabilidad<\/p>\n<p>Chasis: acero galvanizado t\u00e9rmicamente, estructura anti-\u00f3xido reforzada<\/p>\n<p>Suelo: chapa de acero perforada antideslizante o rieles para veh\u00edculos<\/p>\n<p>Paneles laterales: opcionales, dependiendo de la configuraci\u00f3n (modelo de plataforma o transportado)<\/p>\n<p>Rampa\/inclinaci\u00f3n: rampa integrada<\/p>","protected":false},"excerpt":{"rendered":"<p><img decoding=\"async\" class=\"emoji\" role=\"img\" draggable=\"false\" src=\"https:\/\/s.w.org\/images\/core\/emoji\/16.0.1\/svg\/1f31f.svg\" alt=\"\ud83c\udf1f\" \/> Destacados<\/p>\n<p>Gran capacidad: ideal para transportar coches, veh\u00edculos comerciales ligeros, maquinaria de construcci\u00f3n y equipos agr\u00edcolas.<\/p>\n<p>Fuerza profesional: estructura pesada y fiable dise\u00f1ada para un uso intensivo.<\/p>\n<p>M\u00e1xima seguridad: eje con freno doble + freno de inercia \u2192 m\u00e1s estabilidad y control, incluso con cargas pesadas.<\/p>\n<p>Versatilidad: puede ser utilizado tanto por particulares exigentes como por profesionales (talleres, transportistas, empresas de alquiler).<\/p>\n<p>Durabilidad: galvanizaci\u00f3n y componentes de alta calidad para una larga vida \u00fatil.<\/p>\n<p>&nbsp;<\/p>\n<p>Un remolque de tres ejes con un peso bruto vehicular de hasta 3000 kg y una superficie de transporte de 4351 x 2157 mm. Gracias a la robusta construcci\u00f3n, puedes conducir tu coche con facilidad, incluso en largas distancias. Las estructuras soldadas y el uso de perfiles reforzados aseguran que los remolques de la serie <strong>TEMPO<\/strong> duren muchos a\u00f1os. El bajo centro de gravedad proporciona un viaje estable en todas las condiciones clim\u00e1ticas.<\/p>","protected":false},"featured_media":6690,"comment_status":"open","ping_status":"closed","template":"","meta":[],"product_brand":[],"product_cat":[139],"product_tag":[],"class_list":{"0":"post-6648","1":"product","2":"type-product","3":"status-publish","4":"has-post-thumbnail","6":"product_cat-uncategorized","8":"first","9":"instock","10":"sale","11":"taxable","12":"shipping-taxable","13":"purchasable","14":"product-type-simple"},"_links":{"self":[{"href":"https:\/\/cabashippinginternational.com\/en\/wp-json\/wp\/v2\/product\/6648","targetHints":{"allow":["GET"]}}],"collection":[{"href":"https:\/\/cabashippinginternational.com\/en\/wp-json\/wp\/v2\/product"}],"about":[{"href":"https:\/\/cabashippinginternational.com\/en\/wp-json\/wp\/v2\/types\/product"}],"replies":[{"embeddable":true,"href":"https:\/\/cabashippinginternational.com\/en\/wp-json\/wp\/v2\/comments?post=6648"}],"wp:featuredmedia":[{"embeddable":true,"href":"https:\/\/cabashippinginternational.com\/en\/wp-json\/wp\/v2\/media\/6690"}],"wp:attachment":[{"href":"https:\/\/cabashippinginternational.com\/en\/wp-json\/wp\/v2\/media?parent=6648"}],"wp:term":[{"taxonomy":"product_brand","embeddable":true,"href":"https:\/\/cabashippinginternational.com\/en\/wp-json\/wp\/v2\/product_brand?post=6648"},{"taxonomy":"product_cat","embeddable":true,"href":"https:\/\/cabashippinginternational.com\/en\/wp-json\/wp\/v2\/product_cat?post=6648"},{"taxonomy":"product_tag","embeddable":true,"href":"https:\/\/cabashippinginternational.com\/en\/wp-json\/wp\/v2\/product_tag?post=6648"}],"curies":[{"name":"wp","href":"https:\/\/api.w.org\/{rel}","templated":true}]}}