{"id":6647,"date":"2026-01-07T15:48:05","date_gmt":"2026-01-07T15:48:05","guid":{"rendered":"https:\/\/elektronica-aanhangers-houten.nl\/?post_type=product&#038;p=6647"},"modified":"2026-02-22T08:26:54","modified_gmt":"2026-02-22T08:26:54","slug":"remorque-voiture-deux-essieux-264x150-expert-2615-2-ptac-750kg","status":"publish","type":"product","link":"https:\/\/cabashippinginternational.com\/en\/produit\/remorque-voiture-deux-essieux-264x150-expert-2615-2-ptac-750kg\/","title":{"rendered":"Remolque de autom\u00f3vil de dos ejes 264\u00d7150 EXPERT 2615\/2 MMA 750KG"},"content":{"rendered":"<p>La <strong>EXPERT 2615\/2<\/strong> remolque de dos ejes de Unitrailer es un verdadero diamante <strong>entre los remolques ligeros.<\/strong><\/p>\n<p>Siente la potencia y supera tus l\u00edmites con el robusto <strong>remolque de la serie EXPERT 2615.<\/strong> Ligero, fuerte y multifuncional. Con su ayuda, puedes transportar dimensiones, muebles, mercanc\u00edas a granel, materiales de construcci\u00f3n o combustible. Gracias al uso de un suelo de contrachapado antideslizante y paredes laterales reforzadas con acero, tenemos una alta capacidad de carga de <strong>502 kg.<\/strong> Al mismo tiempo, el peso permitido del remolque es de solo 248 kg.<\/p>\n<ul>\n<li>Dimensiones del espacio de carga: 2640 x 1500<\/li>\n<li>Tama\u00f1o de rueda: 155\/70 R13<\/li>\n<li>Ruedas colocadas fuera del espacio de carga<\/li>\n<li>Adecuado para muchas profesiones y servicios<\/li>\n<li>Paredes laterales de acero, altura 40 cm<\/li>\n<li>El suelo est\u00e1 hecho de contrachapado resistente y a prueba de agua<\/li>\n<li>Peso limpio: 248 kg<\/li>\n<li>Capacidad m\u00e1xima de carga del remolque: 502 kg<\/li>\n<li>Suspensi\u00f3n en 2 ejes de direcci\u00f3n<\/li>\n<\/ul>\n<p>Especificaciones t\u00e9cnicas<\/p>\n<p>Dimensiones \u00fatiles: 264 cm (longitud) \u00d7 150 cm (ancho)<\/p>\n<p>Ejes: 2 ejes de 750 kg cada uno, para una excelente estabilidad<\/p>\n<p>GVWR: 750 kg (capacidad de carga ~ 500 a 550 kg dependiendo del equipamiento)<\/p>\n<p>Estructura: chasis reforzado de acero galvanizado, muy resistente a la corrosi\u00f3n<\/p>\n<p>Paneles laterales: acero galvanizado, altura aprox. 35 cm, plegables y\/o desmontables para una carga f\u00e1cil<\/p>\n<p>Suelo: contrachapado muy resistente con capa antideslizante<\/p>","protected":false},"excerpt":{"rendered":"<ul>\n<li>El remolque de dos ejes UNITRAILER EXPERT 2615\/2 no solo est\u00e1 dise\u00f1ado para profesionales, sino tambi\u00e9n para trabajos pesados y uso diario. P.M.A. 750 kg, 2 ejes no frenados, dimensiones de 2640 x 1500 mm<\/li>\n<li>Especificaciones t\u00e9cnicas Dimensiones \u00fatiles: 264 cm (longitud) \u00d7 150 cm (ancho)\n<p>Ejes: 2 ejes de 750 kg cada uno GARANTIZAN UNA ESTABILIDAD EXCEPCIONAL<\/li>\n<li>Todos los lados de acero galvanizado<\/li>\n<p>.<\/p>\n<li>El panel trasero se puede abrir y desmontar completamente.<br \/>\n \t<30 cm de alto.\n \t<Resistente a la corrosi\u00f3n.\n \t\n\n<li>Superficie de carga muy grande, lo que permite transportar mercanc\u00edas voluminosas con facilidad<\/li>\n<li>estructura resistente a la corrosi\u00f3n<\/li>\n<li>resistencia superior a la media con vigas de soporte adicionales debajo del suelo de carga<\/li>\n<li>Luces de medida, m\u00e1s importantes al retroceder<\/li>\n<li>Guardabarros resistentes a la corrosi\u00f3n y pesados<\/li>\n<li>Luces traseras protegidas contra da\u00f1os<\/li>\n<li>la posibilidad de colocar el remolque en la puerta trasera [para que el remolque ocupe poco espacio]<\/li>\n<li>las ruedas de este modelo est\u00e1n colocadas a los lados de la plataforma de transporte, lo que es una soluci\u00f3n muy pr\u00e1ctica cuando se conduce vac\u00edo<\/li>\n<li>Hacemos todo lo posible para ahorrarte tiempo y guiarte sin problemas a trav\u00e9s del proceso de pedido. Preparamos para ti los documentos necesarios que necesitas para el registro inmediato, es decir, factura, certificado de conformidad CE, libro de garant\u00eda (2 a\u00f1os de garant\u00eda).<\/li>\n<\/ul>\n","protected":false},"featured_media":6683,"comment_status":"open","ping_status":"closed","template":"","meta":[],"product_brand":[],"product_cat":[138],"product_tag":[],"class_list":{"0":"post-6647","1":"product","2":"type-product","3":"status-publish","4":"has-post-thumbnail","6":"product_cat-remorques","8":"first","9":"instock","10":"sale","11":"taxable","12":"shipping-taxable","13":"purchasable","14":"product-type-simple"},"_links":{"self":[{"href":"https:\/\/cabashippinginternational.com\/en\/wp-json\/wp\/v2\/product\/6647","targetHints":{"allow":["GET"]}}],"collection":[{"href":"https:\/\/cabashippinginternational.com\/en\/wp-json\/wp\/v2\/product"}],"about":[{"href":"https:\/\/cabashippinginternational.com\/en\/wp-json\/wp\/v2\/types\/product"}],"replies":[{"embeddable":true,"href":"https:\/\/cabashippinginternational.com\/en\/wp-json\/wp\/v2\/comments?post=6647"}],"wp:featuredmedia":[{"embeddable":true,"href":"https:\/\/cabashippinginternational.com\/en\/wp-json\/wp\/v2\/media\/6683"}],"wp:attachment":[{"href":"https:\/\/cabashippinginternational.com\/en\/wp-json\/wp\/v2\/media?parent=6647"}],"wp:term":[{"taxonomy":"product_brand","embeddable":true,"href":"https:\/\/cabashippinginternational.com\/en\/wp-json\/wp\/v2\/product_brand?post=6647"},{"taxonomy":"product_cat","embeddable":true,"href":"https:\/\/cabashippinginternational.com\/en\/wp-json\/wp\/v2\/product_cat?post=6647"},{"taxonomy":"product_tag","embeddable":true,"href":"https:\/\/cabashippinginternational.com\/en\/wp-json\/wp\/v2\/product_tag?post=6647"}],"curies":[{"name":"wp","href":"https:\/\/api.w.org\/{rel}","templated":true}]}}