{"id":6645,"date":"2026-01-07T15:48:05","date_gmt":"2026-01-07T15:48:05","guid":{"rendered":"https:\/\/elektronica-aanhangers-houten.nl\/?post_type=product&#038;p=6645"},"modified":"2026-02-22T08:27:02","modified_gmt":"2026-02-22T08:27:02","slug":"tracteur-tondeuse-castelgarden-cg-84-avec-bac-de-ramassage-tondeuse-autoportee","status":"publish","type":"product","link":"https:\/\/cabashippinginternational.com\/en\/produit\/tracteur-tondeuse-castelgarden-cg-84-avec-bac-de-ramassage-tondeuse-autoportee\/","title":{"rendered":"Cortac\u00e9sped Castelgarden CG 84 con recogedor &#8211; cortac\u00e9sped"},"content":{"rendered":"<div id=\"tab_description\" class=\"product-tabs-wrapper description\">\n<div id=\"tab_description_content\" class=\"tab-main-body\">\n<div class=\"desc-section\">\n<insertion-body\n\n\n<div class=\"content\">\n<p><strong>CastelGarden CG84 Club Garden cortac\u00e9sped con caja de hierba.<\/strong><\/p>\n<p>Los cortac\u00e9spedes Club Garden de Castelgarden son ideales para trabajar grandes superficies sin demasiados obst\u00e1culos.<\/p>\n<p>Gracias a la amplia <strong>cuchilla de 84 cm<\/strong> con 2 cuchillas, la carga diaria de este a\u00f1o es muy alta, y con la caja de hierba que utiliza es un placer poder dejar la gran caja de hierba donde no quieres. Gracias a los grandes neum\u00e1ticos de aire con un desag\u00fce muy fuerte, puedes maniobrar f\u00e1cilmente en los espacios m\u00e1s peque\u00f1os.<\/p>\n<p>Equipado con un <strong>motor GGP de 11,5 hp<\/strong> con<strong> <span class=\"rosso\">transmisi\u00f3n mec\u00e1nica:<\/span> <\/strong>5 marchas hacia adelante + 1 marcha hacia atr\u00e1s.<\/p>\n<p>El cortac\u00e9sped Castelgarden CG84 es adecuado para todos los usuarios que buscan un producto con altas prestaciones y una buena relaci\u00f3n calidad-precio.<\/p>\n<p>Sistemas de corte<\/p>\n<\/div>\n<\/div>\n<\/div>\n<div class=\"desc-section\">\n<div class=\"insertion-body\">\n<div class=\"content\">\n<p><strong>1- RECOLECCI\u00d3N POR CONTENEDOR:<\/strong><\/p>\n<p>Un contenedor <span id=\"umb537753\" class=\"hovertag\">completamente nuevo con una capacidad de al menos 200 litros<\/span>, con un sistema muy sencillo para vaciar y retirar la bolsa: simplemente levanta la bolsa y ret\u00edrala de la ranura de sujeci\u00f3n utilizando el accesorio proporcionado.<\/p>","protected":false},"excerpt":{"rendered":"","protected":false},"featured_media":6681,"comment_status":"open","ping_status":"closed","template":"","meta":[],"product_brand":[],"product_cat":[137],"product_tag":[],"class_list":{"0":"post-6645","1":"product","2":"type-product","3":"status-publish","4":"has-post-thumbnail","6":"product_cat-tracteurs-tondeuses-autoportees","7":"product_shipping_class-livraison-gratuite","9":"first","10":"instock","11":"sale","12":"taxable","13":"shipping-taxable","14":"purchasable","15":"product-type-simple"},"_links":{"self":[{"href":"https:\/\/cabashippinginternational.com\/en\/wp-json\/wp\/v2\/product\/6645","targetHints":{"allow":["GET"]}}],"collection":[{"href":"https:\/\/cabashippinginternational.com\/en\/wp-json\/wp\/v2\/product"}],"about":[{"href":"https:\/\/cabashippinginternational.com\/en\/wp-json\/wp\/v2\/types\/product"}],"replies":[{"embeddable":true,"href":"https:\/\/cabashippinginternational.com\/en\/wp-json\/wp\/v2\/comments?post=6645"}],"wp:featuredmedia":[{"embeddable":true,"href":"https:\/\/cabashippinginternational.com\/en\/wp-json\/wp\/v2\/media\/6681"}],"wp:attachment":[{"href":"https:\/\/cabashippinginternational.com\/en\/wp-json\/wp\/v2\/media?parent=6645"}],"wp:term":[{"taxonomy":"product_brand","embeddable":true,"href":"https:\/\/cabashippinginternational.com\/en\/wp-json\/wp\/v2\/product_brand?post=6645"},{"taxonomy":"product_cat","embeddable":true,"href":"https:\/\/cabashippinginternational.com\/en\/wp-json\/wp\/v2\/product_cat?post=6645"},{"taxonomy":"product_tag","embeddable":true,"href":"https:\/\/cabashippinginternational.com\/en\/wp-json\/wp\/v2\/product_tag?post=6645"}],"curies":[{"name":"wp","href":"https:\/\/api.w.org\/{rel}","templated":true}]}}