{"id":6644,"date":"2026-01-07T15:48:05","date_gmt":"2026-01-07T15:48:05","guid":{"rendered":"https:\/\/elektronica-aanhangers-houten.nl\/?post_type=product&#038;p=6644"},"modified":"2026-02-22T08:27:10","modified_gmt":"2026-02-22T08:27:10","slug":"tondeuse-autoportee-alpina-at4-98-ha-avec-boite-hydrostatique-et-bac-de-ramassage-240-l","status":"publish","type":"product","link":"https:\/\/cabashippinginternational.com\/en\/produit\/tondeuse-autoportee-alpina-at4-98-ha-avec-boite-hydrostatique-et-bac-de-ramassage-240-l\/","title":{"rendered":"Cortac\u00e9sped Alpina AT4 98 HA con transmisi\u00f3n hidrost\u00e1tica y bolsa de hierba de 240 L."},"content":{"rendered":"<div id=\"tab_description\" class=\"product-tabs-wrapper description\">\n<div id=\"tab_description_content\" class=\"tab-main-body\">\n<div class=\"desc-section\">\n<h4 class=\"insertion-title\">Cortac\u00e9sped Alpina AT4 98 HA<\/h4>\n<div class=\"insertion-header\"><\/div>\n<div class=\"insertion-body\">\n<div class=\"content\">\n<p>Un cortac\u00e9sped de asiento fiable y duradero, adecuado para cortar grandes superficies en poco tiempo. El modelo <strong>AT4 98 HA<\/strong> de Alpina es ideal para usuarios menos experimentados.<\/p>\n<p>Est\u00e1 impulsado por un potente motor Stiga ST450 con una cilindrada de 432 cm\u00b3 y una potencia de <strong>7,2 kW<\/strong>, lo que lo hace adecuado para trabajos de hasta <strong>4.000 m\u00b2<\/strong>.<\/p>\n<p>La m\u00e1quina est\u00e1 equipada con una transmisi\u00f3n hidrost\u00e1tica que se activa mediante un pedal, permitiendo al conductor regular la velocidad hacia adelante sin tener que detenerse para cambiar manualmente.<\/p>\n<p>Equipado con dos sistemas de corte:<\/p>\n<ul>\n<li><strong>Corte<\/strong><\/li>\n<li><strong>Mulching (ofrecido)<\/strong><\/li>\n<\/ul>\n<p>Con el primer sistema, la hierba se recoge en el <strong>recipiente de 240 litros<\/strong>, con el segundo, la hierba se tritura finamente para ser depositada en el suelo.<\/p>\n<p>Gracias a los faros de bajo consumo energ\u00e9tico, puedo trabajar con mucha luz. Gracias al bloqueo de cuchillas electromagn\u00e9tico, puedes detener las cuchillas con solo presionar un bot\u00f3n.<\/p>\n<p>Altura de corte ajustable en <strong>7 posiciones diferentes<\/strong>, de <strong>25 a 80 mm<\/strong>.<\/p>","protected":false},"excerpt":{"rendered":"<p>Cortac\u00e9sped Alpina AT4 98 HA Un cortac\u00e9sped de asiento fiable y duradero, adecuado para cortar [&hellip;]<\/p>\n","protected":false},"featured_media":6680,"comment_status":"open","ping_status":"closed","template":"","meta":[],"product_brand":[],"product_cat":[137],"product_tag":[],"class_list":{"0":"post-6644","1":"product","2":"type-product","3":"status-publish","4":"has-post-thumbnail","6":"product_cat-tracteurs-tondeuses-autoportees","7":"product_shipping_class-livraison-gratuite","9":"first","10":"instock","11":"sale","12":"taxable","13":"shipping-taxable","14":"purchasable","15":"product-type-simple"},"_links":{"self":[{"href":"https:\/\/cabashippinginternational.com\/en\/wp-json\/wp\/v2\/product\/6644","targetHints":{"allow":["GET"]}}],"collection":[{"href":"https:\/\/cabashippinginternational.com\/en\/wp-json\/wp\/v2\/product"}],"about":[{"href":"https:\/\/cabashippinginternational.com\/en\/wp-json\/wp\/v2\/types\/product"}],"replies":[{"embeddable":true,"href":"https:\/\/cabashippinginternational.com\/en\/wp-json\/wp\/v2\/comments?post=6644"}],"wp:featuredmedia":[{"embeddable":true,"href":"https:\/\/cabashippinginternational.com\/en\/wp-json\/wp\/v2\/media\/6680"}],"wp:attachment":[{"href":"https:\/\/cabashippinginternational.com\/en\/wp-json\/wp\/v2\/media?parent=6644"}],"wp:term":[{"taxonomy":"product_brand","embeddable":true,"href":"https:\/\/cabashippinginternational.com\/en\/wp-json\/wp\/v2\/product_brand?post=6644"},{"taxonomy":"product_cat","embeddable":true,"href":"https:\/\/cabashippinginternational.com\/en\/wp-json\/wp\/v2\/product_cat?post=6644"},{"taxonomy":"product_tag","embeddable":true,"href":"https:\/\/cabashippinginternational.com\/en\/wp-json\/wp\/v2\/product_tag?post=6644"}],"curies":[{"name":"wp","href":"https:\/\/api.w.org\/{rel}","templated":true}]}}