{"id":6643,"date":"2026-01-07T15:48:05","date_gmt":"2026-01-07T15:48:05","guid":{"rendered":"https:\/\/elektronica-aanhangers-houten.nl\/?post_type=product&#038;p=6643"},"modified":"2026-02-22T08:27:18","modified_gmt":"2026-02-22T08:27:18","slug":"tracteur-tondeuse-castelgarden-xd-150-hd-avec-ejection-laterale-et-moteur-st-400","status":"publish","type":"product","link":"https:\/\/cabashippinginternational.com\/en\/produit\/tracteur-tondeuse-castelgarden-xd-150-hd-avec-ejection-laterale-et-moteur-st-400\/","title":{"rendered":"Cortac\u00e9sped tractor Castelgarden XD 150 HD con salida lateral y motor ST 400."},"content":{"rendered":"<div id=\"tab_description\" class=\"product-tabs-wrapper description\">\n<div id=\"tab_description_content\" class=\"tab-main-body\">\n<div class=\"desc-section\">\n<insertion-body\n\n\n<div class=\"content\">\n<p>El cortac\u00e9sped tractor CastelGarden XD 150 HD<strong> <\/strong> est\u00e1 dise\u00f1ado para cortar grandes cantidades de hierba, incluso descuidada o incluso salvaje, y luego desviarla lateralmente a trav\u00e9s de un deflector especial que se monta en la plataforma de corte.<\/p>\n<p>Este tipo de tractor es particularmente adecuado para grandes \u00e1reas verdes, donde la vegetaci\u00f3n ha sido descuidada y ha crecido a una altura considerable.<\/p>\n<p>Equipado con un potente motor <strong>ST 400 Powered by Stiga<\/strong>, con una cilindrada de <strong>414 cm3<\/strong>, para un rendimiento que siempre ofrece resultados \u00f3ptimos.<\/p>\n<p>Equipado con transmisi\u00f3n hidrost\u00e1tica, para un paseo pr\u00e1ctico y divertido, donde puedes controlar la velocidad de forma completamente autom\u00e1tica.<\/p>\n<p>Plataforma de corte <strong>98 cm<\/strong> de ancho, con alturas ajustables en <strong>7 posiciones diferentes<\/strong>, que var\u00edan de <strong>25 a 80 mm<\/strong>, dependiendo de las condiciones de la hierba.<\/p>\n<p>Equipamiento moderno y funcional, con volante y asiento ergon\u00f3micos de CastelGarden, y parachoques delantero para protegerlo de baches y obst\u00e1culos.<\/p>\n<p>Una m\u00e1quina ideal para un uso intensivo, casi profesional.<\/p>\n<p>&nbsp;<\/p>\n<\/div>\n<div class=\"gallery orizzontale\">\n<div class=\"gallery-big orizzontale\"><img","protected":false},"excerpt":{"rendered":"","protected":false},"featured_media":6679,"comment_status":"open","ping_status":"closed","template":"","meta":[],"product_brand":[],"product_cat":[137],"product_tag":[],"class_list":{"0":"post-6643","1":"product","2":"type-product","3":"status-publish","4":"has-post-thumbnail","6":"product_cat-tracteurs-tondeuses-autoportees","7":"product_shipping_class-livraison-gratuite","9":"first","10":"instock","11":"sale","12":"taxable","13":"shipping-taxable","14":"purchasable","15":"product-type-simple"},"_links":{"self":[{"href":"https:\/\/cabashippinginternational.com\/en\/wp-json\/wp\/v2\/product\/6643","targetHints":{"allow":["GET"]}}],"collection":[{"href":"https:\/\/cabashippinginternational.com\/en\/wp-json\/wp\/v2\/product"}],"about":[{"href":"https:\/\/cabashippinginternational.com\/en\/wp-json\/wp\/v2\/types\/product"}],"replies":[{"embeddable":true,"href":"https:\/\/cabashippinginternational.com\/en\/wp-json\/wp\/v2\/comments?post=6643"}],"wp:featuredmedia":[{"embeddable":true,"href":"https:\/\/cabashippinginternational.com\/en\/wp-json\/wp\/v2\/media\/6679"}],"wp:attachment":[{"href":"https:\/\/cabashippinginternational.com\/en\/wp-json\/wp\/v2\/media?parent=6643"}],"wp:term":[{"taxonomy":"product_brand","embeddable":true,"href":"https:\/\/cabashippinginternational.com\/en\/wp-json\/wp\/v2\/product_brand?post=6643"},{"taxonomy":"product_cat","embeddable":true,"href":"https:\/\/cabashippinginternational.com\/en\/wp-json\/wp\/v2\/product_cat?post=6643"},{"taxonomy":"product_tag","embeddable":true,"href":"https:\/\/cabashippinginternational.com\/en\/wp-json\/wp\/v2\/product_tag?post=6643"}],"curies":[{"name":"wp","href":"https:\/\/api.w.org\/{rel}","templated":true}]}}