{"id":6642,"date":"2026-01-07T15:48:05","date_gmt":"2026-01-07T15:48:05","guid":{"rendered":"https:\/\/elektronica-aanhangers-houten.nl\/?post_type=product&#038;p=6642"},"modified":"2026-02-22T08:27:25","modified_gmt":"2026-02-22T08:27:25","slug":"tondeuse-rider-autoportee-alpina-at2-66-qa-moteur-224-cm3-ramassage-mulching","status":"publish","type":"product","link":"https:\/\/cabashippinginternational.com\/en\/produit\/tondeuse-rider-autoportee-alpina-at2-66-qa-moteur-224-cm3-ramassage-mulching\/","title":{"rendered":"Cortac\u00e9sped Alpina AT2 66 QA &#8211; Motor de 224 cm3 &#8211; Recogida + Mulching"},"content":{"rendered":"<div id=\"tab_description\" class=\"product-tabs-wrapper description\">\n<div id=\"tab_description_content\" class=\"tab-main-body\">\n<div class=\"desc-section\">\n<h4 class=\"insertion-title\">Cortac\u00e9sped Mini Zitmaaier Alpina BT 66 QA<\/h4>\n<div class=\"insertion-header\"><\/div>\n<div class=\"insertion-body\">\n<div class=\"content\">\n<p><strong>El cortac\u00e9sped autopropulsado Alpina AT2 66 QA<\/strong> es uno de los cortac\u00e9spedes m\u00e1s peque\u00f1os de la marca <strong>Alpina<\/strong> que es extremadamente adecuado para el mantenimiento de superficies medianas con pocos obst\u00e1culos.<\/p>\n<p>Equipado con <strong>bolsa recolectora y KIT de mulching, con una plataforma de corte de 66 cm con una cuchilla,<\/strong> ajustable en 5 posiciones diferentes.<\/p>\n<p><strong>El cortac\u00e9sped Alpina AT2 66 QA<\/strong> tiene controles pr\u00e1cticos y de f\u00e1cil acceso.<\/p>\n<p>La <strong>transmisi\u00f3n<\/strong> es manual con 4 marchas hacia adelante y 1 marcha hacia atr\u00e1s.<\/p>\n<p>El <strong>motor<\/strong> de esta cortadora de tractor mini es un GGP 5750 serie &#8211; 224 cm\u00b3 con arranque el\u00e9ctrico a bater\u00eda.<\/p>\n<p>Una elecci\u00f3n ideal para todos los usuarios que buscan un producto fiable con dimensiones compactas y reducidas.<\/p>\n<p>El <strong>cortac\u00e9sped Alpina AT2 66 QA<\/strong> es <strong>producido en Italia.<\/strong><\/p>\n<ul>\n<li><span id=\"umb352664\" class=\"hovertag\">Kit de mulching<\/span><\/li>\n<\/ul>\n<p>&nbsp;<\/p>\n<\/div>\n<div class=\"gallery orizzontale\">\n<div class=\"gallery-big orizzontale\"><img","protected":false},"excerpt":{"rendered":"<p>Cortac\u00e9sped Mini Zitmaaier Alpina BT 66 QA El cortac\u00e9sped autopropulsado Alpina AT2 66 QA es [&hellip;]<\/p>\n","protected":false},"featured_media":6678,"comment_status":"open","ping_status":"closed","template":"","meta":[],"product_brand":[],"product_cat":[137],"product_tag":[],"class_list":{"0":"post-6642","1":"product","2":"type-product","3":"status-publish","4":"has-post-thumbnail","6":"product_cat-tracteurs-tondeuses-autoportees","7":"product_shipping_class-livraison-gratuite","9":"first","10":"instock","11":"sale","12":"taxable","13":"shipping-taxable","14":"purchasable","15":"product-type-simple"},"_links":{"self":[{"href":"https:\/\/cabashippinginternational.com\/en\/wp-json\/wp\/v2\/product\/6642","targetHints":{"allow":["GET"]}}],"collection":[{"href":"https:\/\/cabashippinginternational.com\/en\/wp-json\/wp\/v2\/product"}],"about":[{"href":"https:\/\/cabashippinginternational.com\/en\/wp-json\/wp\/v2\/types\/product"}],"replies":[{"embeddable":true,"href":"https:\/\/cabashippinginternational.com\/en\/wp-json\/wp\/v2\/comments?post=6642"}],"wp:featuredmedia":[{"embeddable":true,"href":"https:\/\/cabashippinginternational.com\/en\/wp-json\/wp\/v2\/media\/6678"}],"wp:attachment":[{"href":"https:\/\/cabashippinginternational.com\/en\/wp-json\/wp\/v2\/media?parent=6642"}],"wp:term":[{"taxonomy":"product_brand","embeddable":true,"href":"https:\/\/cabashippinginternational.com\/en\/wp-json\/wp\/v2\/product_brand?post=6642"},{"taxonomy":"product_cat","embeddable":true,"href":"https:\/\/cabashippinginternational.com\/en\/wp-json\/wp\/v2\/product_cat?post=6642"},{"taxonomy":"product_tag","embeddable":true,"href":"https:\/\/cabashippinginternational.com\/en\/wp-json\/wp\/v2\/product_tag?post=6642"}],"curies":[{"name":"wp","href":"https:\/\/api.w.org\/{rel}","templated":true}]}}