{"id":6634,"date":"2026-01-07T15:47:44","date_gmt":"2026-01-07T15:47:44","guid":{"rendered":"https:\/\/elektronica-aanhangers-houten.nl\/?post_type=product&#038;p=6634"},"modified":"2026-02-22T08:27:32","modified_gmt":"2026-02-22T08:27:32","slug":"tracteur-tondeuse-mtd-smart-re-130-h-transmission-hydrostatique-bac-de-ramassage","status":"publish","type":"product","link":"https:\/\/cabashippinginternational.com\/en\/produit\/tracteur-tondeuse-mtd-smart-re-130-h-transmission-hydrostatique-bac-de-ramassage\/","title":{"rendered":"Cortac\u00e9sped MTD SMART RE 130 H con transmisi\u00f3n hidrost\u00e1tica &#8211; caja de hierba"},"content":{"rendered":"<div id=\"tab_description\" class=\"product-tabs-wrapper description\">\n<div id=\"tab_description_content\" class=\"tab-main-body\">\n<div class=\"desc-section\">\n<div class=\"insertion-header\">El <strong>MTD Smart RE 130 H<\/strong> cortac\u00e9sped tractor es una excelente opci\u00f3n para cualquiera que busque una herramienta confiable y duradera para el mantenimiento de su jard\u00edn. Se produce en EE. UU. y est\u00e1 equipado con un <strong>motor<\/strong> MTD de 439 cm\u00b3 <strong>ThorX439 EVO 2<\/strong> que garantiza calidad y durabilidad a largo plazo.<\/div>\n<div class=\"insertion-body\">\n<div class=\"content\">\n<p>Gracias al <strong>excelente <strong>radio de giro<\/strong>, esta herramienta tambi\u00e9n puede cortar hierba alrededor de plantas y otros obst\u00e1culos, lo que facilita y hace m\u00e1s eficiente el mantenimiento del jard\u00edn.<\/p>\n<p>La carcasa del cortac\u00e9sped tractor est\u00e1 hecha de acero esmaltado, lo que proporciona una <strong>estructura robusta<\/strong> y duradera.<\/p>\n<p>Adem\u00e1s, el modelo est\u00e1 equipado con una transmisi\u00f3n <strong>hidrost\u00e1tica<\/strong> accionada por pedal, lo que permite que la cortadora se mueva hacia adelante o hacia atr\u00e1s dependiendo de la cantidad de presi\u00f3n ejercida sobre el pedal. Esto asegura que la m\u00e1quina funcione de manera suave y eficiente.<\/p>\n<p>El cortac\u00e9sped tractor est\u00e1 equipado con un <strong>motor de 439 cm\u00b3<\/strong> y <strong>14 CV<\/strong>, un <strong>deck de corte<\/strong> doble de <strong>92 cm<\/strong> con palanca que permite elegir entre <strong>5 diferentes alturas de corte<\/strong>. Adem\u00e1s, el hidrost\u00e1tico&#8230;<\/p>","protected":false},"excerpt":{"rendered":"<p>El MTD Smart RE 130 H cortac\u00e9sped tractor es una excelente opci\u00f3n para cualquiera que [&hellip;]<\/p>\n","protected":false},"featured_media":6677,"comment_status":"open","ping_status":"closed","template":"","meta":[],"product_brand":[],"product_cat":[137],"product_tag":[],"class_list":{"0":"post-6634","1":"product","2":"type-product","3":"status-publish","4":"has-post-thumbnail","6":"product_cat-tracteurs-tondeuses-autoportees","7":"product_shipping_class-livraison-gratuite","9":"first","10":"instock","11":"sale","12":"taxable","13":"shipping-taxable","14":"purchasable","15":"product-type-simple"},"_links":{"self":[{"href":"https:\/\/cabashippinginternational.com\/en\/wp-json\/wp\/v2\/product\/6634","targetHints":{"allow":["GET"]}}],"collection":[{"href":"https:\/\/cabashippinginternational.com\/en\/wp-json\/wp\/v2\/product"}],"about":[{"href":"https:\/\/cabashippinginternational.com\/en\/wp-json\/wp\/v2\/types\/product"}],"replies":[{"embeddable":true,"href":"https:\/\/cabashippinginternational.com\/en\/wp-json\/wp\/v2\/comments?post=6634"}],"wp:featuredmedia":[{"embeddable":true,"href":"https:\/\/cabashippinginternational.com\/en\/wp-json\/wp\/v2\/media\/6677"}],"wp:attachment":[{"href":"https:\/\/cabashippinginternational.com\/en\/wp-json\/wp\/v2\/media?parent=6634"}],"wp:term":[{"taxonomy":"product_brand","embeddable":true,"href":"https:\/\/cabashippinginternational.com\/en\/wp-json\/wp\/v2\/product_brand?post=6634"},{"taxonomy":"product_cat","embeddable":true,"href":"https:\/\/cabashippinginternational.com\/en\/wp-json\/wp\/v2\/product_cat?post=6634"},{"taxonomy":"product_tag","embeddable":true,"href":"https:\/\/cabashippinginternational.com\/en\/wp-json\/wp\/v2\/product_tag?post=6634"}],"curies":[{"name":"wp","href":"https:\/\/api.w.org\/{rel}","templated":true}]}}