{"id":6633,"date":"2026-01-07T15:47:44","date_gmt":"2026-01-07T15:47:44","guid":{"rendered":"https:\/\/elektronica-aanhangers-houten.nl\/?post_type=product&#038;p=6633"},"modified":"2026-02-22T08:27:41","modified_gmt":"2026-02-22T08:27:41","slug":"tondeuse-autoportee-castelgarden-xd-150-avec-ejection-laterale-et-plateau-de-coupe-de-98-cm","status":"publish","type":"product","link":"https:\/\/cabashippinginternational.com\/en\/produit\/tondeuse-autoportee-castelgarden-xd-150-avec-ejection-laterale-et-plateau-de-coupe-de-98-cm\/","title":{"rendered":"Cortac\u00e9sped Castelgarden XD 150 con descarga lateral y deck de corte de 98 cm"},"content":{"rendered":"<div id=\"tab_description\" class=\"product-tabs-wrapper description\">\n<div id=\"tab_description_content\" class=\"tab-main-body\">\n<div class=\"desc-section\">\n<h4 class=\"insertion-title\">Cortac\u00e9sped CastelGarden XD 150<\/h4>\n<div class=\"insertion-header\"><\/div>\n<div class=\"insertion-body\">\n<div class=\"content\">\n<p>El cortac\u00e9sped <strong>CastelGarden XD 150<\/strong> est\u00e1 dise\u00f1ado para cortar una gran cantidad de hierba, incluso muy densa, gracias a su <strong>deck de 98 cm<\/strong> y <strong>salida lateral<\/strong>, que expulsa la hierba cortada al lado del tractor.<\/p>\n<p>De hecho, este tractor viene de serie con un <strong>aspersor externo<\/strong> que permite el sistema de <strong>corte con salida lateral<\/strong>, un m\u00e9todo de corte dise\u00f1ado para grandes campos donde la eliminaci\u00f3n secuencial de hierba no es esencial.<\/p>\n<p>Por otro lado, encontrar\u00e1s en los sistemas de corte opcionales el mulching, que se puede utilizar al instalar la tapa de mulching en el deck. <(Tapa de mulching opcional).\n\nEl deck consta de <strong>dos cuchillas<\/strong> que se pueden activar con solo presionar un bot\u00f3n, y <strong>dos ruedas anti-choque<\/strong> que mejoran el avance del tractor sobre la hierba y al mismo tiempo no da\u00f1an el c\u00e9sped.<\/p>\n<p>La altura de corte es ajustable en 7 posiciones diferentes de 25 a 80 mm.<\/p>\n<p>Equipado con una <strong>transmisi\u00f3n manual de 5 velocidades m\u00e1s marcha atr\u00e1s<\/strong>, ideal para superficies <strong>medianas<\/strong> sin demasiados.<\/p>","protected":false},"excerpt":{"rendered":"<p>Cortac\u00e9sped CastelGarden XD 150 El cortac\u00e9sped CastelGarden XD 150 est\u00e1 dise\u00f1ado para cortar una gran [&hellip;]<\/p>\n","protected":false},"featured_media":6676,"comment_status":"open","ping_status":"closed","template":"","meta":[],"product_brand":[],"product_cat":[137],"product_tag":[],"class_list":{"0":"post-6633","1":"product","2":"type-product","3":"status-publish","4":"has-post-thumbnail","6":"product_cat-tracteurs-tondeuses-autoportees","7":"product_shipping_class-livraison-gratuite","9":"first","10":"instock","11":"sale","12":"taxable","13":"shipping-taxable","14":"purchasable","15":"product-type-simple"},"_links":{"self":[{"href":"https:\/\/cabashippinginternational.com\/en\/wp-json\/wp\/v2\/product\/6633","targetHints":{"allow":["GET"]}}],"collection":[{"href":"https:\/\/cabashippinginternational.com\/en\/wp-json\/wp\/v2\/product"}],"about":[{"href":"https:\/\/cabashippinginternational.com\/en\/wp-json\/wp\/v2\/types\/product"}],"replies":[{"embeddable":true,"href":"https:\/\/cabashippinginternational.com\/en\/wp-json\/wp\/v2\/comments?post=6633"}],"wp:featuredmedia":[{"embeddable":true,"href":"https:\/\/cabashippinginternational.com\/en\/wp-json\/wp\/v2\/media\/6676"}],"wp:attachment":[{"href":"https:\/\/cabashippinginternational.com\/en\/wp-json\/wp\/v2\/media?parent=6633"}],"wp:term":[{"taxonomy":"product_brand","embeddable":true,"href":"https:\/\/cabashippinginternational.com\/en\/wp-json\/wp\/v2\/product_brand?post=6633"},{"taxonomy":"product_cat","embeddable":true,"href":"https:\/\/cabashippinginternational.com\/en\/wp-json\/wp\/v2\/product_cat?post=6633"},{"taxonomy":"product_tag","embeddable":true,"href":"https:\/\/cabashippinginternational.com\/en\/wp-json\/wp\/v2\/product_tag?post=6633"}],"curies":[{"name":"wp","href":"https:\/\/api.w.org\/{rel}","templated":true}]}}