{"id":6632,"date":"2026-01-07T15:47:44","date_gmt":"2026-01-07T15:47:44","guid":{"rendered":"https:\/\/elektronica-aanhangers-houten.nl\/?post_type=product&#038;p=6632"},"modified":"2026-02-22T08:27:48","modified_gmt":"2026-02-22T08:27:48","slug":"tracteur-rider-tondeuse-geotech-pro-gt-mr-76-mini-rider-moteur-de-432cm3-avec-demarrage-electrique","status":"publish","type":"product","link":"https:\/\/cabashippinginternational.com\/en\/produit\/tracteur-rider-tondeuse-geotech-pro-gt-mr-76-mini-rider-moteur-de-432cm3-avec-demarrage-electrique\/","title":{"rendered":"Cortac\u00e9sped GeoTech-Pro GT-MR 76 minitractor &#8211; motor de 432cc con arranque el\u00e9ctrico"},"content":{"rendered":"<div id=\"tab_description\" class=\"product-tabs-wrapper description\">\n<div id=\"tab_description_content\" class=\"tab-main-body\">\n<div class=\"desc-section\">\n<h4 class=\"insertion-title\">GeoTech GT-MR 76 Mini Rider<\/h4>\n<div class=\"insertion-header\"><\/div>\n<div class=\"insertion-body\">\n<div class=\"content\">\n<p>El <strong>tractor mini-rider GeoTech-Pro GT-MR 76<\/strong> es una excelente herramienta para cortar c\u00e9sped.<\/p>\n<p>La cortadora de c\u00e9sped tiene una <strong>transmisi\u00f3n mec\u00e1nica<\/strong> que permite regular la velocidad hacia adelante y las revoluciones del motor a trav\u00e9s de una palanca.<\/p>\n<p>Es una m\u00e1quina potente, robusta, estable y c\u00f3moda; la <strong>cortadora de jard\u00edn<\/strong> es perfecta para el corte profesional de c\u00e9sped en todas las condiciones de uso posibles: tanto para grandes c\u00e9spedes y jardines, como para grandes zonas verdes y parques que necesitan mantenimiento, y en cualquier lugar donde se deba cortar c\u00e9sped, alrededor de \u00e1rboles y entradas, con poco esfuerzo y m\u00e1ximo confort.<\/p>\n<p>Transmisi\u00f3n con 5 velocidades, avance, neutro y reversa.<\/p>\n<p>Modalidad de corte <strong>3 en 1<\/strong> <strong>recogedor<\/strong>, <strong>salida lateral y mulching.<\/strong><\/p>\n<p><strong>Cortadora de c\u00e9sped equipada con bater\u00eda de plomo <em>12V para arranque el\u00e9ctrico<\/em> (Bater\u00eda incluida en el paquete)<\/strong><\/p>\n<p>El deck de corte es robusto y cubre una superficie de aproximadamente <strong>76 cm<\/strong>.<\/p>\n<p>Ajuste de altura de corte <strong>central<\/strong> en <strong>6<\/strong> posiciones: de un m\u00ednimo de <strong>20<\/strong> hasta max<\/p>","protected":false},"excerpt":{"rendered":"<p>GeoTech GT-MR 76 Mini Rider El tractor mini-rider GeoTech-Pro GT-MR 76 es una excelente herramienta [&hellip;]<\/p>\n","protected":false},"featured_media":6675,"comment_status":"open","ping_status":"closed","template":"","meta":[],"product_brand":[],"product_cat":[137],"product_tag":[],"class_list":{"0":"post-6632","1":"product","2":"type-product","3":"status-publish","4":"has-post-thumbnail","6":"product_cat-tracteurs-tondeuses-autoportees","7":"product_shipping_class-livraison-gratuite","9":"first","10":"instock","11":"sale","12":"taxable","13":"shipping-taxable","14":"purchasable","15":"product-type-simple"},"_links":{"self":[{"href":"https:\/\/cabashippinginternational.com\/en\/wp-json\/wp\/v2\/product\/6632","targetHints":{"allow":["GET"]}}],"collection":[{"href":"https:\/\/cabashippinginternational.com\/en\/wp-json\/wp\/v2\/product"}],"about":[{"href":"https:\/\/cabashippinginternational.com\/en\/wp-json\/wp\/v2\/types\/product"}],"replies":[{"embeddable":true,"href":"https:\/\/cabashippinginternational.com\/en\/wp-json\/wp\/v2\/comments?post=6632"}],"wp:featuredmedia":[{"embeddable":true,"href":"https:\/\/cabashippinginternational.com\/en\/wp-json\/wp\/v2\/media\/6675"}],"wp:attachment":[{"href":"https:\/\/cabashippinginternational.com\/en\/wp-json\/wp\/v2\/media?parent=6632"}],"wp:term":[{"taxonomy":"product_brand","embeddable":true,"href":"https:\/\/cabashippinginternational.com\/en\/wp-json\/wp\/v2\/product_brand?post=6632"},{"taxonomy":"product_cat","embeddable":true,"href":"https:\/\/cabashippinginternational.com\/en\/wp-json\/wp\/v2\/product_cat?post=6632"},{"taxonomy":"product_tag","embeddable":true,"href":"https:\/\/cabashippinginternational.com\/en\/wp-json\/wp\/v2\/product_tag?post=6632"}],"curies":[{"name":"wp","href":"https:\/\/api.w.org\/{rel}","templated":true}]}}