{"id":6629,"date":"2026-01-07T15:47:43","date_gmt":"2026-01-07T15:47:43","guid":{"rendered":"https:\/\/elektronica-aanhangers-houten.nl\/?post_type=product&#038;p=6629"},"modified":"2026-02-22T08:28:12","modified_gmt":"2026-02-22T08:28:12","slug":"bullmach-ermes-105-s-broyeur-sur-tracteur-serie-legere-a-deport-manuel","status":"publish","type":"product","link":"https:\/\/cabashippinginternational.com\/en\/produit\/bullmach-ermes-105-s-broyeur-sur-tracteur-serie-legere-a-deport-manuel\/","title":{"rendered":"BullMach ERMES 105 S &#8211; Trituradora montada en tractor &#8211; Serie ligera &#8211; Desplazamiento manual"},"content":{"rendered":"<div id=\"tab_description\" class=\"product-tabs-wrapper description\">\n<div id=\"tab_description_content\" class=\"tab-main-body\">\n<div class=\"desc-section\">\n<insertion-body\n\n\n<div class=\"content\">\n<p><strong>La trituradora horizontal de la serie BullMach ERMES S, montada en un tractor, tiene una estructura ligera y el\u00e1stica que es adecuada para triturar brotes ligeros de vides, hierbas y peque\u00f1os arbustos.<\/strong><\/p>\n<p>Serie de trituradoras ligera, adecuada para trabajos b\u00e1sicos, no demasiado intensivos.<\/p>\n<p>Equipado con desplazamiento manual, 3 correas de transmisi\u00f3n y un rodillo trasero.<\/p>\n<p><strong>DATOS T\u00c9CNICOS (resumen):<\/strong><\/p>\n<ul>\n<li>Anchura de trabajo efectiva: 105cm<\/li>\n<li>Anchura o envergadura efectiva: 123cm<\/li>\n<li>Peso: 170kg<\/li>\n<li>Suspensi\u00f3n de tres puntos<\/li>\n<li>Transmisi\u00f3n de 3 correas<\/li>\n<\/ul>\n<p><strong>EQUIPAMIENTO EST\u00c1NDAR (resumen):<\/strong><\/p>\n<ul>\n<li>control de martillo<\/li>\n<li>rodillo estabilizador trasero<\/li>\n<li>pi\u00f1\u00f3n como<\/li>\n<\/ul>\n<hr \/>\n<p><strong>Atenci\u00f3n: la m\u00e1quina se env\u00eda lista para usar, as\u00ed como el nivel de aceite. <\/strong>La m\u00e1quina se entrega montada, sin embargo, es necesario verificar el apriete de los tornillos.<br \/>\nLea cuidadosamente el manual de usuario antes del primer uso.<\/p>\n<p><em>M\u00e1quina para trabajos muy ligeros, solo en hierba o en presencia de peque\u00f1as ramas (di\u00e1metro m\u00e1ximo 2 cm). Se recomienda utilizar esta m\u00e1quina con un tractor de baja potencia (como se indica<\/p>","protected":false},"excerpt":{"rendered":"","protected":false},"featured_media":6672,"comment_status":"open","ping_status":"closed","template":"","meta":[],"product_brand":[],"product_cat":[135],"product_tag":[],"class_list":{"0":"post-6629","1":"product","2":"type-product","3":"status-publish","4":"has-post-thumbnail","6":"product_cat-broyeurs-a-axe-horizontal-pour-tracteur","7":"product_shipping_class-livraison-gratuite","9":"first","10":"instock","11":"sale","12":"taxable","13":"shipping-taxable","14":"purchasable","15":"product-type-simple"},"_links":{"self":[{"href":"https:\/\/cabashippinginternational.com\/en\/wp-json\/wp\/v2\/product\/6629","targetHints":{"allow":["GET"]}}],"collection":[{"href":"https:\/\/cabashippinginternational.com\/en\/wp-json\/wp\/v2\/product"}],"about":[{"href":"https:\/\/cabashippinginternational.com\/en\/wp-json\/wp\/v2\/types\/product"}],"replies":[{"embeddable":true,"href":"https:\/\/cabashippinginternational.com\/en\/wp-json\/wp\/v2\/comments?post=6629"}],"wp:featuredmedia":[{"embeddable":true,"href":"https:\/\/cabashippinginternational.com\/en\/wp-json\/wp\/v2\/media\/6672"}],"wp:attachment":[{"href":"https:\/\/cabashippinginternational.com\/en\/wp-json\/wp\/v2\/media?parent=6629"}],"wp:term":[{"taxonomy":"product_brand","embeddable":true,"href":"https:\/\/cabashippinginternational.com\/en\/wp-json\/wp\/v2\/product_brand?post=6629"},{"taxonomy":"product_cat","embeddable":true,"href":"https:\/\/cabashippinginternational.com\/en\/wp-json\/wp\/v2\/product_cat?post=6629"},{"taxonomy":"product_tag","embeddable":true,"href":"https:\/\/cabashippinginternational.com\/en\/wp-json\/wp\/v2\/product_tag?post=6629"}],"curies":[{"name":"wp","href":"https:\/\/api.w.org\/{rel}","templated":true}]}}