{"id":6628,"date":"2026-01-07T15:47:43","date_gmt":"2026-01-07T15:47:43","guid":{"rendered":"https:\/\/elektronica-aanhangers-houten.nl\/?post_type=product&#038;p=6628"},"modified":"2026-02-22T08:28:20","modified_gmt":"2026-02-22T08:28:20","slug":"greenbay-fml-125-broyeur-pour-tracteur-serie-legere","status":"publish","type":"product","link":"https:\/\/cabashippinginternational.com\/en\/produit\/greenbay-fml-125-broyeur-pour-tracteur-serie-legere\/","title":{"rendered":"Greenbay FML 125 &#8211; Trituradora para tractores &#8211; Serie ligera"},"content":{"rendered":"<div id=\"tab_description\" class=\"product-tabs-wrapper description\">\n<div id=\"tab_description_content\" class=\"tab-main-body\">\n<div class=\"desc-section\">\n<insertion-body\n\n\n<div class=\"content\">\n<p><strong>El triturador de arrastre con eje horizontal de la serie FML 125 tiene una estructura ligera y el\u00e1stica que se utiliza para triturar vides ligeras, hierba y arbustos.<\/strong><\/p>\n<p><strong>Esta es una m\u00e1quina agr\u00edcola que utiliza una estructura ligera para garantizar una mayor maniobrabilidad y facilidad de transporte. Este tipo de triturador es ideal para propietarios de peque\u00f1as propiedades o jardines, donde es necesario tener una m\u00e1quina que sea f\u00e1cil de mover y manejar.<\/strong><\/p>\n<p>Triturador ligero dise\u00f1ado para uso dom\u00e9stico.<\/p>\n<p>Equipado con desplazamiento manual, 2 correas de transmisi\u00f3n y un rodillo trasero.<\/p>\n<p><strong>El cap\u00f3 del motor de la estructura consta de 5 lados<\/strong>, esta caracter\u00edstica garantiza solidez y durabilidad.<\/p>\n<p><strong>DATOS T\u00c9CNICOS (en resumen):<\/strong><\/p>\n<ul>\n<li>Ancho de trabajo actual: 123 cm<\/li>\n<li>Ancho total (con soportes laterales): 135 cm<\/li>\n<li>Peso: 165 kg<\/li>\n<li>Elevador de 3 puntos<\/li>\n<li>Transmisi\u00f3n con 2 correas<\/li>\n<li>Medida de distancia central: 59 cm<\/li>\n<\/ul>\n<p><strong>EQUIPAMIENTO EST\u00c1NDAR (en resumen):<\/strong><\/p>\n<ul>\n<li>desplazamiento lateral manual (11 cm)<\/li>\n<li>operado por martillo<\/li>\n<li>rodillo de soporte trasero<\/li>\n<li>tarjetas<\/li>\n<\/ul>\n<hr \/>\n<p><strong>Precauci\u00f3n: el<\/p>","protected":false},"excerpt":{"rendered":"","protected":false},"featured_media":6671,"comment_status":"open","ping_status":"closed","template":"","meta":[],"product_brand":[],"product_cat":[135],"product_tag":[],"class_list":{"0":"post-6628","1":"product","2":"type-product","3":"status-publish","4":"has-post-thumbnail","6":"product_cat-broyeurs-a-axe-horizontal-pour-tracteur","7":"product_shipping_class-livraison-gratuite","9":"first","10":"instock","11":"sale","12":"taxable","13":"shipping-taxable","14":"purchasable","15":"product-type-simple"},"_links":{"self":[{"href":"https:\/\/cabashippinginternational.com\/en\/wp-json\/wp\/v2\/product\/6628","targetHints":{"allow":["GET"]}}],"collection":[{"href":"https:\/\/cabashippinginternational.com\/en\/wp-json\/wp\/v2\/product"}],"about":[{"href":"https:\/\/cabashippinginternational.com\/en\/wp-json\/wp\/v2\/types\/product"}],"replies":[{"embeddable":true,"href":"https:\/\/cabashippinginternational.com\/en\/wp-json\/wp\/v2\/comments?post=6628"}],"wp:featuredmedia":[{"embeddable":true,"href":"https:\/\/cabashippinginternational.com\/en\/wp-json\/wp\/v2\/media\/6671"}],"wp:attachment":[{"href":"https:\/\/cabashippinginternational.com\/en\/wp-json\/wp\/v2\/media?parent=6628"}],"wp:term":[{"taxonomy":"product_brand","embeddable":true,"href":"https:\/\/cabashippinginternational.com\/en\/wp-json\/wp\/v2\/product_brand?post=6628"},{"taxonomy":"product_cat","embeddable":true,"href":"https:\/\/cabashippinginternational.com\/en\/wp-json\/wp\/v2\/product_cat?post=6628"},{"taxonomy":"product_tag","embeddable":true,"href":"https:\/\/cabashippinginternational.com\/en\/wp-json\/wp\/v2\/product_tag?post=6628"}],"curies":[{"name":"wp","href":"https:\/\/api.w.org\/{rel}","templated":true}]}}