{"id":6627,"date":"2026-01-07T15:47:43","date_gmt":"2026-01-07T15:47:43","guid":{"rendered":"https:\/\/elektronica-aanhangers-houten.nl\/?post_type=product&#038;p=6627"},"modified":"2026-02-22T08:28:28","modified_gmt":"2026-02-22T08:28:28","slug":"geotech-pro-tlp-120-plateau-de-coupe-pour-tracteur-3-rotors-a-1-lame","status":"publish","type":"product","link":"https:\/\/cabashippinginternational.com\/en\/produit\/geotech-pro-tlp-120-plateau-de-coupe-pour-tracteur-3-rotors-a-1-lame\/","title":{"rendered":"Geotech Pro TLP 120 &#8211; Mecanismo de corte para tractores &#8211; 3 rotores con 1 cuchilla"},"content":{"rendered":"<div id=\"tab_description\" class=\"product-tabs-wrapper description\">\n<div id=\"tab_description_content\" class=\"tab-main-body\">\n<div class=\"desc-section\">\n<insertion-body\n\n\n<div class=\"content\">\n<p>La <strong>desmalezadora TLP 120<\/strong> es una m\u00e1quina dise\u00f1ada para el mantenimiento de zonas verdes, campos de f\u00fatbol, campos de golf y parques p\u00fablicos. Tiene una estructura ligera y el\u00e1stica gracias a la alta velocidad de los rotores, lo que garantiza un corte de c\u00e9sped preciso y ordenado.<\/p>\n<p>Tiene un <strong>rango de corte de 120 cm<\/strong> que se puede ajustar en altura gracias a las ruedas en <strong>diferentes posiciones<\/strong> que var\u00edan de <strong>30 a 70 mm<\/strong>.<\/p>\n<p>Modo de descarga trasera, con carcasa protectora integrada.<\/p>\n<p>Apropiada para tractores de 12-25 hp.<\/p>\n<p>Equipado con <strong>3 rotores con<\/strong> <strong>1 cuchilla cada uno<\/strong>; asegura durabilidad y alto rendimiento.<\/p>\n<p><strong>DATOS T\u00c9CNICOS (resumen):<\/strong><\/p>\n<ul>\n<li>Anchura de trabajo efectiva: 120 cm<\/li>\n<li>Anchura total: 125 cm<\/li>\n<li>Peso: 145 kg<\/li>\n<li>Apropiada para tractores: de 12 a 25 hp<\/li>\n<li>Elevador de 3 puntos<\/li>\n<li>Transmisi\u00f3n por correa con caja de engranajes de hierro fundido<\/li>\n<li>Descarga posterior<\/li>\n<li>Ruedas pivotantes ajustables en altura<\/li>\n<\/ul>\n<p><strong>No funcionar\u00e1 en direcci\u00f3n de giro izquierda<\/strong>.<\/p>\n<hr \/>\n<p>&nbsp;<\/p>\n<\/div>\n<div class=\"gallery orizzontale\">\n<div class=\"gallery-big orizzontale\"><img id=\"zoom0\"\n<\/p>","protected":false},"excerpt":{"rendered":"","protected":false},"featured_media":6670,"comment_status":"open","ping_status":"closed","template":"","meta":[],"product_brand":[],"product_cat":[135],"product_tag":[],"class_list":{"0":"post-6627","1":"product","2":"type-product","3":"status-publish","4":"has-post-thumbnail","6":"product_cat-broyeurs-a-axe-horizontal-pour-tracteur","7":"product_shipping_class-livraison-gratuite","9":"first","10":"instock","11":"sale","12":"taxable","13":"shipping-taxable","14":"purchasable","15":"product-type-simple"},"_links":{"self":[{"href":"https:\/\/cabashippinginternational.com\/en\/wp-json\/wp\/v2\/product\/6627","targetHints":{"allow":["GET"]}}],"collection":[{"href":"https:\/\/cabashippinginternational.com\/en\/wp-json\/wp\/v2\/product"}],"about":[{"href":"https:\/\/cabashippinginternational.com\/en\/wp-json\/wp\/v2\/types\/product"}],"replies":[{"embeddable":true,"href":"https:\/\/cabashippinginternational.com\/en\/wp-json\/wp\/v2\/comments?post=6627"}],"wp:featuredmedia":[{"embeddable":true,"href":"https:\/\/cabashippinginternational.com\/en\/wp-json\/wp\/v2\/media\/6670"}],"wp:attachment":[{"href":"https:\/\/cabashippinginternational.com\/en\/wp-json\/wp\/v2\/media?parent=6627"}],"wp:term":[{"taxonomy":"product_brand","embeddable":true,"href":"https:\/\/cabashippinginternational.com\/en\/wp-json\/wp\/v2\/product_brand?post=6627"},{"taxonomy":"product_cat","embeddable":true,"href":"https:\/\/cabashippinginternational.com\/en\/wp-json\/wp\/v2\/product_cat?post=6627"},{"taxonomy":"product_tag","embeddable":true,"href":"https:\/\/cabashippinginternational.com\/en\/wp-json\/wp\/v2\/product_tag?post=6627"}],"curies":[{"name":"wp","href":"https:\/\/api.w.org\/{rel}","templated":true}]}}