{"id":6626,"date":"2026-01-07T15:47:43","date_gmt":"2026-01-07T15:47:43","guid":{"rendered":"https:\/\/elektronica-aanhangers-houten.nl\/?post_type=product&#038;p=6626"},"modified":"2026-02-22T08:28:35","modified_gmt":"2026-02-22T08:28:35","slug":"geotech-pro-tlp-180-plateau-de-coupe-pour-tracteur-3-rotors-a-1-lame","status":"publish","type":"product","link":"https:\/\/cabashippinginternational.com\/en\/produit\/geotech-pro-tlp-180-plateau-de-coupe-pour-tracteur-3-rotors-a-1-lame\/","title":{"rendered":"GeoTech-Pro TLP 180 &#8211; Mecanismo de corte para tractores &#8211; 3 rotores con 1 cuchilla"},"content":{"rendered":"<div id=\"tab_description\" class=\"product-tabs-wrapper description\">\n<div id=\"tab_description_content\" class=\"tab-main-body\">\n<div class=\"desc-section\">\n<insertion-body\n\n\n<div class=\"content\">\n<p>La <strong>desmalezadora TLP 180<\/strong> es una m\u00e1quina dise\u00f1ada para el mantenimiento de zonas verdes, campos de f\u00fatbol, campos de golf y parques p\u00fablicos. Tiene una estructura ligera y el\u00e1stica gracias a la alta velocidad de sus rotores, lo que garantiza un corte de c\u00e9sped preciso y limpio.<\/p>\n<p>Cuenta con un <strong>rango de corte de 180 cm<\/strong> que se puede ajustar en altura gracias a las ruedas en <strong>diferentes posiciones<\/strong> que var\u00edan de <strong>30 a 70 mm<\/strong>.<\/p>\n<p>Modo de expulsi\u00f3n trasera con carcasa protectora integrada.<\/p>\n<p>Apropiada para tractores de 15-70 hp.<\/p>\n<p>Dispone de <strong>3 rotores<\/strong> con <strong>1 cuchilla<\/strong> cada uno para una durabilidad en el tiempo siempre con un rendimiento muy alto.<\/p>\n<p><strong>DATOS T\u00c9CNICOS (resumen):<\/strong><\/p>\n<ul>\n<li>Ancho de trabajo efectivo: 180 cm<\/li>\n<li>Ancho total: 190 cm<\/li>\n<li>Peso: 188 kg<\/li>\n<li>Apropiada para tractores: de 15 a 70 hp<\/li>\n<li>Elevador de 3 puntos<\/li>\n<li>Transmisi\u00f3n por correa con caja de engranajes de hierro fundido<\/li>\n<li>Expulsi\u00f3n trasera<\/li>\n<li>Ruedas pivotantes ajustables en altura<\/li>\n<\/ul>\n<p><strong>No funciona en direcci\u00f3n de giro izquierda<\/strong>.<\/p>\n<hr \/>\n<p>&nbsp;<\/p>\n<\/div>\n<div class=\"gallery orizzontale\">\n<div class=\"gallery-big orizzontale\"><im\n<\/p>","protected":false},"excerpt":{"rendered":"","protected":false},"featured_media":6669,"comment_status":"open","ping_status":"closed","template":"","meta":[],"product_brand":[],"product_cat":[135],"product_tag":[],"class_list":{"0":"post-6626","1":"product","2":"type-product","3":"status-publish","4":"has-post-thumbnail","6":"product_cat-broyeurs-a-axe-horizontal-pour-tracteur","7":"product_shipping_class-livraison-gratuite","9":"first","10":"instock","11":"sale","12":"taxable","13":"shipping-taxable","14":"purchasable","15":"product-type-simple"},"_links":{"self":[{"href":"https:\/\/cabashippinginternational.com\/en\/wp-json\/wp\/v2\/product\/6626","targetHints":{"allow":["GET"]}}],"collection":[{"href":"https:\/\/cabashippinginternational.com\/en\/wp-json\/wp\/v2\/product"}],"about":[{"href":"https:\/\/cabashippinginternational.com\/en\/wp-json\/wp\/v2\/types\/product"}],"replies":[{"embeddable":true,"href":"https:\/\/cabashippinginternational.com\/en\/wp-json\/wp\/v2\/comments?post=6626"}],"wp:featuredmedia":[{"embeddable":true,"href":"https:\/\/cabashippinginternational.com\/en\/wp-json\/wp\/v2\/media\/6669"}],"wp:attachment":[{"href":"https:\/\/cabashippinginternational.com\/en\/wp-json\/wp\/v2\/media?parent=6626"}],"wp:term":[{"taxonomy":"product_brand","embeddable":true,"href":"https:\/\/cabashippinginternational.com\/en\/wp-json\/wp\/v2\/product_brand?post=6626"},{"taxonomy":"product_cat","embeddable":true,"href":"https:\/\/cabashippinginternational.com\/en\/wp-json\/wp\/v2\/product_cat?post=6626"},{"taxonomy":"product_tag","embeddable":true,"href":"https:\/\/cabashippinginternational.com\/en\/wp-json\/wp\/v2\/product_tag?post=6626"}],"curies":[{"name":"wp","href":"https:\/\/api.w.org\/{rel}","templated":true}]}}