{"id":6616,"date":"2026-01-07T15:47:19","date_gmt":"2026-01-07T15:47:19","guid":{"rendered":"https:\/\/elektronica-aanhangers-houten.nl\/?post_type=product&#038;p=6616"},"modified":"2026-02-22T08:28:43","modified_gmt":"2026-02-22T08:28:43","slug":"geotech-pro-lfm125-broyeur-sur-tracteur-serie-legere","status":"publish","type":"product","link":"https:\/\/cabashippinginternational.com\/en\/produit\/geotech-pro-lfm125-broyeur-sur-tracteur-serie-legere\/","title":{"rendered":"GeoTech Pro LFM125 &#8211; Trituradora montada en tractor &#8211; Serie ligera"},"content":{"rendered":"<div class=\"desc-section\">\n<vanaf \"tussenvoegsel-lichaam\" sectie\n\n\n<div class=\"content\">\n<p><strong>La serie LFM horizontal como trituradora para un tractor tiene una estructura ligera que es adecuada para triturar vides ligeras, hierba y peque\u00f1os arbustos.<\/strong><\/p>\n<p>Serie de trituradora ligera dise\u00f1ada para uso dom\u00e9stico.<\/p>\n<p>Equipado con desplazamiento manual, 3 correas de transmisi\u00f3n y un rodillo trasero.<\/p>\n<p><TECHNISCHE GEGEVENS:<\/strong><\/p>\n<ul>\n<li>Anchura de trabajo actual: 123 cm<\/li>\n<li>Anchura total (con soportes laterales): 136 cm<\/li>\n<li>Peso: 160 kg<\/li>\n<li>Elevador de 3 puntos<\/li>\n<li>Transmisi\u00f3n por 3 correas<\/li>\n<\/ul>\n<p><strong>EQUIPAMIENTO EST\u00c1NDAR:<\/strong><\/p>\n<ul>\n<li>desplazamiento lateral manual (11 cm)<\/li>\n<li>operado por martillo<\/li>\n<li>rodillo estabilizador trasero<\/li>\n<li>eje de tarjeta<\/li>\n<\/ul>\n<hr \/>\n<p>&nbsp;<\/p>\n<p><strong>Precauci\u00f3n: la m\u00e1quina se entrega lista para usar<\/strong>. Monta todas las piezas y verifica que los tornillos est\u00e9n bien apretados.<br \/>\nLee cuidadosamente el manual de instrucciones antes de poner en marcha.<\/p>\n<p><em>M\u00e1quina especialmente para trabajos muy ligeros, solo en un trozo de hierba o como m\u00e1ximo para peque\u00f1as ramas (di\u00e1metro m\u00e1ximo 2 cm). Est\u00e1 dise\u00f1ada para su uso con tractores con un engranaje de tornillo (como se indica en las especificaciones t\u00e9cnicas) y con un terreno bien cuidado y libre de piedras. Si se utiliza en terreno con piedras, el impacto de las diferentes herramientas de corte sobre una superficie de terreno irregular o contra piedras puede&#8230;<\/em><\/p>","protected":false},"excerpt":{"rendered":"","protected":false},"featured_media":6668,"comment_status":"open","ping_status":"closed","template":"","meta":[],"product_brand":[],"product_cat":[135],"product_tag":[],"class_list":{"0":"post-6616","1":"product","2":"type-product","3":"status-publish","4":"has-post-thumbnail","6":"product_cat-broyeurs-a-axe-horizontal-pour-tracteur","7":"product_shipping_class-livraison-gratuite","9":"first","10":"instock","11":"sale","12":"taxable","13":"shipping-taxable","14":"purchasable","15":"product-type-simple"},"_links":{"self":[{"href":"https:\/\/cabashippinginternational.com\/en\/wp-json\/wp\/v2\/product\/6616","targetHints":{"allow":["GET"]}}],"collection":[{"href":"https:\/\/cabashippinginternational.com\/en\/wp-json\/wp\/v2\/product"}],"about":[{"href":"https:\/\/cabashippinginternational.com\/en\/wp-json\/wp\/v2\/types\/product"}],"replies":[{"embeddable":true,"href":"https:\/\/cabashippinginternational.com\/en\/wp-json\/wp\/v2\/comments?post=6616"}],"wp:featuredmedia":[{"embeddable":true,"href":"https:\/\/cabashippinginternational.com\/en\/wp-json\/wp\/v2\/media\/6668"}],"wp:attachment":[{"href":"https:\/\/cabashippinginternational.com\/en\/wp-json\/wp\/v2\/media?parent=6616"}],"wp:term":[{"taxonomy":"product_brand","embeddable":true,"href":"https:\/\/cabashippinginternational.com\/en\/wp-json\/wp\/v2\/product_brand?post=6616"},{"taxonomy":"product_cat","embeddable":true,"href":"https:\/\/cabashippinginternational.com\/en\/wp-json\/wp\/v2\/product_cat?post=6616"},{"taxonomy":"product_tag","embeddable":true,"href":"https:\/\/cabashippinginternational.com\/en\/wp-json\/wp\/v2\/product_tag?post=6616"}],"curies":[{"name":"wp","href":"https:\/\/api.w.org\/{rel}","templated":true}]}}