{"id":6614,"date":"2026-01-07T15:47:18","date_gmt":"2026-01-07T15:47:18","guid":{"rendered":"https:\/\/elektronica-aanhangers-houten.nl\/?post_type=product&#038;p=6614"},"modified":"2026-02-22T08:29:00","modified_gmt":"2026-02-22T08:29:00","slug":"geotech-pro-kfm-170m-broyeur-sur-tracteur-serie-medium-legere-deport-manuel","status":"publish","type":"product","link":"https:\/\/cabashippinginternational.com\/en\/produit\/geotech-pro-kfm-170m-broyeur-sur-tracteur-serie-medium-legere-deport-manuel\/","title":{"rendered":"GeoTech Pro KFM 170M &#8211; Trituradora montada en tractor &#8211; Serie media &#8211; Desplazamiento manual"},"content":{"rendered":"<div class=\"desc-section\">\n<vanaf \"tussenvoegsel-lichaam\" sectie\n\n\n<div class=\"content\">\n<p><strong>El triturador de tractor con eje horizontal de la serie KFM tiene una estructura media que es adecuada para triturar brotes de vid ligeros, hierba y arbustos peque\u00f1os.<\/strong><\/p>\n<p>Triturador de la serie mediana, dise\u00f1ado para uso dom\u00e9stico.<\/p>\n<p>Equipado con desplazamiento manual, 3 correas de transmisi\u00f3n y un rodillo trasero.<\/p>\n<p><DATOS T\u00c9CNICOS:<\/strong><\/p>\n<ul>\n<li>Anchura de trabajo actual: 170 cm<\/li>\n<li>Anchura total (con soportes laterales): 187 cm<\/li>\n<li>Peso: 251 kg<\/li>\n<li>Desplazamiento lateral manual a 4 posiciones<\/li>\n<li>Elevador de 3 puntos<\/li>\n<li>Transmisi\u00f3n de 3 correas<\/li>\n<\/ul>\n<p><strong>EQUIPAMIENTO EST\u00c1NDAR:<\/strong><\/p>\n<ul>\n<li>operado por martillo)<\/li>\n<li>rodillo estabilizador trasero<\/li>\n<li>patines ajustables<\/li>\n<li>card\u00e1n<\/li>\n<\/ul>\n<hr \/>\n<p><img decoding=\"async\" title=\"atenci\u00f3n\" src=\"https:\/\/i272.photobucket.com\/albums\/jj192\/filipposettimi\/attenzione-fra.jpg\" alt=\"\" \/><\/p>\n<p>Advertencia: la m\u00e1quina se entrega lista para usar. Una vez que todas las piezas est\u00e9n montadas, verifique que los tornillos est\u00e9n bien apretados. Lea el manual del usuario con atenci\u00f3n.<\/p>\n<\/div>\n<\/div>\n<div class=\"tussenvoegsel-voeg\"><\/div>\n<\/div>\n<div class=\"tab-spacer\"><\/div>\n<div class=\"tab-spacer\"><\/div>\n<div class=\"desc-section\">\n<h4 class=\"insertion-title\">Transmisi\u00f3n por correa lateral y caja de engranajes<\/h4>\n<div class=\"insertion-header\"><\/div>\n<div","protected":false},"excerpt":{"rendered":"","protected":false},"featured_media":6666,"comment_status":"open","ping_status":"closed","template":"","meta":[],"product_brand":[],"product_cat":[135],"product_tag":[],"class_list":{"0":"post-6614","1":"product","2":"type-product","3":"status-publish","4":"has-post-thumbnail","6":"product_cat-broyeurs-a-axe-horizontal-pour-tracteur","7":"product_shipping_class-livraison-gratuite","9":"first","10":"instock","11":"sale","12":"taxable","13":"shipping-taxable","14":"purchasable","15":"product-type-simple"},"_links":{"self":[{"href":"https:\/\/cabashippinginternational.com\/en\/wp-json\/wp\/v2\/product\/6614","targetHints":{"allow":["GET"]}}],"collection":[{"href":"https:\/\/cabashippinginternational.com\/en\/wp-json\/wp\/v2\/product"}],"about":[{"href":"https:\/\/cabashippinginternational.com\/en\/wp-json\/wp\/v2\/types\/product"}],"replies":[{"embeddable":true,"href":"https:\/\/cabashippinginternational.com\/en\/wp-json\/wp\/v2\/comments?post=6614"}],"wp:featuredmedia":[{"embeddable":true,"href":"https:\/\/cabashippinginternational.com\/en\/wp-json\/wp\/v2\/media\/6666"}],"wp:attachment":[{"href":"https:\/\/cabashippinginternational.com\/en\/wp-json\/wp\/v2\/media?parent=6614"}],"wp:term":[{"taxonomy":"product_brand","embeddable":true,"href":"https:\/\/cabashippinginternational.com\/en\/wp-json\/wp\/v2\/product_brand?post=6614"},{"taxonomy":"product_cat","embeddable":true,"href":"https:\/\/cabashippinginternational.com\/en\/wp-json\/wp\/v2\/product_cat?post=6614"},{"taxonomy":"product_tag","embeddable":true,"href":"https:\/\/cabashippinginternational.com\/en\/wp-json\/wp\/v2\/product_tag?post=6614"}],"curies":[{"name":"wp","href":"https:\/\/api.w.org\/{rel}","templated":true}]}}