{"id":6613,"date":"2026-01-07T15:47:18","date_gmt":"2026-01-07T15:47:18","guid":{"rendered":"https:\/\/elektronica-aanhangers-houten.nl\/?post_type=product&#038;p=6613"},"modified":"2026-02-22T08:29:07","modified_gmt":"2026-02-22T08:29:07","slug":"greenbay-fml-85-broyeur-agricole-pour-tracteur-serie-legere","status":"publish","type":"product","link":"https:\/\/cabashippinginternational.com\/en\/produit\/greenbay-fml-85-broyeur-agricole-pour-tracteur-serie-legere\/","title":{"rendered":"Greenbay FML 85 &#8211; Trituradora agr\u00edcola para tractores &#8211; Serie ligera"},"content":{"rendered":"<div class=\"desc-section\">\n<vanaf \"tussenvoegsel-lichaam\" sectie\n\n\n<div class=\"content\">\n<p><strong>El triturador de arrastre con eje horizontal de la serie FML 85 tiene una estructura ligera que es adecuada para triturar vides ligeras, hierba y arbustos.<\/strong><\/p>\n<p><strong>Esta es una m\u00e1quina agr\u00edcola que utiliza una estructura ligera para garantizar una mayor maniobrabilidad y facilidad de transporte. Este tipo de triturador es ideal para propietarios de peque\u00f1as propiedades o jardines, donde es necesario tener una m\u00e1quina que sea f\u00e1cil de mover y manejar.<\/strong><\/p>\n<p>Triturador agr\u00edcola ligero dise\u00f1ado para uso dom\u00e9stico.<\/p>\n<p>Equipado con desplazamiento manual, 2 correas de transmisi\u00f3n y un rodillo trasero.<\/p>\n<p>El cap\u00f3 del marco tiene 5 lados<\/strong>, una caracter\u00edstica que garantiza solidez y durabilidad.<\/p>\n<p><DATOS T\u00c9CNICOS (en resumen):<\/strong><\/p>\n<ul>\n<li>Ancho de trabajo actual: 83 cm<\/li>\n<li>Anchura total (con soportes laterales): 95 cm<\/li>\n<li>Peso: 133 kg<\/li>\n<li>Elevador de 3 puntos<\/li>\n<li>Transmisi\u00f3n con 2 correas<\/li>\n<li>Medida de distancia central: 59 cm<\/li>\n<\/ul>\n<p><strong>EQUIPAMIENTO EST\u00c1NDAR (en resumen):<\/strong><\/p>\n<ul>\n<li>desplazamiento lateral manual (11 cm)<\/li>\n<li>operado por martillo<\/li>\n<li>rodillo de soporte trasero<\/li>\n<li>tarjetas<\/li>\n<\/ul>\n<hr \/>\n<p>&nbsp;<\/p>\n<p><strong>Precauci\u00f3n: la m\u00e1quina se entrega lista para usar con el nivel de aceite.<\/strong> Monte todas las partes y verifique que los tornillos<\/p>","protected":false},"excerpt":{"rendered":"","protected":false},"featured_media":6665,"comment_status":"open","ping_status":"closed","template":"","meta":[],"product_brand":[],"product_cat":[135],"product_tag":[],"class_list":{"0":"post-6613","1":"product","2":"type-product","3":"status-publish","4":"has-post-thumbnail","6":"product_cat-broyeurs-a-axe-horizontal-pour-tracteur","7":"product_shipping_class-livraison-gratuite","9":"first","10":"instock","11":"sale","12":"taxable","13":"shipping-taxable","14":"purchasable","15":"product-type-simple"},"_links":{"self":[{"href":"https:\/\/cabashippinginternational.com\/en\/wp-json\/wp\/v2\/product\/6613","targetHints":{"allow":["GET"]}}],"collection":[{"href":"https:\/\/cabashippinginternational.com\/en\/wp-json\/wp\/v2\/product"}],"about":[{"href":"https:\/\/cabashippinginternational.com\/en\/wp-json\/wp\/v2\/types\/product"}],"replies":[{"embeddable":true,"href":"https:\/\/cabashippinginternational.com\/en\/wp-json\/wp\/v2\/comments?post=6613"}],"wp:featuredmedia":[{"embeddable":true,"href":"https:\/\/cabashippinginternational.com\/en\/wp-json\/wp\/v2\/media\/6665"}],"wp:attachment":[{"href":"https:\/\/cabashippinginternational.com\/en\/wp-json\/wp\/v2\/media?parent=6613"}],"wp:term":[{"taxonomy":"product_brand","embeddable":true,"href":"https:\/\/cabashippinginternational.com\/en\/wp-json\/wp\/v2\/product_brand?post=6613"},{"taxonomy":"product_cat","embeddable":true,"href":"https:\/\/cabashippinginternational.com\/en\/wp-json\/wp\/v2\/product_cat?post=6613"},{"taxonomy":"product_tag","embeddable":true,"href":"https:\/\/cabashippinginternational.com\/en\/wp-json\/wp\/v2\/product_tag?post=6613"}],"curies":[{"name":"wp","href":"https:\/\/api.w.org\/{rel}","templated":true}]}}