{"id":6612,"date":"2026-01-07T15:47:18","date_gmt":"2026-01-07T15:47:18","guid":{"rendered":"https:\/\/elektronica-aanhangers-houten.nl\/?post_type=product&#038;p=6612"},"modified":"2026-02-22T08:29:13","modified_gmt":"2026-02-22T08:29:13","slug":"broyeur-thermique-wortex-d200-80h-avec-moteur-essence-honda-gx200","status":"publish","type":"product","link":"https:\/\/cabashippinginternational.com\/en\/produit\/broyeur-thermique-wortex-d200-80h-avec-moteur-essence-honda-gx200\/","title":{"rendered":"Wortex D200\/80H trituradora t\u00e9rmica con motor de gasolina Honda GX200"},"content":{"rendered":"<p>La trituradora Wortex D200\/80H es una soluci\u00f3n pr\u00e1ctica y potente, impulsada por un motor Honda GX200 de 6,5 hp para una potencia profesional y confiable. Esta trituradora est\u00e1 dise\u00f1ada para reducir la vegetaci\u00f3n y las ramas a un tama\u00f1o manejable, ideal para la compostaje. Gracias al procesamiento efectivo, el material se descompone m\u00e1s f\u00e1cilmente.<\/p>\n<p>Esta trituradora es ideal para triturar ramas, follaje y troncos de peque\u00f1o di\u00e1metro y puede procesar madera con un di\u00e1metro de hasta 65 mm de manera consistente. La robusta y pesada tolva de alimentaci\u00f3n puede utilizarse para triturar una gran cantidad de ramas, a pesar de que el pretratamiento es muy bueno. Gracias a la alta capacidad, puedo cortar una gran cantidad de material en cualquier ancho.<\/p>\n<p>La seguridad es una prioridad, el dispositivo de seguridad garantiza una parada segura en caso de nudos. Adem\u00e1s, es f\u00e1cil de maniobrar gracias a las ruedas de 10&#8243; y al mango redondeado.<\/p>\n<p>El peso total del producto es de 85 kg y produce 2-3 m\u00b3\/h. Para un valor a\u00f1adido, el remolque se entrega con un kit que incluye remo, guantes, gafas de seguridad y llaves.<\/p>\n<p>La \u00faltima generaci\u00f3n del motor Honda GX 200 con tecnolog\u00eda OHV proporciona potencia profesional y confiable. El motor tiene una cilindrada de 196 cm\u00b3, una relaci\u00f3n de compresi\u00f3n de 8,5:1, una capacidad del tanque de combustible de 3,1 litros y una transmisi\u00f3n intermedia con correas reforzadas para una potencia excepcional.<\/p>","protected":false},"excerpt":{"rendered":"<p>La trituradora Wortex D200\/80H es una soluci\u00f3n pr\u00e1ctica y potente, impulsada por un motor Honda [&hellip;]<\/p>\n","protected":false},"featured_media":6658,"comment_status":"open","ping_status":"closed","template":"","meta":[],"product_brand":[],"product_cat":[134],"product_tag":[],"class_list":{"0":"post-6612","1":"product","2":"type-product","3":"status-publish","4":"has-post-thumbnail","6":"product_cat-broyeurs-de-branches-et-vegetaux","7":"product_shipping_class-livraison-gratuite","9":"first","10":"instock","11":"sale","12":"taxable","13":"shipping-taxable","14":"purchasable","15":"product-type-simple"},"_links":{"self":[{"href":"https:\/\/cabashippinginternational.com\/en\/wp-json\/wp\/v2\/product\/6612","targetHints":{"allow":["GET"]}}],"collection":[{"href":"https:\/\/cabashippinginternational.com\/en\/wp-json\/wp\/v2\/product"}],"about":[{"href":"https:\/\/cabashippinginternational.com\/en\/wp-json\/wp\/v2\/types\/product"}],"replies":[{"embeddable":true,"href":"https:\/\/cabashippinginternational.com\/en\/wp-json\/wp\/v2\/comments?post=6612"}],"wp:featuredmedia":[{"embeddable":true,"href":"https:\/\/cabashippinginternational.com\/en\/wp-json\/wp\/v2\/media\/6658"}],"wp:attachment":[{"href":"https:\/\/cabashippinginternational.com\/en\/wp-json\/wp\/v2\/media?parent=6612"}],"wp:term":[{"taxonomy":"product_brand","embeddable":true,"href":"https:\/\/cabashippinginternational.com\/en\/wp-json\/wp\/v2\/product_brand?post=6612"},{"taxonomy":"product_cat","embeddable":true,"href":"https:\/\/cabashippinginternational.com\/en\/wp-json\/wp\/v2\/product_cat?post=6612"},{"taxonomy":"product_tag","embeddable":true,"href":"https:\/\/cabashippinginternational.com\/en\/wp-json\/wp\/v2\/product_tag?post=6612"}],"curies":[{"name":"wp","href":"https:\/\/api.w.org\/{rel}","templated":true}]}}