{"id":6611,"date":"2026-01-07T15:47:18","date_gmt":"2026-01-07T15:47:18","guid":{"rendered":"https:\/\/elektronica-aanhangers-houten.nl\/?post_type=product&#038;p=6611"},"modified":"2026-02-22T08:29:20","modified_gmt":"2026-02-22T08:29:20","slug":"broyeur-thermique-professionnel-wortex-predator-d420-150l-moteur-loncin-d420-e","status":"publish","type":"product","link":"https:\/\/cabashippinginternational.com\/en\/produit\/broyeur-thermique-professionnel-wortex-predator-d420-150l-moteur-loncin-d420-e\/","title":{"rendered":"Wortex Predator D420\/150L destructora de papel t\u00e9rmico profesional &#8211; motor Loncin D420-E"},"content":{"rendered":"<p>La trituradora t\u00e9rmica Wortex Predator D420\/150L est\u00e1 equipada con un potente y fiable motor Loncin G420-E con un pr\u00e1ctico arranque el\u00e9ctrico, que ofrece una impresionante potencia de 14 CV. Este modelo est\u00e1 dise\u00f1ado especialmente para limpiar de manera eficiente madera, ramas y ramitas con un di\u00e1metro m\u00e1ximo de 100 mm, que pueden ser utilizados para limpiar y compostar residuos.<\/p>\n<p><strong>Caracter\u00edsticas principales:<\/strong><\/p>\n<p><strong>Poderoso motor Loncin D420-E<\/strong><br \/>\nEl motor Loncin D420-E de 420cc refrigerado por aire con v\u00e1lvulas en la parte superior garantiza un rendimiento \u00f3ptimo. La potencia nominal de 14 CV asegura un desmenuzamiento eficiente y r\u00e1pido.<\/p>\n<p><strong>Pr\u00e1ctico arranque el\u00e9ctrico:<\/strong><br \/>\nEl arranque el\u00e9ctrico facilita el proceso de encendido y ofrece una mayor comodidad de uso. Los botones de arranque y el contador de horas contribuyen a una gesti\u00f3n eficiente de la m\u00e1quina.<\/p>\n<p><strong>Desmenuzado vers\u00e1til:<\/strong><br \/>\nLa trituradora puede desmenuzar material con un di\u00e1metro de hasta 100 mm, lo que permite convertir la madera r\u00e1pidamente en peque\u00f1os trozos y reduce el tiempo necesario para la descomposici\u00f3n.<\/p>\n<p><strong>Sistema de seguridad integrado:<\/strong><br \/>\nLa presencia de un sistema de seguridad debajo de la tolva de alimentaci\u00f3n y un interruptor adicional en la base garantizan un funcionamiento seguro al bloquear la m\u00e1quina en caso de emergencia o al abrir la tolva de alimentaci\u00f3n.<\/p>\n<p><strong>Movilidad mejorada:<\/strong><br \/>\nLos neum\u00e1ticos 16\u00d78.00-7 y el enganche facilitan el movimiento de la m\u00e1quina y garantizan<\/p>","protected":false},"excerpt":{"rendered":"<p>La trituradora t\u00e9rmica Wortex Predator D420\/150L est\u00e1 equipada con un potente y fiable motor Loncin [&hellip;]<\/p>\n","protected":false},"featured_media":6657,"comment_status":"open","ping_status":"closed","template":"","meta":[],"product_brand":[],"product_cat":[134],"product_tag":[],"class_list":{"0":"post-6611","1":"product","2":"type-product","3":"status-publish","4":"has-post-thumbnail","6":"product_cat-broyeurs-de-branches-et-vegetaux","7":"product_shipping_class-livraison-gratuite","9":"first","10":"instock","11":"sale","12":"taxable","13":"shipping-taxable","14":"purchasable","15":"product-type-simple"},"_links":{"self":[{"href":"https:\/\/cabashippinginternational.com\/en\/wp-json\/wp\/v2\/product\/6611","targetHints":{"allow":["GET"]}}],"collection":[{"href":"https:\/\/cabashippinginternational.com\/en\/wp-json\/wp\/v2\/product"}],"about":[{"href":"https:\/\/cabashippinginternational.com\/en\/wp-json\/wp\/v2\/types\/product"}],"replies":[{"embeddable":true,"href":"https:\/\/cabashippinginternational.com\/en\/wp-json\/wp\/v2\/comments?post=6611"}],"wp:featuredmedia":[{"embeddable":true,"href":"https:\/\/cabashippinginternational.com\/en\/wp-json\/wp\/v2\/media\/6657"}],"wp:attachment":[{"href":"https:\/\/cabashippinginternational.com\/en\/wp-json\/wp\/v2\/media?parent=6611"}],"wp:term":[{"taxonomy":"product_brand","embeddable":true,"href":"https:\/\/cabashippinginternational.com\/en\/wp-json\/wp\/v2\/product_brand?post=6611"},{"taxonomy":"product_cat","embeddable":true,"href":"https:\/\/cabashippinginternational.com\/en\/wp-json\/wp\/v2\/product_cat?post=6611"},{"taxonomy":"product_tag","embeddable":true,"href":"https:\/\/cabashippinginternational.com\/en\/wp-json\/wp\/v2\/product_tag?post=6611"}],"curies":[{"name":"wp","href":"https:\/\/api.w.org\/{rel}","templated":true}]}}