{"id":6610,"date":"2026-01-07T15:47:18","date_gmt":"2026-01-07T15:47:18","guid":{"rendered":"https:\/\/elektronica-aanhangers-houten.nl\/?post_type=product&#038;p=6610"},"modified":"2026-02-22T08:29:26","modified_gmt":"2026-02-22T08:29:26","slug":"wortex-broyeur-de-branches-thermique-wortex-t200-h-avec-moteur-honda-gx-200-neuf","status":"publish","type":"product","link":"https:\/\/cabashippinginternational.com\/en\/produit\/wortex-broyeur-de-branches-thermique-wortex-t200-h-avec-moteur-honda-gx-200-neuf\/","title":{"rendered":"Wortex T200 H trituradora de ramas t\u00e9rmica con motor Honda GX 200 &#8211; Nuevo"},"content":{"rendered":"<p>La trituradora de ramas t\u00e9rmica Wortex T200 H con motor Honda GX 200 <strong>Honda GX 200<\/strong> de 6,5 hp.<\/p>\n<p>La trituradora de plantas corta y reduce ramas y ramitas en peque\u00f1os trozos, de modo que ocupen poco espacio y est\u00e9n listas para la compostaci\u00f3n. La eliminaci\u00f3n de los desechos verdes tambi\u00e9n reduce la cantidad de residuos.<\/p>\n<p>La m\u00e1quina est\u00e1 equipada con una escalera que se puede usar para cortar y girar, sin necesidad de un control adicional. El eje muy corto tambi\u00e9n permite retirar mucho material de un lado de la m\u00e1quina.<\/p>\n<p>El di\u00e1metro es de 70 mm.<\/p>\n<p>El peso total de este producto es de 90 kg.<\/p>\n<p>Producci\u00f3n: 2-3 m\u00b3 por hora.<\/p>\n<p>La c\u00e1mara de trituraci\u00f3n externa es uniformemente del tama\u00f1o del rotor que contiene. Esto no solo garantiza una alta producci\u00f3n, sino tambi\u00e9n una resistencia \u00f3ptima al deslizamiento. El marco de la m\u00e1quina es completamente de acero y no hay partes de pl\u00e1stico en este producto.<\/p>\n<p><el rotor central consta de 2 discos acero que se mantienen firmemente juntos.\n\nel sistema doble cuchilla complementa con <strong>una contracuchilla<\/strong> en la c\u00e1mara de trituraci\u00f3n. Esta contracuchilla est\u00e1 montada en un \u00e1ngulo con respecto al marco y a la direcci\u00f3n de giro del rotor para aumentar la capacidad de trituraci\u00f3n de la trituradora y lograr una mayor eficiencia.<\/p>\n<p>Detalle de las <span id=\"umb484365\" class=\"hovertag\">2 grandes cuchillas de corte<\/span>. Estas realizan un primer tratamiento al material en la tolva i<\/p>","protected":false},"excerpt":{"rendered":"<p>La trituradora de ramas t\u00e9rmica Wortex T200 H con motor Honda GX 200 Honda GX [&hellip;]<\/p>\n","protected":false},"featured_media":6656,"comment_status":"open","ping_status":"closed","template":"","meta":[],"product_brand":[],"product_cat":[134],"product_tag":[],"class_list":{"0":"post-6610","1":"product","2":"type-product","3":"status-publish","4":"has-post-thumbnail","6":"product_cat-broyeurs-de-branches-et-vegetaux","7":"product_shipping_class-livraison-gratuite","9":"first","10":"instock","11":"sale","12":"taxable","13":"shipping-taxable","14":"purchasable","15":"product-type-simple"},"_links":{"self":[{"href":"https:\/\/cabashippinginternational.com\/en\/wp-json\/wp\/v2\/product\/6610","targetHints":{"allow":["GET"]}}],"collection":[{"href":"https:\/\/cabashippinginternational.com\/en\/wp-json\/wp\/v2\/product"}],"about":[{"href":"https:\/\/cabashippinginternational.com\/en\/wp-json\/wp\/v2\/types\/product"}],"replies":[{"embeddable":true,"href":"https:\/\/cabashippinginternational.com\/en\/wp-json\/wp\/v2\/comments?post=6610"}],"wp:featuredmedia":[{"embeddable":true,"href":"https:\/\/cabashippinginternational.com\/en\/wp-json\/wp\/v2\/media\/6656"}],"wp:attachment":[{"href":"https:\/\/cabashippinginternational.com\/en\/wp-json\/wp\/v2\/media?parent=6610"}],"wp:term":[{"taxonomy":"product_brand","embeddable":true,"href":"https:\/\/cabashippinginternational.com\/en\/wp-json\/wp\/v2\/product_brand?post=6610"},{"taxonomy":"product_cat","embeddable":true,"href":"https:\/\/cabashippinginternational.com\/en\/wp-json\/wp\/v2\/product_cat?post=6610"},{"taxonomy":"product_tag","embeddable":true,"href":"https:\/\/cabashippinginternational.com\/en\/wp-json\/wp\/v2\/product_tag?post=6610"}],"curies":[{"name":"wp","href":"https:\/\/api.w.org\/{rel}","templated":true}]}}