{"id":6609,"date":"2026-01-07T15:47:17","date_gmt":"2026-01-07T15:47:17","guid":{"rendered":"https:\/\/elektronica-aanhangers-houten.nl\/?post_type=product&#038;p=6609"},"modified":"2026-02-22T08:29:33","modified_gmt":"2026-02-22T08:29:33","slug":"broyeur-thermique-professionnel-gb-wdc-120-bse-moteur-bs-xr2100-de-13-5-hp","status":"publish","type":"product","link":"https:\/\/cabashippinginternational.com\/en\/produit\/broyeur-thermique-professionnel-gb-wdc-120-bse-moteur-bs-xr2100-de-13-5-hp\/","title":{"rendered":"Desgarrador t\u00e9rmico profesional GB-WDC 120 BSE con motor B&#038;S XR2100 de 13,5 hp."},"content":{"rendered":"<p>La trituradora t\u00e9rmica GreenBay GB-WDC 120 BSE es la soluci\u00f3n ideal para reducir de manera eficiente las vides y ramas a un tama\u00f1o manejable, perfecto para la compostaje. Al convertir la madera en peque\u00f1os astillas, no solo simplificas el procesamiento, sino que tambi\u00e9n aceleras el proceso de descomposici\u00f3n.<\/p>\n<p>Caracter\u00edsticas principales:<\/p>\n<p>Amplia tolva de acero para materiales voluminosos:<br \/>\nEsta m\u00e1quina se utiliza con un cortador de acero real y puede ser utilizada para cortar las mayores reducciones y ramas. Gracias a su gran capacidad, puedo realizar a\u00fan m\u00e1s reparaciones.<\/p>\n<p>Di\u00e1metro de corte de 90 mm:<br \/>\nCon un generoso di\u00e1metro de corte de 90 mm, esta trituradora puede procesar f\u00e1cilmente brotes y ramas de vides, garantizando una reducci\u00f3n eficiente para la compostaje.<\/p>\n<p>Potente motor Briggs &#038; Stratton XR2100 (13,5 hp):<br \/>\nEsta trituradora t\u00e9rmica est\u00e1 equipada con un robusto motor Briggs &#038; Stratton XR2100 de 13,5 hp y combina potencia y fiabilidad para un funcionamiento eficiente.<\/p>\n<p>Especificaciones del motor:<\/p>\n<p>&#8211; Tipo de motor: 4 tiempos monocil\u00edndrico &#8211; v\u00e1lvula en cabeza<br \/>\n&#8211; Tipo de cilindro: aluminio<br \/>\n&#8211; Refrigeraci\u00f3n: refrigerado por aire<br \/>\n&#8211; Cilindrada: 420 cm\u00b3<br \/>\n&#8211; Arranque: el\u00e9ctrico\/arranque por retroceso<br \/>\n&#8211; Capacidad del tanque de combustible: 6,6 litros<\/p>\n<p>Sistema de arranque el\u00e9ctrico:<br \/>\nEl motor est\u00e1 equipado con un sistema de arranque el\u00e9ctrico, complementado con una bater\u00eda, lo que facilita y agiliza el proceso de trituraci\u00f3n.<\/p>\n<p>Abertura de descarga ajustable para un uso vers\u00e1til:<\/p>","protected":false},"excerpt":{"rendered":"<p>La trituradora t\u00e9rmica GreenBay GB-WDC 120 BSE es la soluci\u00f3n ideal para reducir de manera [&hellip;]<\/p>\n","protected":false},"featured_media":6655,"comment_status":"open","ping_status":"closed","template":"","meta":[],"product_brand":[],"product_cat":[134],"product_tag":[],"class_list":{"0":"post-6609","1":"product","2":"type-product","3":"status-publish","4":"has-post-thumbnail","6":"product_cat-broyeurs-de-branches-et-vegetaux","7":"product_shipping_class-livraison-gratuite","9":"first","10":"instock","11":"sale","12":"taxable","13":"shipping-taxable","14":"purchasable","15":"product-type-simple"},"_links":{"self":[{"href":"https:\/\/cabashippinginternational.com\/en\/wp-json\/wp\/v2\/product\/6609","targetHints":{"allow":["GET"]}}],"collection":[{"href":"https:\/\/cabashippinginternational.com\/en\/wp-json\/wp\/v2\/product"}],"about":[{"href":"https:\/\/cabashippinginternational.com\/en\/wp-json\/wp\/v2\/types\/product"}],"replies":[{"embeddable":true,"href":"https:\/\/cabashippinginternational.com\/en\/wp-json\/wp\/v2\/comments?post=6609"}],"wp:featuredmedia":[{"embeddable":true,"href":"https:\/\/cabashippinginternational.com\/en\/wp-json\/wp\/v2\/media\/6655"}],"wp:attachment":[{"href":"https:\/\/cabashippinginternational.com\/en\/wp-json\/wp\/v2\/media?parent=6609"}],"wp:term":[{"taxonomy":"product_brand","embeddable":true,"href":"https:\/\/cabashippinginternational.com\/en\/wp-json\/wp\/v2\/product_brand?post=6609"},{"taxonomy":"product_cat","embeddable":true,"href":"https:\/\/cabashippinginternational.com\/en\/wp-json\/wp\/v2\/product_cat?post=6609"},{"taxonomy":"product_tag","embeddable":true,"href":"https:\/\/cabashippinginternational.com\/en\/wp-json\/wp\/v2\/product_tag?post=6609"}],"curies":[{"name":"wp","href":"https:\/\/api.w.org\/{rel}","templated":true}]}}