{"id":6608,"date":"2026-01-07T15:47:17","date_gmt":"2026-01-07T15:47:17","guid":{"rendered":"https:\/\/elektronica-aanhangers-houten.nl\/?post_type=product&#038;p=6608"},"modified":"2026-02-22T08:29:39","modified_gmt":"2026-02-22T08:29:39","slug":"broyeur-sur-tracteur-greenbay-gb-wtdc-150","status":"publish","type":"product","link":"https:\/\/cabashippinginternational.com\/en\/produit\/broyeur-sur-tracteur-greenbay-gb-wtdc-150\/","title":{"rendered":"GreenBay trekkerhakselaar GB-WTDC 150"},"content":{"rendered":"<p>La trituradora GreenBay GB-WTDC 150 es un modelo semi-profesional con card\u00e1n, dise\u00f1ado especialmente para triturar intensivamente los desechos vegetales provenientes de la limpieza, poda y mantenimiento de jardines y huertos.<\/p>\n<p>Esta trituradora cuenta con un potente rotor con 4 cuchillas intercambiables y una contracuchilla, ofreciendo un rendimiento \u00f3ptimo para tractores de 30 a 100 CV. Gracias a su excelente relaci\u00f3n calidad-precio, es una elecci\u00f3n sensata para procesar de manera eficiente grandes cantidades de desechos vegetales.<\/p>\n<p>La m\u00e1quina tiene un gran embudo de llenado de 60\u00d760 cm, lo que permite introducir f\u00e1cilmente desechos vegetales ramificados, y puede triturar madera con un impresionante di\u00e1metro m\u00e1ximo de 150 mm. El uso y mantenimiento de la m\u00e1quina se simplifican gracias a la posibilidad de cerrar el embudo de llenado, lo que permite un almacenamiento eficiente mientras se reduce significativamente el espacio ocupado.<\/p>\n<p>Equipado con un enganche de 3 puntos al tractor y un toma de fuerza para su funcionamiento, la trituradora GreenBay GB-WTDC 150 ofrece un uso pr\u00e1ctico y eficiente. Detalles de protecci\u00f3n, como tiras de goma en la entrada del embudo y una conexi\u00f3n de toma de fuerza con protecci\u00f3n, garantizan la seguridad durante su uso.<\/p>\n<p>El soporte en la parte superior de la m\u00e1quina facilita levantarla y engancharla, lo que contribuye a la facilidad de uso. El acoplamiento de card\u00e1n incluido est\u00e1 equipado con un perno de seguridad y el limitador de acoplamiento con br<\/p>","protected":false},"excerpt":{"rendered":"<p>La trituradora GreenBay GB-WTDC 150 es un modelo semi-profesional con card\u00e1n, dise\u00f1ado especialmente para triturar [&hellip;]<\/p>\n","protected":false},"featured_media":6654,"comment_status":"open","ping_status":"closed","template":"","meta":[],"product_brand":[],"product_cat":[134],"product_tag":[],"class_list":{"0":"post-6608","1":"product","2":"type-product","3":"status-publish","4":"has-post-thumbnail","6":"product_cat-broyeurs-de-branches-et-vegetaux","7":"product_shipping_class-livraison-gratuite","9":"first","10":"instock","11":"sale","12":"taxable","13":"shipping-taxable","14":"purchasable","15":"product-type-simple"},"_links":{"self":[{"href":"https:\/\/cabashippinginternational.com\/en\/wp-json\/wp\/v2\/product\/6608","targetHints":{"allow":["GET"]}}],"collection":[{"href":"https:\/\/cabashippinginternational.com\/en\/wp-json\/wp\/v2\/product"}],"about":[{"href":"https:\/\/cabashippinginternational.com\/en\/wp-json\/wp\/v2\/types\/product"}],"replies":[{"embeddable":true,"href":"https:\/\/cabashippinginternational.com\/en\/wp-json\/wp\/v2\/comments?post=6608"}],"wp:featuredmedia":[{"embeddable":true,"href":"https:\/\/cabashippinginternational.com\/en\/wp-json\/wp\/v2\/media\/6654"}],"wp:attachment":[{"href":"https:\/\/cabashippinginternational.com\/en\/wp-json\/wp\/v2\/media?parent=6608"}],"wp:term":[{"taxonomy":"product_brand","embeddable":true,"href":"https:\/\/cabashippinginternational.com\/en\/wp-json\/wp\/v2\/product_brand?post=6608"},{"taxonomy":"product_cat","embeddable":true,"href":"https:\/\/cabashippinginternational.com\/en\/wp-json\/wp\/v2\/product_cat?post=6608"},{"taxonomy":"product_tag","embeddable":true,"href":"https:\/\/cabashippinginternational.com\/en\/wp-json\/wp\/v2\/product_tag?post=6608"}],"curies":[{"name":"wp","href":"https:\/\/api.w.org\/{rel}","templated":true}]}}