{"id":6607,"date":"2026-01-07T15:47:17","date_gmt":"2026-01-07T15:47:17","guid":{"rendered":"https:\/\/elektronica-aanhangers-houten.nl\/?post_type=product&#038;p=6607"},"modified":"2026-02-22T08:29:46","modified_gmt":"2026-02-22T08:29:46","slug":"broyeur-de-vegetaux-a-tracteur-geotech-pro-tcp-150-broyage-de-branches","status":"publish","type":"product","link":"https:\/\/cabashippinginternational.com\/en\/produit\/broyeur-de-vegetaux-a-tracteur-geotech-pro-tcp-150-broyage-de-branches\/","title":{"rendered":"GeoTech Pro TCP 150 montado en tractor, trituradora de plantas, trituradora de ramas."},"content":{"rendered":"<p>La desmenuzadora GeoTech Pro TCP 150 es la soluci\u00f3n semi-profesional ideal para desmenuzar de manera eficiente grandes cantidades de vegetaci\u00f3n.<\/p>\n<p>La compuerta de descarga, que es giratoria 360\u00b0 y se encuentra a aproximadamente 2 metros del suelo, facilita la descarga del material desmenuzado en la mayor\u00eda de los contenedores.<\/p>\n<p>Gracias a su alto precio, este contenedor es incluso adecuado para uso ocasional y para usuarios profesionales que buscan una soluci\u00f3n rentable que no afecte su servicio.<\/p>\n<p>Caracter\u00edsticas destacadas:<br \/>\n&#8211; Amplia tolva de llenado para la f\u00e1cil incorporaci\u00f3n de residuos vegetales ramificados, adecuada para desmenuzar madera con un di\u00e1metro m\u00e1ximo de 150 mm.<br \/>\n&#8211; Montaje sencillo en el tractor gracias a un sistema de enganche de 3 puntos y toma de fuerza para la activaci\u00f3n.<br \/>\n&#8211; Generosa tolva de llenado de 60&#215;70 cm.<br \/>\n&#8211; Rotor equipado con 4 grandes cuchillas intercambiables y una contracuchilla.<br \/>\n&#8211; Potencia de tractor recomendada: 35 CV.<br \/>\n&#8211; Protectores de goma en la entrada de la tolva para un uso seguro.<br \/>\n&#8211; Conexi\u00f3n de toma de fuerza en el tractor para activar la desmenuzadora, con protecci\u00f3n de toma de fuerza.<br \/>\n&#8211; Robusta parte de montaje de 3 puntos con soporte en la parte superior para enganchar y levantar f\u00e1cilmente la desmenuzadora.<br \/>\n&#8211; Card\u00e1n con perno de seguridad.<br \/>\n&#8211; Limitador de par con perno de ruptura para evitar da\u00f1os por sobrecarga.<\/p>\n<p>Con un rendimiento confiable y entrega gratuita, la desmenuzadora GeoTech Pro TCP 150 ofrece una soluci\u00f3n econ\u00f3mica y segura para todas sus necesidades de desmenuzado.<\/p>","protected":false},"excerpt":{"rendered":"<p>La desmenuzadora GeoTech Pro TCP 150 es la soluci\u00f3n semi-profesional ideal para desmenuzar de manera [&hellip;]<\/p>\n","protected":false},"featured_media":6653,"comment_status":"open","ping_status":"closed","template":"","meta":[],"product_brand":[],"product_cat":[134],"product_tag":[],"class_list":{"0":"post-6607","1":"product","2":"type-product","3":"status-publish","4":"has-post-thumbnail","6":"product_cat-broyeurs-de-branches-et-vegetaux","7":"product_shipping_class-livraison-gratuite","9":"first","10":"instock","11":"sale","12":"taxable","13":"shipping-taxable","14":"purchasable","15":"product-type-simple"},"_links":{"self":[{"href":"https:\/\/cabashippinginternational.com\/en\/wp-json\/wp\/v2\/product\/6607","targetHints":{"allow":["GET"]}}],"collection":[{"href":"https:\/\/cabashippinginternational.com\/en\/wp-json\/wp\/v2\/product"}],"about":[{"href":"https:\/\/cabashippinginternational.com\/en\/wp-json\/wp\/v2\/types\/product"}],"replies":[{"embeddable":true,"href":"https:\/\/cabashippinginternational.com\/en\/wp-json\/wp\/v2\/comments?post=6607"}],"wp:featuredmedia":[{"embeddable":true,"href":"https:\/\/cabashippinginternational.com\/en\/wp-json\/wp\/v2\/media\/6653"}],"wp:attachment":[{"href":"https:\/\/cabashippinginternational.com\/en\/wp-json\/wp\/v2\/media?parent=6607"}],"wp:term":[{"taxonomy":"product_brand","embeddable":true,"href":"https:\/\/cabashippinginternational.com\/en\/wp-json\/wp\/v2\/product_brand?post=6607"},{"taxonomy":"product_cat","embeddable":true,"href":"https:\/\/cabashippinginternational.com\/en\/wp-json\/wp\/v2\/product_cat?post=6607"},{"taxonomy":"product_tag","embeddable":true,"href":"https:\/\/cabashippinginternational.com\/en\/wp-json\/wp\/v2\/product_tag?post=6607"}],"curies":[{"name":"wp","href":"https:\/\/api.w.org\/{rel}","templated":true}]}}