{"id":6597,"date":"2026-01-07T15:46:56","date_gmt":"2026-01-07T15:46:56","guid":{"rendered":"https:\/\/elektronica-aanhangers-houten.nl\/?post_type=product&#038;p=6597"},"modified":"2026-02-22T08:29:51","modified_gmt":"2026-02-22T08:29:51","slug":"broyeur-de-branches-thermique-professionnelle-geotech-pcs-160le-pro","status":"publish","type":"product","link":"https:\/\/cabashippinginternational.com\/en\/produit\/broyeur-de-branches-thermique-professionnelle-geotech-pcs-160le-pro\/","title":{"rendered":"GeoTech PCS 160LE PRO trituradora de ramas t\u00e9rmica profesional"},"content":{"rendered":"<p>De GeoTech Pro PCS 160LE, una trituradora profesional GeoTech (PCS) con un motor el\u00e9ctrico Loncin (LE), est\u00e1 especialmente dise\u00f1ada para triturar de manera eficiente ramas grandes y medianas, reduciendo el volumen de residuos de 5 a 6 veces. Ideal para empresas de silvicultura y parques p\u00fablicos que necesitan procesar r\u00e1pidamente residuos biodegradables. Equipado con un enganche para un transporte f\u00e1cil y modernas medidas de seguridad el\u00e9ctrica que cumplen con las normas CE.<\/p>\n<p>Los aspectos destacados de la GeoTech Pro PCS 160LE incluyen:<\/p>\n<p>Robustez y eficiencia: Su sistema de corte con un rotor de acero garantiza una robustez excepcional. El di\u00e1metro de corte alcanza f\u00e1cilmente los 100 mm en madera verde, superando la norma habitual de 80 mm para trituradoras t\u00e9rmicas. Su intensa y continua capacidad de trabajo lo califica para tareas profesionales, con una productividad de 4 a 6 m\u00b3\/hora.<\/p>\n<p>Limitaciones y caracter\u00edsticas especiales: El tama\u00f1o final del material triturado (aproximadamente 4-5 cm) es mayor debido a la ausencia de martillos centr\u00edfugos. Esta trituradora est\u00e1 dise\u00f1ada para ramas de di\u00e1metro medio y grande y no es adecuada para triturar hojas peque\u00f1as o material verde. Sin embargo, es efectiva para triturar palmas.<\/p>\n<p>Motor Loncin G420FD de 15 hp: Impulsada por un motor Loncin G420FD de 15 HP, la trituradora ofrece potencia confiable. El arranque el\u00e9ctrico con llave facilita su uso.<\/p>","protected":false},"excerpt":{"rendered":"<p>De GeoTech Pro PCS 160LE, una trituradora profesional GeoTech (PCS) con un motor el\u00e9ctrico Loncin [&hellip;]<\/p>\n","protected":false},"featured_media":6652,"comment_status":"open","ping_status":"closed","template":"","meta":[],"product_brand":[],"product_cat":[134],"product_tag":[],"class_list":{"0":"post-6597","1":"product","2":"type-product","3":"status-publish","4":"has-post-thumbnail","6":"product_cat-broyeurs-de-branches-et-vegetaux","7":"product_shipping_class-livraison-gratuite","9":"first","10":"instock","11":"sale","12":"taxable","13":"shipping-taxable","14":"purchasable","15":"product-type-simple"},"_links":{"self":[{"href":"https:\/\/cabashippinginternational.com\/en\/wp-json\/wp\/v2\/product\/6597","targetHints":{"allow":["GET"]}}],"collection":[{"href":"https:\/\/cabashippinginternational.com\/en\/wp-json\/wp\/v2\/product"}],"about":[{"href":"https:\/\/cabashippinginternational.com\/en\/wp-json\/wp\/v2\/types\/product"}],"replies":[{"embeddable":true,"href":"https:\/\/cabashippinginternational.com\/en\/wp-json\/wp\/v2\/comments?post=6597"}],"wp:featuredmedia":[{"embeddable":true,"href":"https:\/\/cabashippinginternational.com\/en\/wp-json\/wp\/v2\/media\/6652"}],"wp:attachment":[{"href":"https:\/\/cabashippinginternational.com\/en\/wp-json\/wp\/v2\/media?parent=6597"}],"wp:term":[{"taxonomy":"product_brand","embeddable":true,"href":"https:\/\/cabashippinginternational.com\/en\/wp-json\/wp\/v2\/product_brand?post=6597"},{"taxonomy":"product_cat","embeddable":true,"href":"https:\/\/cabashippinginternational.com\/en\/wp-json\/wp\/v2\/product_cat?post=6597"},{"taxonomy":"product_tag","embeddable":true,"href":"https:\/\/cabashippinginternational.com\/en\/wp-json\/wp\/v2\/product_tag?post=6597"}],"curies":[{"name":"wp","href":"https:\/\/api.w.org\/{rel}","templated":true}]}}