{"id":6596,"date":"2026-01-07T15:46:56","date_gmt":"2026-01-07T15:46:56","guid":{"rendered":"https:\/\/elektronica-aanhangers-houten.nl\/?post_type=product&#038;p=6596"},"modified":"2026-02-22T08:29:58","modified_gmt":"2026-02-22T08:29:58","slug":"broyeur-de-branches-thermique-geotech-pcs-155-bse-moteur-essence-14-cv-dem-electrique","status":"publish","type":"product","link":"https:\/\/cabashippinginternational.com\/en\/produit\/broyeur-de-branches-thermique-geotech-pcs-155-bse-moteur-essence-14-cv-dem-electrique\/","title":{"rendered":"GeoTech PCS 155 BSE trituradora de ramas t\u00e9rmica 14 HP motor de gasolina, accionamiento el\u00e9ctrico"},"content":{"rendered":"<p><strong>GeoTech Pro PCS 155 BSE<\/strong> en un resumen:<\/p>\n<p><strong>PCS:<\/strong> <strong>P<\/strong>rofesional <strong>C<\/strong>ortadora <strong>S<\/strong>ecadora, cortadora de ramas profesional.<\/p>\n<p><strong>155<\/strong>: indica la potencia nominal del motor, (potencia efectiva m\u00ednima)<\/p>\n<p><strong>BSE: B<\/strong>riggs &#038; <strong>S<\/strong>tratton <strong>E<\/strong>l\u00e9ctrico, indica la marca del motor y el tipo de arranque, en este caso el\u00e9ctrico.<\/p>\n<p>La <strong>desmenuzadora de ramas y plantas GeoTech Pro PCS 155 BSE<\/strong> est\u00e1 especialmente dise\u00f1ada para triturar ramas y ramitas grandes y medianas. Ideal para la silvicultura y el mantenimiento de \u00e1reas verdes que necesitan deshacerse r\u00e1pidamente de los desechos vegetales. Equipado con un <strong>gancho<\/strong>, conveniente para el transporte con todos los medios, y modernas medidas de seguridad el\u00e9ctrica seg\u00fan la norma CE.<\/p>\n<p>Los <strong>puntos fuertes<\/strong> de este dispositivo son:<\/p>\n<ul>\n<li><strong>Solidez<\/strong> gracias al sistema de rotor de acero.\n<ul>\n<li><strong>Di\u00e1metro de corte<\/strong> (f\u00e1cilmente alcanza hasta 90 mm en madera verde, no seca, en comparaci\u00f3n con los 80 mm m\u00e1ximos que generalmente alcanzan las desmenuzadoras para instalaciones t\u00e9rmicas).<\/li>\n<\/ul>\n<\/li>\n<li><strong>Capacidad de trabajo excepcional,<\/strong> puede manejar ciclos de trabajo pesados y prolongados, incluso cuando tritura constantemente madera grande, a nivel profesional.<\/li>\n<li><strong>Alta productividad por hora<\/strong>, mucho mejor que las desmenuzadoras convencionales.<\/li>\n<\/ul>","protected":false},"excerpt":{"rendered":"<p>GeoTech Pro PCS 155 BSE en un resumen: PCS: Profesional Cortadora Secadora, cortadora de ramas [&hellip;]<\/p>\n","protected":false},"featured_media":6651,"comment_status":"open","ping_status":"closed","template":"","meta":[],"product_brand":[],"product_cat":[134],"product_tag":[],"class_list":{"0":"post-6596","1":"product","2":"type-product","3":"status-publish","4":"has-post-thumbnail","6":"product_cat-broyeurs-de-branches-et-vegetaux","7":"product_shipping_class-livraison-gratuite","9":"first","10":"instock","11":"sale","12":"featured","13":"taxable","14":"shipping-taxable","15":"purchasable","16":"product-type-simple"},"_links":{"self":[{"href":"https:\/\/cabashippinginternational.com\/en\/wp-json\/wp\/v2\/product\/6596","targetHints":{"allow":["GET"]}}],"collection":[{"href":"https:\/\/cabashippinginternational.com\/en\/wp-json\/wp\/v2\/product"}],"about":[{"href":"https:\/\/cabashippinginternational.com\/en\/wp-json\/wp\/v2\/types\/product"}],"replies":[{"embeddable":true,"href":"https:\/\/cabashippinginternational.com\/en\/wp-json\/wp\/v2\/comments?post=6596"}],"wp:featuredmedia":[{"embeddable":true,"href":"https:\/\/cabashippinginternational.com\/en\/wp-json\/wp\/v2\/media\/6651"}],"wp:attachment":[{"href":"https:\/\/cabashippinginternational.com\/en\/wp-json\/wp\/v2\/media?parent=6596"}],"wp:term":[{"taxonomy":"product_brand","embeddable":true,"href":"https:\/\/cabashippinginternational.com\/en\/wp-json\/wp\/v2\/product_brand?post=6596"},{"taxonomy":"product_cat","embeddable":true,"href":"https:\/\/cabashippinginternational.com\/en\/wp-json\/wp\/v2\/product_cat?post=6596"},{"taxonomy":"product_tag","embeddable":true,"href":"https:\/\/cabashippinginternational.com\/en\/wp-json\/wp\/v2\/product_tag?post=6596"}],"curies":[{"name":"wp","href":"https:\/\/api.w.org\/{rel}","templated":true}]}}