{"id":6595,"date":"2026-01-07T15:46:56","date_gmt":"2026-01-07T15:46:56","guid":{"rendered":"https:\/\/elektronica-aanhangers-houten.nl\/?post_type=product&#038;p=6595"},"modified":"2026-02-22T08:30:06","modified_gmt":"2026-02-22T08:30:06","slug":"geotech-broyeur-de-branches-electrique-geotech-pcs-55et-triphase-10-cv","status":"publish","type":"product","link":"https:\/\/cabashippinginternational.com\/en\/produit\/geotech-broyeur-de-branches-electrique-geotech-pcs-55et-triphase-10-cv\/","title":{"rendered":"GeoTech PCS 55ET Trituradora de ramas el\u00e9ctrica trif\u00e1sica de 10 HP"},"content":{"rendered":"<p><strong>GeoTech Pro PCS 55 ET<\/strong> en un resumen:<\/p>\n<p><strong>PCS:<\/strong> <strong>P<\/strong>rofesional <strong>C<\/strong>ortadora <strong>S<\/strong>ecadora, trituradora de ramas profesional.<\/p>\n<p><strong>55<\/strong>: indica la potencia del motor, <strong>5,5 kW<\/strong> (potencia efectiva baja)<\/p>\n<p><strong>ET: E<\/strong>l\u00e9ctrico <strong>T<\/strong>rif\u00e1sico, indica el tipo de alimentaci\u00f3n<\/p>\n<p>La <strong>GeoTech Pro PCS 55 ET<\/strong> trituradora de ramas y plantas est\u00e1 especialmente dise\u00f1ada para triturar ramas y ramitas grandes y medianas. Ideal para la silvicultura y el mantenimiento de \u00e1reas verdes que necesitan deshacerse r\u00e1pidamente de los desechos vegetales.<\/p>\n<p>El PCS 55ET cuenta con modernas funciones de seguridad CE.<\/p>\n<p>La <strong>GeoTech Pro PCS 55 ET trituradora de ramas y plantas<\/strong> est\u00e1 especialmente dise\u00f1ada para triturar ramas y ramitas.<\/p>\n<p>Los <strong>puntos fuertes<\/strong> de este dispositivo son:<\/p>\n<ul>\n<li><strong>Robustez<\/strong> gracias al sistema de rotor de acero.<\/li>\n<li><strong>Di\u00e1metro de corte<\/strong> (f\u00e1cilmente alcanza 80 mm en madera verde, no tratada).<\/li>\n<li><strong>Capacidad de trabajo excepcional,<\/strong> puede manejar secuencias de trabajo pesadas y prolongadas, incluso cuando tritura constantemente madera grande, a nivel profesional.<\/li>\n<li><strong>Alta productividad por hora<\/strong>, mucho mejor que las trituradoras convencionales con rotores de cuchillas y martillos (puede alcanzar una productividad de 5 a 7 m3\/hora).<\/li>\n<\/ul>","protected":false},"excerpt":{"rendered":"<p>GeoTech Pro PCS 55 ET en un resumen: PCS: Profesional Cortadora Secadora, trituradora de ramas [&hellip;]<\/p>\n","protected":false},"featured_media":6650,"comment_status":"open","ping_status":"closed","template":"","meta":[],"product_brand":[],"product_cat":[134],"product_tag":[],"class_list":{"0":"post-6595","1":"product","2":"type-product","3":"status-publish","4":"has-post-thumbnail","6":"product_cat-broyeurs-de-branches-et-vegetaux","7":"product_shipping_class-livraison-gratuite","9":"first","10":"instock","11":"sale","12":"taxable","13":"shipping-taxable","14":"purchasable","15":"product-type-simple"},"_links":{"self":[{"href":"https:\/\/cabashippinginternational.com\/en\/wp-json\/wp\/v2\/product\/6595","targetHints":{"allow":["GET"]}}],"collection":[{"href":"https:\/\/cabashippinginternational.com\/en\/wp-json\/wp\/v2\/product"}],"about":[{"href":"https:\/\/cabashippinginternational.com\/en\/wp-json\/wp\/v2\/types\/product"}],"replies":[{"embeddable":true,"href":"https:\/\/cabashippinginternational.com\/en\/wp-json\/wp\/v2\/comments?post=6595"}],"wp:featuredmedia":[{"embeddable":true,"href":"https:\/\/cabashippinginternational.com\/en\/wp-json\/wp\/v2\/media\/6650"}],"wp:attachment":[{"href":"https:\/\/cabashippinginternational.com\/en\/wp-json\/wp\/v2\/media?parent=6595"}],"wp:term":[{"taxonomy":"product_brand","embeddable":true,"href":"https:\/\/cabashippinginternational.com\/en\/wp-json\/wp\/v2\/product_brand?post=6595"},{"taxonomy":"product_cat","embeddable":true,"href":"https:\/\/cabashippinginternational.com\/en\/wp-json\/wp\/v2\/product_cat?post=6595"},{"taxonomy":"product_tag","embeddable":true,"href":"https:\/\/cabashippinginternational.com\/en\/wp-json\/wp\/v2\/product_tag?post=6595"}],"curies":[{"name":"wp","href":"https:\/\/api.w.org\/{rel}","templated":true}]}}