{"id":6594,"date":"2026-01-07T15:46:56","date_gmt":"2026-01-07T15:46:56","guid":{"rendered":"https:\/\/elektronica-aanhangers-houten.nl\/?post_type=product&#038;p=6594"},"modified":"2026-02-22T08:30:15","modified_gmt":"2026-02-22T08:30:15","slug":"geotech-broyeur-thermique-professionnel-geotech-pcs-160-bse-pro-neuf","status":"publish","type":"product","link":"https:\/\/cabashippinginternational.com\/en\/produit\/geotech-broyeur-thermique-professionnel-geotech-pcs-160-bse-pro-neuf\/","title":{"rendered":"GeoTech &#8211; Destruidor de papel t\u00e9rmico profesional GeoTech PCS 160 BSE PRO &#8211; Nuevo"},"content":{"rendered":"<p><strong>GeoTech Pro PCS 160 BSE PRO<\/strong> en un resumen:<\/p>\n<ul>\n<li><strong>PCS:<\/strong> <strong>P<\/strong>rofesional <strong>C<\/strong>ortadora <strong>S<\/strong>ecadora, trituradora de ramas profesional<\/li>\n<li><strong>BSE: B<\/strong>riggs&amp;<strong>S<\/strong>tratton<strong> E<\/strong>l\u00e9ctrico, indica la marca del motor y el tipo de arranque, en este caso el\u00e9ctrico<\/li>\n<\/ul>\n<p>La <strong>GeoTech Pro PCS 160 BSE<\/strong> trituradora de ramas y plantas est\u00e1 especialmente dise\u00f1ada para triturar ramas y ramitas grandes y medianas <strong>reduce el volumen de residuos en 5\/6 veces<\/strong>. Ideal para la silvicultura y el mantenimiento de \u00e1reas verdes que desean deshacerse r\u00e1pidamente de sus residuos vegetales. Equipado con un <strong>gancho<\/strong>, conveniente para el transporte por todos los medios, y modernas medidas de seguridad el\u00e9ctrica seg\u00fan la norma CE.<\/p>\n<p>Los <strong>puntos fuertes<\/strong> de <strong>GeoTech Pro PCS 160 BSE<\/strong> son:<\/p>\n<ul>\n<li><strong>Solidez<\/strong> gracias al sistema de rotor de acero.<\/li>\n<li><strong>Di\u00e1metro de corte<\/strong> (puede manejar f\u00e1cilmente hasta 100 mm en madera verde, no seca, en comparaci\u00f3n con los 80 mm m\u00e1ximos que generalmente manejan las trituradoras para instalaciones t\u00e9rmicas).<\/li>\n<li><strong>Capacidad de trabajo excepcional,<\/strong> puede soportar secuencias de trabajo pesadas y prolongadas, incluso cuando tritura constantemente madera grande, a nivel profesional.<\/li>\n<li><strong>Alta productividad por hora<\/strong>, mucho mejor que las trituradoras convencionales.<\/li>\n<\/ul>","protected":false},"excerpt":{"rendered":"<p>GeoTech Pro PCS 160 BSE PRO en un resumen: PCS: Profesional Cortadora Secadora, trituradora de [&hellip;]<\/p>\n","protected":false},"featured_media":6641,"comment_status":"open","ping_status":"closed","template":"","meta":[],"product_brand":[],"product_cat":[134],"product_tag":[],"class_list":{"0":"post-6594","1":"product","2":"type-product","3":"status-publish","4":"has-post-thumbnail","6":"product_cat-broyeurs-de-branches-et-vegetaux","7":"product_shipping_class-livraison-gratuite","9":"first","10":"instock","11":"sale","12":"taxable","13":"shipping-taxable","14":"purchasable","15":"product-type-simple"},"_links":{"self":[{"href":"https:\/\/cabashippinginternational.com\/en\/wp-json\/wp\/v2\/product\/6594","targetHints":{"allow":["GET"]}}],"collection":[{"href":"https:\/\/cabashippinginternational.com\/en\/wp-json\/wp\/v2\/product"}],"about":[{"href":"https:\/\/cabashippinginternational.com\/en\/wp-json\/wp\/v2\/types\/product"}],"replies":[{"embeddable":true,"href":"https:\/\/cabashippinginternational.com\/en\/wp-json\/wp\/v2\/comments?post=6594"}],"wp:featuredmedia":[{"embeddable":true,"href":"https:\/\/cabashippinginternational.com\/en\/wp-json\/wp\/v2\/media\/6641"}],"wp:attachment":[{"href":"https:\/\/cabashippinginternational.com\/en\/wp-json\/wp\/v2\/media?parent=6594"}],"wp:term":[{"taxonomy":"product_brand","embeddable":true,"href":"https:\/\/cabashippinginternational.com\/en\/wp-json\/wp\/v2\/product_brand?post=6594"},{"taxonomy":"product_cat","embeddable":true,"href":"https:\/\/cabashippinginternational.com\/en\/wp-json\/wp\/v2\/product_cat?post=6594"},{"taxonomy":"product_tag","embeddable":true,"href":"https:\/\/cabashippinginternational.com\/en\/wp-json\/wp\/v2\/product_tag?post=6594"}],"curies":[{"name":"wp","href":"https:\/\/api.w.org\/{rel}","templated":true}]}}