{"id":6593,"date":"2026-01-07T15:46:56","date_gmt":"2026-01-07T15:46:56","guid":{"rendered":"https:\/\/elektronica-aanhangers-houten.nl\/?post_type=product&#038;p=6593"},"modified":"2026-02-22T08:30:23","modified_gmt":"2026-02-22T08:30:23","slug":"broyeur-thermique-bio-s2-65a-avec-moteur-loncin-65-cv","status":"publish","type":"product","link":"https:\/\/cabashippinginternational.com\/en\/produit\/broyeur-thermique-bio-s2-65a-avec-moteur-loncin-65-cv\/","title":{"rendered":"BIO.S2.65A trituradora t\u00e9rmica con motor Loncin de 6,5 HP"},"content":{"rendered":"<div class=\"flex-1 overflow-hidden\">\n<div class=\"react-scroll-to-bottom--css-fvufm-79elbk h-full\">\n<div class=\"react-scroll-to-bottom--css-fvufm-1n7m0yu\">\n<flex-col pb-9 text-sm\"><\/p>\n<div class=\"w-full text-token-text-primary\" data-testid=\"conversation-turn-19\">\n<div class=\"px-4 py-2 justify-center text-base md:gap-6 m-auto\">\n<div class=\"flex flex-1 text-base mx-auto gap-3 md:px-5 lg:px-1 xl:px-5 md:max-w-3xl lg:max-w-[40rem] xl:max-w-[48rem] group final-completion\">\n<div class=\"relative flex w-full flex-col lg:w-[calc(100%-115px)] agent-turn\">\n<div class=\"flex-col gap-1 md:gap-3\">\n<div class=\"flex flex-grow flex-col max-w-full\">\n<div class=\"min-h-[20px] text-message flex-col items-start gap-3 whitespace-pre-wrap break-words [.text-message+&amp;]:mt-5 overflow-x-auto\" data-message-author-role=\"assistant\" data-message-id=\"76d64cd5-f4c4-46f5-8f25-469b13ced73e\">\n<div class=\"markdown prose w-full break-words dark:prose-invert dark\">\n<p><strong>Potente trituradora de plantas para triturar y compostar<\/strong><\/p>\n<p>Las trituradoras de plantas y ramas juegan un papel crucial en la compostaci\u00f3n de restos de plantas, follaje y ramas peque\u00f1as, y reducen significativamente el tiempo de descomposici\u00f3n. Descubre las caracter\u00edsticas principales de nuestro modelo, dise\u00f1ado para combinar potencia y eficiencia.<\/p>\n<p><strong>Caracter\u00edsticas principales:<\/strong><\/p>\n<ul>\n<li><strong>Amplia tolva de acero:<\/strong>\n<ul>\n<li>Tolva extra grande que puede procesar incluso las ramas y arbustos m\u00e1s grandes sin necesidad de pretrituraci\u00f3n.<br \/>\n","protected":false},"excerpt":{"rendered":"","protected":false},"featured_media":6640,"comment_status":"open","ping_status":"closed","template":"","meta":[],"product_brand":[],"product_cat":[134],"product_tag":[],"class_list":{"0":"post-6593","1":"product","2":"type-product","3":"status-publish","4":"has-post-thumbnail","6":"product_cat-broyeurs-de-branches-et-vegetaux","7":"product_shipping_class-livraison-gratuite","9":"first","10":"instock","11":"sale","12":"taxable","13":"shipping-taxable","14":"purchasable","15":"product-type-simple"},"_links":{"self":[{"href":"https:\/\/cabashippinginternational.com\/en\/wp-json\/wp\/v2\/product\/6593","targetHints":{"allow":["GET"]}}],"collection":[{"href":"https:\/\/cabashippinginternational.com\/en\/wp-json\/wp\/v2\/product"}],"about":[{"href":"https:\/\/cabashippinginternational.com\/en\/wp-json\/wp\/v2\/types\/product"}],"replies":[{"embeddable":true,"href":"https:\/\/cabashippinginternational.com\/en\/wp-json\/wp\/v2\/comments?post=6593"}],"wp:featuredmedia":[{"embeddable":true,"href":"https:\/\/cabashippinginternational.com\/en\/wp-json\/wp\/v2\/media\/6640"}],"wp:attachment":[{"href":"https:\/\/cabashippinginternational.com\/en\/wp-json\/wp\/v2\/media?parent=6593"}],"wp:term":[{"taxonomy":"product_brand","embeddable":true,"href":"https:\/\/cabashippinginternational.com\/en\/wp-json\/wp\/v2\/product_brand?post=6593"},{"taxonomy":"product_cat","embeddable":true,"href":"https:\/\/cabashippinginternational.com\/en\/wp-json\/wp\/v2\/product_cat?post=6593"},{"taxonomy":"product_tag","embeddable":true,"href":"https:\/\/cabashippinginternational.com\/en\/wp-json\/wp\/v2\/product_tag?post=6593"}],"curies":[{"name":"wp","href":"https:\/\/api.w.org\/{rel}","templated":true}]}}