{"id":6592,"date":"2026-01-07T15:46:55","date_gmt":"2026-01-07T15:46:55","guid":{"rendered":"https:\/\/elektronica-aanhangers-houten.nl\/?post_type=product&#038;p=6592"},"modified":"2026-02-22T08:30:30","modified_gmt":"2026-02-22T08:30:30","slug":"broyeur-de-branches-et-vegetaux-pour-tracteur-bio-s2-pf","status":"publish","type":"product","link":"https:\/\/cabashippinginternational.com\/en\/produit\/broyeur-de-branches-et-vegetaux-pour-tracteur-bio-s2-pf\/","title":{"rendered":"BIO.S2.PF astilladora de ramas y plantas para tractores"},"content":{"rendered":"<p>La trituradora de ramas BIO.S2.PF es un dispositivo profesional de alta calidad, dise\u00f1ado con precisi\u00f3n en Italia para garantizar un rendimiento fiable y eficiente al triturar residuos vegetales de gran di\u00e1metro. A continuaci\u00f3n se presenta un resumen de las funciones avanzadas y la funcionalidad bien pensada:<\/p>\n<ol>\n<li><strong>Dise\u00f1o profesional italiano<\/strong>: Fabricada en Italia, esta trituradora profesional de card\u00e1n ofrece una calidad superior y una fiabilidad mejorada.<\/li>\n<li><strong>Amplia y vers\u00e1til tolva de alimentaci\u00f3n<\/strong>: En la amplia tolva de alimentaci\u00f3n se puede verter f\u00e1cilmente residuos vegetales ramificados, con una impresionante capacidad de triturado de hasta 50 mm de di\u00e1metro.<\/li>\n<li><strong>Sistema de fijaci\u00f3n robusto y caja de engranajes<\/strong>: Esta trituradora cuenta con un sistema de fijaci\u00f3n de 3 puntos para tractores con toma de fuerza y es f\u00e1cil de activar. La reductora de engranajes en ba\u00f1o de aceite garantiza una durabilidad \u00f3ptima.<\/li>\n<li><strong>Rotor de alto rendimiento<\/strong>: El rotor est\u00e1 equipado con 2 cuchillas intercambiables, una contracuchilla y 6 martillos rotativos para un triturado eficiente. Las paredes de goma protectoras aumentan la seguridad.<\/li>\n<li><strong>Conexi\u00f3n de PTO y ruedas robustas<\/strong>: La conexi\u00f3n de toma de fuerza montada en el tractor facilita la activaci\u00f3n de la trituradora. Las grandes ruedas de goma son fuertes e ideales para circular por diferentes terrenos, con una palanca vers\u00e1til en la tolva de alimentaci\u00f3n para un desplazamiento sin esfuerzo.<\/li>\n<\/ol>","protected":false},"excerpt":{"rendered":"<p>La trituradora de ramas BIO.S2.PF es un dispositivo profesional de alta calidad, dise\u00f1ado con precisi\u00f3n [&hellip;]<\/p>\n","protected":false},"featured_media":6639,"comment_status":"open","ping_status":"closed","template":"","meta":[],"product_brand":[],"product_cat":[134],"product_tag":[],"class_list":{"0":"post-6592","1":"product","2":"type-product","3":"status-publish","4":"has-post-thumbnail","6":"product_cat-broyeurs-de-branches-et-vegetaux","7":"product_shipping_class-livraison-gratuite","9":"first","10":"instock","11":"sale","12":"taxable","13":"shipping-taxable","14":"purchasable","15":"product-type-simple"},"_links":{"self":[{"href":"https:\/\/cabashippinginternational.com\/en\/wp-json\/wp\/v2\/product\/6592","targetHints":{"allow":["GET"]}}],"collection":[{"href":"https:\/\/cabashippinginternational.com\/en\/wp-json\/wp\/v2\/product"}],"about":[{"href":"https:\/\/cabashippinginternational.com\/en\/wp-json\/wp\/v2\/types\/product"}],"replies":[{"embeddable":true,"href":"https:\/\/cabashippinginternational.com\/en\/wp-json\/wp\/v2\/comments?post=6592"}],"wp:featuredmedia":[{"embeddable":true,"href":"https:\/\/cabashippinginternational.com\/en\/wp-json\/wp\/v2\/media\/6639"}],"wp:attachment":[{"href":"https:\/\/cabashippinginternational.com\/en\/wp-json\/wp\/v2\/media?parent=6592"}],"wp:term":[{"taxonomy":"product_brand","embeddable":true,"href":"https:\/\/cabashippinginternational.com\/en\/wp-json\/wp\/v2\/product_brand?post=6592"},{"taxonomy":"product_cat","embeddable":true,"href":"https:\/\/cabashippinginternational.com\/en\/wp-json\/wp\/v2\/product_cat?post=6592"},{"taxonomy":"product_tag","embeddable":true,"href":"https:\/\/cabashippinginternational.com\/en\/wp-json\/wp\/v2\/product_tag?post=6592"}],"curies":[{"name":"wp","href":"https:\/\/api.w.org\/{rel}","templated":true}]}}