{"id":6581,"date":"2026-01-07T15:46:34","date_gmt":"2026-01-07T15:46:34","guid":{"rendered":"https:\/\/elektronica-aanhangers-houten.nl\/?post_type=product&#038;p=6581"},"modified":"2026-02-22T08:49:51","modified_gmt":"2026-02-22T08:49:51","slug":"ceccato-olindo-broyeur-de-branches-pour-tracteur-professionnel-ceccato-tritone-monster-p-t-o","status":"publish","type":"product","link":"https:\/\/cabashippinginternational.com\/en\/produit\/ceccato-olindo-broyeur-de-branches-pour-tracteur-professionnel-ceccato-tritone-monster-p-t-o\/","title":{"rendered":"Ceccato Olindo-Branch trituradora para tractores profesionales Ceccato Tritone Monster P.T.O."},"content":{"rendered":"<p><strong>Tritone Monster P.T.O. &#8211; La potencia italiana de las verduras trituradas<\/strong><\/p>\n<p>El Tritone Monster P.T.O. se presenta como una trituradora de ramas y plantas profesional, completamente dise\u00f1ada en Italia, y ofrece una soluci\u00f3n robusta y potente para triturar grandes cantidades de residuos vegetales. Tambi\u00e9n cuenta con caracter\u00edsticas y funciones que la hacen ideal para realizar una amplia gama de sesiones fotogr\u00e1ficas.<\/p>\n<p><strong>Caracter\u00edsticas principales:<\/strong><\/p>\n<ol>\n<li><strong>Dise\u00f1o italiano robusto:<\/strong>\n<ul>\n<li>La trituradora de ramas profesional, completamente dise\u00f1ada en Italia, garantiza calidad y fiabilidad.<\/li>\n<\/ul>\n<\/li>\n<li><strong>Amplia capacidad de trituraci\u00f3n:<\/strong>\n<ul>\n<li>Puede triturar con un di\u00e1metro de hasta 100 mm, lo que proporciona versatilidad para diferentes tipos de vegetaci\u00f3n.<\/li>\n<\/ul>\n<\/li>\n<li><strong>Gran embudo de alimentaci\u00f3n plegable:<\/strong>\n<ul>\n<li>Amplio embudo de llenado para facilitar la inserci\u00f3n de ramas.<\/li>\n<li>Embudo de llenado plegable para un f\u00e1cil transporte y almacenamiento, con tuercas no desmontables para una sujeci\u00f3n segura.<\/li>\n<\/ul>\n<\/li>\n<li><strong>Compuerta de descarga orientable:<\/strong>\n<ul>\n<li>Compuerta de descarga orientable de 360\u00b0, que permite descargar f\u00e1cilmente en diferentes direcciones.<\/li>\n<li>Altura de descarga de aproximadamente dos metros, lo que facilita el llenado de contenedores.<\/li>\n<\/ul>\n<\/li>\n<li><strong>Corte de alto rendimiento:<\/strong><br \/>","protected":false},"excerpt":{"rendered":"<p>Tritone Monster P.T.O. &#8211; La potencia italiana de las verduras trituradas El Tritone Monster P.T.O. [&hellip;]<\/p>\n","protected":false},"featured_media":6636,"comment_status":"open","ping_status":"closed","template":"","meta":[],"product_brand":[],"product_cat":[134],"product_tag":[],"class_list":{"0":"post-6581","1":"product","2":"type-product","3":"status-publish","4":"has-post-thumbnail","6":"product_cat-broyeurs-de-branches-et-vegetaux","7":"product_shipping_class-livraison-gratuite","9":"first","10":"instock","11":"sale","12":"taxable","13":"shipping-taxable","14":"purchasable","15":"product-type-simple"},"_links":{"self":[{"href":"https:\/\/cabashippinginternational.com\/en\/wp-json\/wp\/v2\/product\/6581","targetHints":{"allow":["GET"]}}],"collection":[{"href":"https:\/\/cabashippinginternational.com\/en\/wp-json\/wp\/v2\/product"}],"about":[{"href":"https:\/\/cabashippinginternational.com\/en\/wp-json\/wp\/v2\/types\/product"}],"replies":[{"embeddable":true,"href":"https:\/\/cabashippinginternational.com\/en\/wp-json\/wp\/v2\/comments?post=6581"}],"wp:featuredmedia":[{"embeddable":true,"href":"https:\/\/cabashippinginternational.com\/en\/wp-json\/wp\/v2\/media\/6636"}],"wp:attachment":[{"href":"https:\/\/cabashippinginternational.com\/en\/wp-json\/wp\/v2\/media?parent=6581"}],"wp:term":[{"taxonomy":"product_brand","embeddable":true,"href":"https:\/\/cabashippinginternational.com\/en\/wp-json\/wp\/v2\/product_brand?post=6581"},{"taxonomy":"product_cat","embeddable":true,"href":"https:\/\/cabashippinginternational.com\/en\/wp-json\/wp\/v2\/product_cat?post=6581"},{"taxonomy":"product_tag","embeddable":true,"href":"https:\/\/cabashippinginternational.com\/en\/wp-json\/wp\/v2\/product_tag?post=6581"}],"curies":[{"name":"wp","href":"https:\/\/api.w.org\/{rel}","templated":true}]}}