{"id":6580,"date":"2026-01-07T15:46:34","date_gmt":"2026-01-07T15:46:34","guid":{"rendered":"https:\/\/elektronica-aanhangers-houten.nl\/?post_type=product&#038;p=6580"},"modified":"2026-02-22T08:49:57","modified_gmt":"2026-02-22T08:49:57","slug":"ceccato-olindo-broyeur-de-branches-et-vegetaux-pour-tracteur-ceccato-tritone-maxi-pto-attelage-3-points-neuf","status":"publish","type":"product","link":"https:\/\/cabashippinginternational.com\/en\/produit\/ceccato-olindo-broyeur-de-branches-et-vegetaux-pour-tracteur-ceccato-tritone-maxi-pto-attelage-3-points-neuf\/","title":{"rendered":"Ceccato olindo-Branch- en trituradora de plantas para Ceccato Tritone Maxi toma de fuerza-tractor 3 puntos sistema de elevaci\u00f3n-Nuevo"},"content":{"rendered":"<p><strong>Ceccato Tritone Maxi PTO<\/strong> trituradora de tractor de <strong>clase profesional<\/strong>.<\/p>\n<p>La trituradora de plantas (tambi\u00e9n conocida como desmenuzadora) corta y reduce todos los residuos vegetales (ramas, follaje) en peque\u00f1os trozos, que ocupan poco espacio y est\u00e1n listos para la compostaje. El uso de material vegetal tambi\u00e9n ayuda a reducir la cantidad de residuos.<\/p>\n<p><strong>La trituradora Ceccato Tritone Maxi PTO<\/strong> tiene un gran embudo de acero que puede procesar residuos le\u00f1osos, duros o blandos, grandes o peque\u00f1os, voluminosos o simples, sin necesidad de preparaci\u00f3n y limpieza previa. La corta longitud del embudo tambi\u00e9n permite utilizar una amplia gama de materiales.<\/p>\n<p>El di\u00e1metro es de 80 mm.<\/p>\n<p>El toma de fuerza se encuentra a 60 cm del suelo.<\/p>\n<p>Funciona con tractores de hasta 18 hp.<\/p>\n<p>Esta es una trituradora para tractor <strong>HECHA EN ITALIA<\/strong>, construida seg\u00fan la l\u00f3gica de grandes trituradoras, lo que permite obtener resultados \u00f3ptimos en t\u00e9rminos de corte, velocidad y fiabilidad, de acuerdo con las \u00faltimas normas de seguridad europeas en el lugar de trabajo.<\/p>\n<p>Potencia m\u00ednima requerida del tractor: <strong>18 HP<\/strong>.<\/p>\n<p>Las trituradoras de plantas (tambi\u00e9n conocidas como desmenuzadoras) cortan todos los residuos vegetales (ramas, follaje) en trozos peque\u00f1os, de modo que ocupen poco espacio y est\u00e9n listos para la compostaje. La eliminaci\u00f3n de los residuos verdes tambi\u00e9n conduce a la descomposici\u00f3n.<\/p>","protected":false},"excerpt":{"rendered":"<p>Ceccato Tritone Maxi PTO trituradora de tractor de clase profesional. La trituradora de plantas (tambi\u00e9n [&hellip;]<\/p>\n","protected":false},"featured_media":6635,"comment_status":"open","ping_status":"closed","template":"","meta":[],"product_brand":[],"product_cat":[134],"product_tag":[],"class_list":{"0":"post-6580","1":"product","2":"type-product","3":"status-publish","4":"has-post-thumbnail","6":"product_cat-broyeurs-de-branches-et-vegetaux","7":"product_shipping_class-livraison-gratuite","9":"first","10":"instock","11":"sale","12":"taxable","13":"shipping-taxable","14":"purchasable","15":"product-type-simple"},"_links":{"self":[{"href":"https:\/\/cabashippinginternational.com\/en\/wp-json\/wp\/v2\/product\/6580","targetHints":{"allow":["GET"]}}],"collection":[{"href":"https:\/\/cabashippinginternational.com\/en\/wp-json\/wp\/v2\/product"}],"about":[{"href":"https:\/\/cabashippinginternational.com\/en\/wp-json\/wp\/v2\/types\/product"}],"replies":[{"embeddable":true,"href":"https:\/\/cabashippinginternational.com\/en\/wp-json\/wp\/v2\/comments?post=6580"}],"wp:featuredmedia":[{"embeddable":true,"href":"https:\/\/cabashippinginternational.com\/en\/wp-json\/wp\/v2\/media\/6635"}],"wp:attachment":[{"href":"https:\/\/cabashippinginternational.com\/en\/wp-json\/wp\/v2\/media?parent=6580"}],"wp:term":[{"taxonomy":"product_brand","embeddable":true,"href":"https:\/\/cabashippinginternational.com\/en\/wp-json\/wp\/v2\/product_brand?post=6580"},{"taxonomy":"product_cat","embeddable":true,"href":"https:\/\/cabashippinginternational.com\/en\/wp-json\/wp\/v2\/product_cat?post=6580"},{"taxonomy":"product_tag","embeddable":true,"href":"https:\/\/cabashippinginternational.com\/en\/wp-json\/wp\/v2\/product_tag?post=6580"}],"curies":[{"name":"wp","href":"https:\/\/api.w.org\/{rel}","templated":true}]}}