{"id":6579,"date":"2026-01-07T15:46:34","date_gmt":"2026-01-07T15:46:34","guid":{"rendered":"https:\/\/elektronica-aanhangers-houten.nl\/?post_type=product&#038;p=6579"},"modified":"2026-02-22T08:50:05","modified_gmt":"2026-02-22T08:50:05","slug":"ceccato-olindo-broyeur-de-branches-a-moteur-electrique-ceccato-olindo-tritone-monster-electric-triphase-12-5-cv","status":"publish","type":"product","link":"https:\/\/cabashippinginternational.com\/en\/produit\/ceccato-olindo-broyeur-de-branches-a-moteur-electrique-ceccato-olindo-tritone-monster-electric-triphase-12-5-cv\/","title":{"rendered":"Ceccato Olindo Tritone Monster Trituradora el\u00e9ctrica de ramas &#8211; 12,5 hp"},"content":{"rendered":"<p><strong>Ceccato TRITONE MONSTER ELECTRIC 12,5 PK Trif\u00e1sico &#8211; Optimizaci\u00f3n del triturado con potencia y eficiencia profesional<\/strong><\/p>\n<p>La trituradora Ceccato TRITONE MONSTER ELECTRIC 12,5 PK trif\u00e1sica es una soluci\u00f3n profesional con un rendimiento excepcional para triturar r\u00e1pida y eficientemente ramas con un di\u00e1metro de hasta 10 cm. Con un motor el\u00e9ctrico trif\u00e1sico de calidad italiana superior, una construcci\u00f3n robusta y funciones innovadoras, esta trituradora satisface las necesidades de los trituradores profesionales.<\/p>\n<p><strong>Caracter\u00edsticas principales:<\/strong><\/p>\n<ol>\n<li><strong>Poderoso motor el\u00e9ctrico:<\/strong>\n<ul>\n<li>Motor el\u00e9ctrico trif\u00e1sico de 12,5 hp, de calidad italiana superior, con bobinado de cobre reforzado.<\/li>\n<li>Potencia que garantiza un triturado \u00f3ptimo de ramas y brotes.<\/li>\n<\/ul>\n<\/li>\n<li><strong>Embudo de carga de gran tama\u00f1o:<\/strong>\n<ul>\n<li>Embudo de carga para la entrada de ramas voluminosas y hojas.<\/li>\n<li>Gran embudo de entrada (620 x 520 cm) para una capacidad de entrada m\u00e1xima.<\/li>\n<\/ul>\n<\/li>\n<li><strong>Reducci\u00f3n de di\u00e1metro hasta 100 mm:<\/strong>\n<ul>\n<li>Posibilidad de reducir ramas hasta 100 mm de di\u00e1metro.<\/li>\n<li>Reducci\u00f3n significativa del tiempo de vinculaci\u00f3n del material.<\/li>\n<\/ul>\n<\/li>\n<li><strong>Construcci\u00f3n italiana de alta calidad:<\/strong>\n<ul>\n<li>Montado en Italia seg\u00fan los est\u00e1ndares de grandes trituradoras, para un o<br \/>","protected":false},"excerpt":{"rendered":"<p>Ceccato TRITONE MONSTER ELECTRIC 12,5 PK Trif\u00e1sico &#8211; Optimizaci\u00f3n del triturado con potencia y eficiencia [&hellip;]<\/p>\n","protected":false},"featured_media":6635,"comment_status":"open","ping_status":"closed","template":"","meta":[],"product_brand":[],"product_cat":[134],"product_tag":[],"class_list":{"0":"post-6579","1":"product","2":"type-product","3":"status-publish","4":"has-post-thumbnail","6":"product_cat-broyeurs-de-branches-et-vegetaux","7":"product_shipping_class-livraison-gratuite","9":"first","10":"instock","11":"sale","12":"taxable","13":"shipping-taxable","14":"purchasable","15":"product-type-simple"},"_links":{"self":[{"href":"https:\/\/cabashippinginternational.com\/en\/wp-json\/wp\/v2\/product\/6579","targetHints":{"allow":["GET"]}}],"collection":[{"href":"https:\/\/cabashippinginternational.com\/en\/wp-json\/wp\/v2\/product"}],"about":[{"href":"https:\/\/cabashippinginternational.com\/en\/wp-json\/wp\/v2\/types\/product"}],"replies":[{"embeddable":true,"href":"https:\/\/cabashippinginternational.com\/en\/wp-json\/wp\/v2\/comments?post=6579"}],"wp:featuredmedia":[{"embeddable":true,"href":"https:\/\/cabashippinginternational.com\/en\/wp-json\/wp\/v2\/media\/6635"}],"wp:attachment":[{"href":"https:\/\/cabashippinginternational.com\/en\/wp-json\/wp\/v2\/media?parent=6579"}],"wp:term":[{"taxonomy":"product_brand","embeddable":true,"href":"https:\/\/cabashippinginternational.com\/en\/wp-json\/wp\/v2\/product_brand?post=6579"},{"taxonomy":"product_cat","embeddable":true,"href":"https:\/\/cabashippinginternational.com\/en\/wp-json\/wp\/v2\/product_cat?post=6579"},{"taxonomy":"product_tag","embeddable":true,"href":"https:\/\/cabashippinginternational.com\/en\/wp-json\/wp\/v2\/product_tag?post=6579"}],"curies":[{"name":"wp","href":"https:\/\/api.w.org\/{rel}","templated":true}]}}