{"id":6578,"date":"2026-01-07T15:46:34","date_gmt":"2026-01-07T15:46:34","guid":{"rendered":"https:\/\/elektronica-aanhangers-houten.nl\/?post_type=product&#038;p=6578"},"modified":"2026-02-22T08:50:12","modified_gmt":"2026-02-22T08:50:12","slug":"ceccato-olindo-broyeur-avec-moteur-electrique-ceccato-tritone-one-triphase-4-cv","status":"publish","type":"product","link":"https:\/\/cabashippinginternational.com\/en\/produit\/ceccato-olindo-broyeur-avec-moteur-electrique-ceccato-tritone-one-triphase-4-cv\/","title":{"rendered":"Ceccato Olindo-Hakselaar con motor el\u00e9ctrico de corriente trif\u00e1sica Ceccato Tritone ONE de 4 CV"},"content":{"rendered":"<p><strong>Ceccato Tritone ONE el\u00e9ctrico &#8211; rendimiento y fiabilidad para una \u00f3ptima trituraci\u00f3n<\/strong><\/p>\n<p>La trituradora el\u00e9ctrica Ceccato Tritone ONE, con una potencia de 4 hp, representa la excelencia en el \u00e1mbito de la trituraci\u00f3n profesional. Dise\u00f1ada para triturar y reducir todo tipo de residuos vegetales a peque\u00f1os trozos, esta trituradora ofrece una soluci\u00f3n efectiva para preparar material para la compostaci\u00f3n, mientras se reduce significativamente el tiempo de descomposici\u00f3n.<\/p>\n<p><strong>Caracter\u00edsticas principales:<\/strong><\/p>\n<ol>\n<li><strong>Gran embudo de acero:<\/strong>\n<ul>\n<li>Amplio embudo de acero para la entrada de diferentes residuos le\u00f1osos sin preparaci\u00f3n previa.<\/li>\n<li>Gran capacidad de entrada de material para mayor eficiencia.<\/li>\n<\/ul>\n<\/li>\n<li><strong>Di\u00e1metro de corte de 50-60 mm:<\/strong>\n<ul>\n<li>Puede procesar residuos vegetales con un di\u00e1metro de corte de hasta 50-60 mm.<\/li>\n<li>Adecuado para una variedad de materiales le\u00f1osos.<\/li>\n<\/ul>\n<\/li>\n<li><strong>Construcci\u00f3n italiana de alta calidad:<\/strong>\n<ul>\n<li>Fabricado en Italia seg\u00fan altos est\u00e1ndares de calidad.<\/li>\n<li>Ofrece un ajuste \u00f3ptimo, velocidad de ejecuci\u00f3n y una fiabilidad excepcional.<\/li>\n<li>Cumple con las \u00faltimas normas de seguridad europeas.<\/li>\n<\/ul>\n<\/li>\n<li><strong>Dise\u00f1o ergon\u00f3mico y seguro:<\/strong>\n<ul>\n<li>El dise\u00f1o cumple estrictamente con las normas de seguridad actuales.<\/li>\n<li>Totalmente&#8230;<br \/>","protected":false},"excerpt":{"rendered":"<p>Ceccato Tritone ONE el\u00e9ctrico &#8211; rendimiento y fiabilidad para una \u00f3ptima trituraci\u00f3n La trituradora el\u00e9ctrica [&hellip;]<\/p>\n","protected":false},"featured_media":6625,"comment_status":"open","ping_status":"closed","template":"","meta":[],"product_brand":[],"product_cat":[134],"product_tag":[],"class_list":{"0":"post-6578","1":"product","2":"type-product","3":"status-publish","4":"has-post-thumbnail","6":"product_cat-broyeurs-de-branches-et-vegetaux","7":"product_shipping_class-livraison-gratuite","9":"first","10":"instock","11":"sale","12":"taxable","13":"shipping-taxable","14":"purchasable","15":"product-type-simple"},"_links":{"self":[{"href":"https:\/\/cabashippinginternational.com\/en\/wp-json\/wp\/v2\/product\/6578","targetHints":{"allow":["GET"]}}],"collection":[{"href":"https:\/\/cabashippinginternational.com\/en\/wp-json\/wp\/v2\/product"}],"about":[{"href":"https:\/\/cabashippinginternational.com\/en\/wp-json\/wp\/v2\/types\/product"}],"replies":[{"embeddable":true,"href":"https:\/\/cabashippinginternational.com\/en\/wp-json\/wp\/v2\/comments?post=6578"}],"wp:featuredmedia":[{"embeddable":true,"href":"https:\/\/cabashippinginternational.com\/en\/wp-json\/wp\/v2\/media\/6625"}],"wp:attachment":[{"href":"https:\/\/cabashippinginternational.com\/en\/wp-json\/wp\/v2\/media?parent=6578"}],"wp:term":[{"taxonomy":"product_brand","embeddable":true,"href":"https:\/\/cabashippinginternational.com\/en\/wp-json\/wp\/v2\/product_brand?post=6578"},{"taxonomy":"product_cat","embeddable":true,"href":"https:\/\/cabashippinginternational.com\/en\/wp-json\/wp\/v2\/product_cat?post=6578"},{"taxonomy":"product_tag","embeddable":true,"href":"https:\/\/cabashippinginternational.com\/en\/wp-json\/wp\/v2\/product_tag?post=6578"}],"curies":[{"name":"wp","href":"https:\/\/api.w.org\/{rel}","templated":true}]}}