{"id":6577,"date":"2026-01-07T15:46:33","date_gmt":"2026-01-07T15:46:33","guid":{"rendered":"https:\/\/elektronica-aanhangers-houten.nl\/?post_type=product&#038;p=6577"},"modified":"2026-02-22T08:50:16","modified_gmt":"2026-02-22T08:50:16","slug":"ceccato-olindo-broyeur-avec-moteur-electrique-ceccato-tritone-maxi-electric-triphase-7-5-cv","status":"publish","type":"product","link":"https:\/\/cabashippinginternational.com\/en\/produit\/ceccato-olindo-broyeur-avec-moteur-electrique-ceccato-tritone-maxi-electric-triphase-7-5-cv\/","title":{"rendered":"Ceccato olindo-Hakselaar con motor el\u00e9ctrico Ceccato Tritone Maxi Electric &#8211; Trif\u00e1sico 7,5 HP"},"content":{"rendered":"<p><strong>Ceccato TRITONE MAXI El\u00e9ctrico 7.5 HP Trif\u00e1sico &#8211; Potente, Eficiente y Ecol\u00f3gico<\/strong><\/p>\n<p>El triturador el\u00e9ctrico Ceccato TRITONE MAXI de 7,5 HP trif\u00e1sico se destaca como una m\u00e1quina profesional dise\u00f1ada para triturar ramas con un di\u00e1metro de hasta 7 cm de manera sencilla y eficiente. Equipado con un motor el\u00e9ctrico italiano de alta calidad, esta versi\u00f3n ecol\u00f3gica de la familia MAXI ofrece un rendimiento \u00f3ptimo de triturado.<\/p>\n<p><strong>Caracter\u00edsticas principales:<\/strong><\/p>\n<ol>\n<li><strong>7,5 hp trif\u00e1sico el<br \/>","protected":false},"excerpt":{"rendered":"<p>Ceccato TRITONE MAXI El\u00e9ctrico 7.5 HP Trif\u00e1sico &#8211; Potente, Eficiente y Ecol\u00f3gico El triturador el\u00e9ctrico [&hellip;]<\/p>\n","protected":false},"featured_media":6624,"comment_status":"open","ping_status":"closed","template":"","meta":[],"product_brand":[],"product_cat":[134],"product_tag":[],"class_list":{"0":"post-6577","1":"product","2":"type-product","3":"status-publish","4":"has-post-thumbnail","6":"product_cat-broyeurs-de-branches-et-vegetaux","7":"product_shipping_class-livraison-gratuite","9":"first","10":"instock","11":"sale","12":"taxable","13":"shipping-taxable","14":"purchasable","15":"product-type-simple"},"_links":{"self":[{"href":"https:\/\/cabashippinginternational.com\/en\/wp-json\/wp\/v2\/product\/6577","targetHints":{"allow":["GET"]}}],"collection":[{"href":"https:\/\/cabashippinginternational.com\/en\/wp-json\/wp\/v2\/product"}],"about":[{"href":"https:\/\/cabashippinginternational.com\/en\/wp-json\/wp\/v2\/types\/product"}],"replies":[{"embeddable":true,"href":"https:\/\/cabashippinginternational.com\/en\/wp-json\/wp\/v2\/comments?post=6577"}],"wp:featuredmedia":[{"embeddable":true,"href":"https:\/\/cabashippinginternational.com\/en\/wp-json\/wp\/v2\/media\/6624"}],"wp:attachment":[{"href":"https:\/\/cabashippinginternational.com\/en\/wp-json\/wp\/v2\/media?parent=6577"}],"wp:term":[{"taxonomy":"product_brand","embeddable":true,"href":"https:\/\/cabashippinginternational.com\/en\/wp-json\/wp\/v2\/product_brand?post=6577"},{"taxonomy":"product_cat","embeddable":true,"href":"https:\/\/cabashippinginternational.com\/en\/wp-json\/wp\/v2\/product_cat?post=6577"},{"taxonomy":"product_tag","embeddable":true,"href":"https:\/\/cabashippinginternational.com\/en\/wp-json\/wp\/v2\/product_tag?post=6577"}],"curies":[{"name":"wp","href":"https:\/\/api.w.org\/{rel}","templated":true}]}}