{"id":6576,"date":"2026-01-07T15:46:33","date_gmt":"2026-01-07T15:46:33","guid":{"rendered":"https:\/\/elektronica-aanhangers-houten.nl\/?post_type=product&#038;p=6576"},"modified":"2026-02-22T08:50:19","modified_gmt":"2026-02-22T08:50:19","slug":"ceccato-olindo-broyeur-autotracte-a-chenilles-sur-brouette-ceccato-olindo-tritone-big-cingo-moteur-honda-gx390","status":"publish","type":"product","link":"https:\/\/cabashippinginternational.com\/en\/produit\/ceccato-olindo-broyeur-autotracte-a-chenilles-sur-brouette-ceccato-olindo-tritone-big-cingo-moteur-honda-gx390\/","title":{"rendered":"Ceccato Olindo &#8211; Trituradora autopropulsada sobre orugas en carretilla Ceccato Olindo Tritone BIG CINGO &#8211; Motor Honda GX390"},"content":{"rendered":"<p><strong>Ceccato Tritone BIG CINGO &#8211; La trituradora autopropulsada para todos los terrenos<\/strong><\/p>\n<p>La trituradora autopropulsada Ceccato Tritone BIG CINGO es la soluci\u00f3n ideal para la trituraci\u00f3n profesional de residuos vegetales de hasta un di\u00e1metro m\u00e1ximo de 8 cm. Equipado con un motor Honda GX390 y cuchillas de alta calidad, esta trituradora ofrece un rendimiento excepcional y hace que la trituraci\u00f3n sea extremadamente sencilla. Esta m\u00e1quina autopropulsada se puede convertir en un pr\u00e1ctico kr<\/p>","protected":false},"excerpt":{"rendered":"<p>Ceccato Tritone BIG CINGO &#8211; La trituradora autopropulsada para todos los terrenos La trituradora autopropulsada [&hellip;]<\/p>\n","protected":false},"featured_media":6623,"comment_status":"open","ping_status":"closed","template":"","meta":[],"product_brand":[],"product_cat":[134],"product_tag":[],"class_list":{"0":"post-6576","1":"product","2":"type-product","3":"status-publish","4":"has-post-thumbnail","6":"product_cat-broyeurs-de-branches-et-vegetaux","7":"product_shipping_class-livraison-gratuite","9":"first","10":"instock","11":"sale","12":"taxable","13":"shipping-taxable","14":"purchasable","15":"product-type-simple"},"_links":{"self":[{"href":"https:\/\/cabashippinginternational.com\/en\/wp-json\/wp\/v2\/product\/6576","targetHints":{"allow":["GET"]}}],"collection":[{"href":"https:\/\/cabashippinginternational.com\/en\/wp-json\/wp\/v2\/product"}],"about":[{"href":"https:\/\/cabashippinginternational.com\/en\/wp-json\/wp\/v2\/types\/product"}],"replies":[{"embeddable":true,"href":"https:\/\/cabashippinginternational.com\/en\/wp-json\/wp\/v2\/comments?post=6576"}],"wp:featuredmedia":[{"embeddable":true,"href":"https:\/\/cabashippinginternational.com\/en\/wp-json\/wp\/v2\/media\/6623"}],"wp:attachment":[{"href":"https:\/\/cabashippinginternational.com\/en\/wp-json\/wp\/v2\/media?parent=6576"}],"wp:term":[{"taxonomy":"product_brand","embeddable":true,"href":"https:\/\/cabashippinginternational.com\/en\/wp-json\/wp\/v2\/product_brand?post=6576"},{"taxonomy":"product_cat","embeddable":true,"href":"https:\/\/cabashippinginternational.com\/en\/wp-json\/wp\/v2\/product_cat?post=6576"},{"taxonomy":"product_tag","embeddable":true,"href":"https:\/\/cabashippinginternational.com\/en\/wp-json\/wp\/v2\/product_tag?post=6576"}],"curies":[{"name":"wp","href":"https:\/\/api.w.org\/{rel}","templated":true}]}}