{"id":6575,"date":"2026-01-07T15:46:33","date_gmt":"2026-01-07T15:46:33","guid":{"rendered":"https:\/\/elektronica-aanhangers-houten.nl\/?post_type=product&#038;p=6575"},"modified":"2026-02-22T08:50:26","modified_gmt":"2026-02-22T08:50:26","slug":"bullmach-broyeur-thermique-tractable-bullmach-zeus-140-bh-le-loncin-420cm3-avec-demarrage-electrique-neuf","status":"publish","type":"product","link":"https:\/\/cabashippinginternational.com\/en\/produit\/bullmach-broyeur-thermique-tractable-bullmach-zeus-140-bh-le-loncin-420cm3-avec-demarrage-electrique-neuf\/","title":{"rendered":"BullMach &#8211; BullMach ZEUS 140 BH-LE trituradora t\u00e9rmica de remolque &#8211; Loncin 420cm3 con arranque el\u00e9ctrico &#8211; Nuevo"},"content":{"rendered":"<p><strong>BullMach ZEUS 140 BH-LE trituradora t\u00e9rmica<\/strong> reduce la le\u00f1a y las ramas a un tama\u00f1o manejable que es adecuado para la compostaje. El triturado en astillas peque\u00f1as tambi\u00e9n acorta el tiempo que la madera necesita para descomponerse.<\/p>\n<p><strong>BullMach ZEUS 140 BH-LE trituradora t\u00e9rmica<\/strong> est\u00e1 equipada con un gran embudo de alimentaci\u00f3n que puede procesar grandes vol\u00famenes de esti\u00e9rcol y hojas, sin necesidad de inspecci\u00f3n. Esta m\u00e1quina tiene una gran capacidad, lo que significa que se pueden hacer muchas recogidas de un lado.<\/p>\n<p>El di\u00e1metro es <strong>100mm<\/strong>.<\/p>\n<p>La trituradora BullMach ZEUS 140 BH-LE est\u00e1 dise\u00f1ada y construida para trabajar con ramas y troncos de gran di\u00e1metro (100 mm).<\/p>\n<ul>\n<li><strong>Robustez<\/strong> gracias al sistema de rotor de acero, es pr\u00e1cticamente eterna.<\/li>\n<li><strong>Di\u00e1metro de corte<\/strong> (alcanzando f\u00e1cilmente 100 mm en madera verde, no seca &#8211; pero para <strong>ramas de gran di\u00e1metro<\/strong> debe ser alimentada lentamente para poder cortar di\u00e1metros de estas grandes dimensiones, penetrando lentamente en la rama)<\/li>\n<li><strong>Capacidad de trabajo excepcional<\/strong>, puede manejar sesiones de trabajo intensivas, incluso con el afilado continuo de madera de gran di\u00e1metro a nivel profesional.<\/li>\n<li><strong>Alta potencia por hora<\/strong>, mucho mejor que las trituradoras de gasolina convencionales con cuchilla y rotor de martillo.<\/li>\n<\/ul>\n<p>Cuenta con un motor <strong>Loncin 420cm3 (15 HP)<\/strong> que&#8230;<\/p>","protected":false},"excerpt":{"rendered":"<p>BullMach ZEUS 140 BH-LE trituradora t\u00e9rmica reduce la le\u00f1a y las ramas a un tama\u00f1o [&hellip;]<\/p>\n","protected":false},"featured_media":6622,"comment_status":"open","ping_status":"closed","template":"","meta":[],"product_brand":[],"product_cat":[134],"product_tag":[],"class_list":{"0":"post-6575","1":"product","2":"type-product","3":"status-publish","4":"has-post-thumbnail","6":"product_cat-broyeurs-de-branches-et-vegetaux","7":"product_shipping_class-livraison-gratuite","9":"first","10":"instock","11":"sale","12":"taxable","13":"shipping-taxable","14":"purchasable","15":"product-type-simple"},"_links":{"self":[{"href":"https:\/\/cabashippinginternational.com\/en\/wp-json\/wp\/v2\/product\/6575","targetHints":{"allow":["GET"]}}],"collection":[{"href":"https:\/\/cabashippinginternational.com\/en\/wp-json\/wp\/v2\/product"}],"about":[{"href":"https:\/\/cabashippinginternational.com\/en\/wp-json\/wp\/v2\/types\/product"}],"replies":[{"embeddable":true,"href":"https:\/\/cabashippinginternational.com\/en\/wp-json\/wp\/v2\/comments?post=6575"}],"wp:featuredmedia":[{"embeddable":true,"href":"https:\/\/cabashippinginternational.com\/en\/wp-json\/wp\/v2\/media\/6622"}],"wp:attachment":[{"href":"https:\/\/cabashippinginternational.com\/en\/wp-json\/wp\/v2\/media?parent=6575"}],"wp:term":[{"taxonomy":"product_brand","embeddable":true,"href":"https:\/\/cabashippinginternational.com\/en\/wp-json\/wp\/v2\/product_brand?post=6575"},{"taxonomy":"product_cat","embeddable":true,"href":"https:\/\/cabashippinginternational.com\/en\/wp-json\/wp\/v2\/product_cat?post=6575"},{"taxonomy":"product_tag","embeddable":true,"href":"https:\/\/cabashippinginternational.com\/en\/wp-json\/wp\/v2\/product_tag?post=6575"}],"curies":[{"name":"wp","href":"https:\/\/api.w.org\/{rel}","templated":true}]}}