{"id":6574,"date":"2026-01-07T15:46:33","date_gmt":"2026-01-07T15:46:33","guid":{"rendered":"https:\/\/elektronica-aanhangers-houten.nl\/?post_type=product&#038;p=6574"},"modified":"2026-02-22T08:50:33","modified_gmt":"2026-02-22T08:50:33","slug":"broyeur-a-tracteur-800-3-p-avec-attache-3-points-broyeur-neuf","status":"publish","type":"product","link":"https:\/\/cabashippinginternational.com\/en\/produit\/broyeur-a-tracteur-800-3-p-avec-attache-3-points-broyeur-neuf\/","title":{"rendered":"Trekker trituradora 800 3 P con sistema de elevaci\u00f3n de 3 puntos &#8211; trituradora-Nueva"},"content":{"rendered":"<p><strong>Desmenuzadora de plantas 800 3P<\/strong> con <strong>tractor profesional<\/strong>.<\/p>\n<p><strong>La desmenuzadora de plantas 800 3P<\/strong> (tambi\u00e9n conocida como desmenuzadora) corta y reduce todos los residuos vegetales (ramas, follaje) a peque\u00f1os trozos, que luego ocupan poco espacio y est\u00e1n listos para la compostaci\u00f3n. El uso de materiales vegetales tambi\u00e9n es \u00fatil.<\/p>\n<p>La m\u00e1quina est\u00e1 equipada con una gran tolva que permite utilizar la m\u00e1quina para una amplia gama de trabajos, como duro o blando, grande o peque\u00f1o, voluminoso o no voluminoso, pero tambi\u00e9n para una amplia gama de preparaci\u00f3n o limpieza previa. El gran n\u00famero de implicados tambi\u00e9n significa que se puede utilizar mucho material en una o m\u00e1s \u00e1reas.<\/p>\n<p>El di\u00e1metro es de 80 mm.<\/p>\n<p>Esta es una desmenuzadora t\u00e9rmica <strong>HECHA EN ITALIA<\/strong>, construida seg\u00fan la l\u00f3gica de las grandes desmenuzadoras, lo que permite obtener resultados \u00f3ptimos en t\u00e9rminos de corte, velocidad y fiabilidad de acuerdo con las \u00faltimas normas de seguridad europeas en el lugar de trabajo.<\/p>\n<p><la m\u00e1quina est\u00e1 dise\u00f1ada en estricta conformidad con las \u00faltimas normas europeas.\n\n<strong>Potencia m\u00e1xima recomendada: 40 hp<\/strong>.<\/p>\n<p>El peso total de este producto es de 135 kg.<\/p>\n<p>Producci\u00f3n de 5-6 m3 por hora.<\/p>\n<p>Las desmenuzadoras de plantas (tambi\u00e9n conocidas como desmenuzadoras) trituran y reducen todos los residuos vegetales (ramas, follaje) a peque\u00f1os trozos, de modo que ocupen poco espacio y est\u00e9n listos para la compostaci\u00f3n. El uso de material vegetal ma<\/p>","protected":false},"excerpt":{"rendered":"<p>Desmenuzadora de plantas 800 3P con tractor profesional. La desmenuzadora de plantas 800 3P (tambi\u00e9n [&hellip;]<\/p>\n","protected":false},"featured_media":6621,"comment_status":"open","ping_status":"closed","template":"","meta":[],"product_brand":[],"product_cat":[134],"product_tag":[],"class_list":{"0":"post-6574","1":"product","2":"type-product","3":"status-publish","4":"has-post-thumbnail","6":"product_cat-broyeurs-de-branches-et-vegetaux","7":"product_shipping_class-livraison-gratuite","9":"first","10":"instock","11":"sale","12":"featured","13":"taxable","14":"shipping-taxable","15":"purchasable","16":"product-type-simple"},"_links":{"self":[{"href":"https:\/\/cabashippinginternational.com\/en\/wp-json\/wp\/v2\/product\/6574","targetHints":{"allow":["GET"]}}],"collection":[{"href":"https:\/\/cabashippinginternational.com\/en\/wp-json\/wp\/v2\/product"}],"about":[{"href":"https:\/\/cabashippinginternational.com\/en\/wp-json\/wp\/v2\/types\/product"}],"replies":[{"embeddable":true,"href":"https:\/\/cabashippinginternational.com\/en\/wp-json\/wp\/v2\/comments?post=6574"}],"wp:featuredmedia":[{"embeddable":true,"href":"https:\/\/cabashippinginternational.com\/en\/wp-json\/wp\/v2\/media\/6621"}],"wp:attachment":[{"href":"https:\/\/cabashippinginternational.com\/en\/wp-json\/wp\/v2\/media?parent=6574"}],"wp:term":[{"taxonomy":"product_brand","embeddable":true,"href":"https:\/\/cabashippinginternational.com\/en\/wp-json\/wp\/v2\/product_brand?post=6574"},{"taxonomy":"product_cat","embeddable":true,"href":"https:\/\/cabashippinginternational.com\/en\/wp-json\/wp\/v2\/product_cat?post=6574"},{"taxonomy":"product_tag","embeddable":true,"href":"https:\/\/cabashippinginternational.com\/en\/wp-json\/wp\/v2\/product_tag?post=6574"}],"curies":[{"name":"wp","href":"https:\/\/api.w.org\/{rel}","templated":true}]}}