{"id":6573,"date":"2026-01-07T15:46:33","date_gmt":"2026-01-07T15:46:33","guid":{"rendered":"https:\/\/elektronica-aanhangers-houten.nl\/?post_type=product&#038;p=6573"},"modified":"2026-02-22T08:50:40","modified_gmt":"2026-02-22T08:50:40","slug":"blue-bird-broyeur-a-moteur-thermique-blue-bird-shl-700-moteur-a-essence-loncin-6-5-cv-neuf","status":"publish","type":"product","link":"https:\/\/cabashippinginternational.com\/en\/produit\/blue-bird-broyeur-a-moteur-thermique-blue-bird-shl-700-moteur-a-essence-loncin-6-5-cv-neuf\/","title":{"rendered":"Trituradora Blue bird SHL 700 con motor de gasolina &#8211; Motor de gasolina Loncin 6,5 HP &#8211; Nuevo"},"content":{"rendered":"<p><strong>Desmenuzadora con motor de combusti\u00f3n<\/strong> <strong>Blue Bird SHL 700<\/strong> &#8211; Motor de gasolina Loncin de 6,5 hp.<\/p>\n<p><strong>Desmenuzadora de motor de combusti\u00f3n<\/strong> Una m\u00e1quina dise\u00f1ada para ramitas y triturar para facilitar el transporte y la compostaci\u00f3n.<\/p>\n<p>El material triturado tambi\u00e9n necesita menos tiempo para descomponerse.<\/p>\n<p><Gracias a la gran tolva de acero<\/strong> la m\u00e1quina tambi\u00e9n puede procesar ramas o hojas particularmente voluminosas.<\/p>\n<p>El di\u00e1metro m\u00e1ximo de corte es <strong>60 mm<\/strong>.<\/p>\n<p>La desmenuzadora es impulsada por un <strong>motor Loncin de 196 cm3, 6,5 HP<\/strong>.<\/p>\n<p>Esta desmenuzadora t\u00e9rmica est\u00e1 construida seg\u00fan la l\u00f3gica de las grandes desmenuzadoras, para que obtengas el m\u00e1ximo resultado en t\u00e9rminos de corte, velocidad y fiabilidad.<\/p>\n<h4 class=\"tab-title\">Motor t\u00e9rmico de 6,5 hp<\/h4>\n<div class=\"tab-body\">\n<div class=\"content\">\n<p>Caracter\u00edsticas:<\/p>\n<p>Modelo de motor: <strong>Loncin<\/strong><\/p>\n<p>Monocil\u00edndrico <strong>de 4 tiempos gasolina<\/strong><\/p>\n<p>Refrigeraci\u00f3n por aire forzada<\/p>\n<p>Cilindrada: 196 cm\u00b3<\/strong>.<\/p>\n<p>Potencia<strong>6,5 hp<\/strong>.<\/p>\n<p>Sistema de arranque de lanzamiento<\/strong>.<\/p>\n<p>Capacidad del tanque de combustible<strong>3,6 l<\/strong>.<\/p>\n<p>Capacidad del tanque de aceite de cadena<strong>0,6 l<\/strong>.<\/p>\n<p><Potencia reportada:<\/strong> 6,5 hp<br \/>\nEsta potencia, tambi\u00e9n conocida como potencia \u00abcomercial\u00bb, corresponde al antiguo est\u00e1ndar para nombrar la potencia que ha sido utilizado en los \u00faltimos a\u00f1os por todos los fabricantes de motores conocidos.<\/p>\n<p><strong>Efecti<\/p>","protected":false},"excerpt":{"rendered":"<p>Desmenuzadora con motor de combusti\u00f3n Blue Bird SHL 700 &#8211; Motor de gasolina Loncin de [&hellip;]<\/p>\n","protected":false},"featured_media":6620,"comment_status":"open","ping_status":"closed","template":"","meta":[],"product_brand":[],"product_cat":[134],"product_tag":[],"class_list":{"0":"post-6573","1":"product","2":"type-product","3":"status-publish","4":"has-post-thumbnail","6":"product_cat-broyeurs-de-branches-et-vegetaux","7":"product_shipping_class-livraison-gratuite","9":"first","10":"instock","11":"sale","12":"taxable","13":"shipping-taxable","14":"purchasable","15":"product-type-simple"},"_links":{"self":[{"href":"https:\/\/cabashippinginternational.com\/en\/wp-json\/wp\/v2\/product\/6573","targetHints":{"allow":["GET"]}}],"collection":[{"href":"https:\/\/cabashippinginternational.com\/en\/wp-json\/wp\/v2\/product"}],"about":[{"href":"https:\/\/cabashippinginternational.com\/en\/wp-json\/wp\/v2\/types\/product"}],"replies":[{"embeddable":true,"href":"https:\/\/cabashippinginternational.com\/en\/wp-json\/wp\/v2\/comments?post=6573"}],"wp:featuredmedia":[{"embeddable":true,"href":"https:\/\/cabashippinginternational.com\/en\/wp-json\/wp\/v2\/media\/6620"}],"wp:attachment":[{"href":"https:\/\/cabashippinginternational.com\/en\/wp-json\/wp\/v2\/media?parent=6573"}],"wp:term":[{"taxonomy":"product_brand","embeddable":true,"href":"https:\/\/cabashippinginternational.com\/en\/wp-json\/wp\/v2\/product_brand?post=6573"},{"taxonomy":"product_cat","embeddable":true,"href":"https:\/\/cabashippinginternational.com\/en\/wp-json\/wp\/v2\/product_cat?post=6573"},{"taxonomy":"product_tag","embeddable":true,"href":"https:\/\/cabashippinginternational.com\/en\/wp-json\/wp\/v2\/product_tag?post=6573"}],"curies":[{"name":"wp","href":"https:\/\/api.w.org\/{rel}","templated":true}]}}