{"id":6572,"date":"2026-01-07T15:46:33","date_gmt":"2026-01-07T15:46:33","guid":{"rendered":"https:\/\/elektronica-aanhangers-houten.nl\/?post_type=product&#038;p=6572"},"modified":"2026-02-22T08:50:47","modified_gmt":"2026-02-22T08:50:47","slug":"blackstone-broyeur-de-branches-thermique-professionnel-blackstone-gbd-1500-le-moteur-loncin-de-15-cv-neuf","status":"publish","type":"product","link":"https:\/\/cabashippinginternational.com\/en\/produit\/blackstone-broyeur-de-branches-thermique-professionnel-blackstone-gbd-1500-le-moteur-loncin-de-15-cv-neuf\/","title":{"rendered":"Blackstone GBD-1500 LE trituradora de ramas t\u00e9rmica profesional con motor Loncin de 15 HP &#8211; Nuevo"},"content":{"rendered":"<p><strong>Blackstone GBD-1500 LE<\/strong> en s\u00edntesis:<\/p>\n<p><strong>LE<\/strong> se refiere a <strong>Loncin E-start<\/strong> y indica la marca del motor de la trituradora con arranque el\u00e9ctrico.<\/p>\n<p>La potencia del motor es <strong>15,0 hp<\/strong>.<\/p>\n<p><strong>Blackstone GBD-1500 LE<\/strong>, este est\u00e1 especialmente dise\u00f1ado para triturar plantas, ra\u00edces, ramas y peque\u00f1os troncos. Ideal para quienes deben mantener espacios verdes y eliminar y triturar r\u00e1pidamente los desechos verdes del suelo.<\/p>\n<p>Con un sistema de gesti\u00f3n de residuos, puedes optimizar los desechos en tu propio gran espacio de residuos y al mismo tiempo aprovechar al m\u00e1ximo el material producido y el proceso de compostaje.<\/p>\n<p>Este es un producto fant\u00e1stico para personas que deben procesar grandes cantidades de residuos y desean utilizarlos biol\u00f3gicamente.<\/p>\n<p>Los <strong>puntos fuertes<\/strong> de este dispositivo son:<\/p>\n<p><strong>Solidez<\/strong> gracias al sistema de rotores de acero, que dura casi para siempre.<\/p>\n<p><strong>Di\u00e1metro de corte<\/strong> (alcanzando f\u00e1cilmente hasta 90 mm en madera verde, no seca, en comparaci\u00f3n con los 50\/60 mm m\u00e1ximos que generalmente hacen las trituradoras de centrales t\u00e9rmicas de esta fase de potencia &#8211; de todos modos, <strong>para ramas con un di\u00e1metro de m\u00e1s de 50 mm debe ser alimentado lentamente<\/strong> para permitirle triturar con \u00e9xito grandes di\u00e1metros, siendo la rama lentamente absorbida).<\/p>\n<p><strong>Capacidad de trabajo excepcional<\/strong>, puede manejar trabajos pesados y prolongados.<\/p>","protected":false},"excerpt":{"rendered":"<p>Blackstone GBD-1500 LE en s\u00edntesis: LE se refiere a Loncin E-start y indica la marca [&hellip;]<\/p>\n","protected":false},"featured_media":6619,"comment_status":"open","ping_status":"closed","template":"","meta":[],"product_brand":[],"product_cat":[134],"product_tag":[],"class_list":{"0":"post-6572","1":"product","2":"type-product","3":"status-publish","4":"has-post-thumbnail","6":"product_cat-broyeurs-de-branches-et-vegetaux","7":"product_shipping_class-livraison-gratuite","9":"first","10":"instock","11":"sale","12":"taxable","13":"shipping-taxable","14":"purchasable","15":"product-type-simple"},"_links":{"self":[{"href":"https:\/\/cabashippinginternational.com\/en\/wp-json\/wp\/v2\/product\/6572","targetHints":{"allow":["GET"]}}],"collection":[{"href":"https:\/\/cabashippinginternational.com\/en\/wp-json\/wp\/v2\/product"}],"about":[{"href":"https:\/\/cabashippinginternational.com\/en\/wp-json\/wp\/v2\/types\/product"}],"replies":[{"embeddable":true,"href":"https:\/\/cabashippinginternational.com\/en\/wp-json\/wp\/v2\/comments?post=6572"}],"wp:featuredmedia":[{"embeddable":true,"href":"https:\/\/cabashippinginternational.com\/en\/wp-json\/wp\/v2\/media\/6619"}],"wp:attachment":[{"href":"https:\/\/cabashippinginternational.com\/en\/wp-json\/wp\/v2\/media?parent=6572"}],"wp:term":[{"taxonomy":"product_brand","embeddable":true,"href":"https:\/\/cabashippinginternational.com\/en\/wp-json\/wp\/v2\/product_brand?post=6572"},{"taxonomy":"product_cat","embeddable":true,"href":"https:\/\/cabashippinginternational.com\/en\/wp-json\/wp\/v2\/product_cat?post=6572"},{"taxonomy":"product_tag","embeddable":true,"href":"https:\/\/cabashippinginternational.com\/en\/wp-json\/wp\/v2\/product_tag?post=6572"}],"curies":[{"name":"wp","href":"https:\/\/api.w.org\/{rel}","templated":true}]}}