{"id":6561,"date":"2026-01-07T15:46:08","date_gmt":"2026-01-07T15:46:08","guid":{"rendered":"https:\/\/elektronica-aanhangers-houten.nl\/?post_type=product&#038;p=6561"},"modified":"2026-02-22T08:50:56","modified_gmt":"2026-02-22T08:50:56","slug":"broyeur-de-branches-thermique-blackstone-gbd-1500-l-moteur-loncin-de-15-cv","status":"publish","type":"product","link":"https:\/\/cabashippinginternational.com\/en\/produit\/broyeur-de-branches-thermique-blackstone-gbd-1500-l-moteur-loncin-de-15-cv\/","title":{"rendered":"Blackstone GBD-1500 L trituradora de ramas t\u00e9rmica con motor Loncin de 15 hp"},"content":{"rendered":"<p>Parece que est\u00e1s compartiendo informaci\u00f3n detallada sobre la destructora de papel Blackstone GBD-1500 L, incluyendo el \u00e9nfasis en las caracter\u00edsticas y beneficios. Este es un resumen de los puntos clave:<\/p>\n<p><strong>Nombre y marca:<\/strong><\/p>\n<ul>\n<li>Blackstone GBD-1500 L, donde la \u00abL\u00bb representa a Loncin, la marca del motor de la destructora.<\/li>\n<\/ul>\n<p><strong>Potencia del motor:<\/strong><\/p>\n<ul>\n<li>Motor Loncin G420FD con 15,0 hp (potencia nominal), 12,24 hp de potencia efectiva.<\/li>\n<li>OHV de 4 tiempos, refrigerado por aire forzado, con una cilindrada de 420cc.<\/li>\n<\/ul>\n<p><strong>Especificaciones del motor:<\/strong><\/p>\n<ul>\n<li>Cuerpo de hierro fundido para mejor lubricaci\u00f3n y mayor durabilidad.<\/li>\n<li>Alarma de aceite vac\u00edo para mayor protecci\u00f3n.<\/li>\n<li>Arranque m\u00e1s f\u00e1cil a trav\u00e9s de cuerda de arranque.<\/li>\n<li>Bajas vibraciones gracias al dise\u00f1o equilibrado con bajo centro de gravedad.<\/li>\n<p>Peso: 31 kg.<\/p>\n<\/ul>\n<p><strong>Caracter\u00edsticas adicionales:<\/strong><\/p>\n<ul>\n<li>Capacidad de trabajo excepcional gracias al sistema de rotores de acero.<\/li>\n<li>Alta capacidad para manejar largas jornadas de trabajo, incluso con madera grande.<\/li>\n<li>Alta productividad por hora en comparaci\u00f3n con destructoras t\u00e9rmicas convencionales.<\/li>\n<li>Alto canal de expulsi\u00f3n con deflector inclinable, permitiendo que los desechos se expulsen en un contenedor.<\/li>\n<li>Bot\u00f3n de emergencia para detener la destructora.<\/li>\n<li>Bot\u00f3n de emergencia para detener la m\u00e1quina en caso de peligro.<\/li>\n<li>Compuerta de expulsi\u00f3n ajustable.<\/li>\n<li>Pata de soporte frontal para mayor estabilidad.<\/li>\n<\/ul>","protected":false},"excerpt":{"rendered":"<p>Parece que est\u00e1s compartiendo informaci\u00f3n detallada sobre la destructora de papel Blackstone GBD-1500 L, incluyendo [&hellip;]<\/p>\n","protected":false},"featured_media":6618,"comment_status":"open","ping_status":"closed","template":"","meta":[],"product_brand":[],"product_cat":[134],"product_tag":[],"class_list":{"0":"post-6561","1":"product","2":"type-product","3":"status-publish","4":"has-post-thumbnail","6":"product_cat-broyeurs-de-branches-et-vegetaux","7":"product_shipping_class-livraison-gratuite","9":"first","10":"instock","11":"sale","12":"taxable","13":"shipping-taxable","14":"purchasable","15":"product-type-simple"},"_links":{"self":[{"href":"https:\/\/cabashippinginternational.com\/en\/wp-json\/wp\/v2\/product\/6561","targetHints":{"allow":["GET"]}}],"collection":[{"href":"https:\/\/cabashippinginternational.com\/en\/wp-json\/wp\/v2\/product"}],"about":[{"href":"https:\/\/cabashippinginternational.com\/en\/wp-json\/wp\/v2\/types\/product"}],"replies":[{"embeddable":true,"href":"https:\/\/cabashippinginternational.com\/en\/wp-json\/wp\/v2\/comments?post=6561"}],"wp:featuredmedia":[{"embeddable":true,"href":"https:\/\/cabashippinginternational.com\/en\/wp-json\/wp\/v2\/media\/6618"}],"wp:attachment":[{"href":"https:\/\/cabashippinginternational.com\/en\/wp-json\/wp\/v2\/media?parent=6561"}],"wp:term":[{"taxonomy":"product_brand","embeddable":true,"href":"https:\/\/cabashippinginternational.com\/en\/wp-json\/wp\/v2\/product_brand?post=6561"},{"taxonomy":"product_cat","embeddable":true,"href":"https:\/\/cabashippinginternational.com\/en\/wp-json\/wp\/v2\/product_cat?post=6561"},{"taxonomy":"product_tag","embeddable":true,"href":"https:\/\/cabashippinginternational.com\/en\/wp-json\/wp\/v2\/product_tag?post=6561"}],"curies":[{"name":"wp","href":"https:\/\/api.w.org\/{rel}","templated":true}]}}