{"id":6560,"date":"2026-01-07T15:46:08","date_gmt":"2026-01-07T15:46:08","guid":{"rendered":"https:\/\/elektronica-aanhangers-houten.nl\/?post_type=product&#038;p=6560"},"modified":"2026-02-22T08:51:04","modified_gmt":"2026-02-22T08:51:04","slug":"broyeur-de-branches-thermique-blackstone-bc-1500-bse-moteur-essence-bs-xr2100-de-13-5-cv","status":"publish","type":"product","link":"https:\/\/cabashippinginternational.com\/en\/produit\/broyeur-de-branches-thermique-blackstone-bc-1500-bse-moteur-essence-bs-xr2100-de-13-5-cv\/","title":{"rendered":"Blackstone BC 1500 BSE 13,5 pk motor de gasolina B&#038;S XR2100 trituradora t\u00e9rmica"},"content":{"rendered":"<p><strong>Blackstone BC 1500 BSE &#8211; Resumen:<\/strong><\/p>\n<p><strong>Potencia del motor y marca:<\/strong><\/p>\n<ul>\n<li>Potencia del motor: 13,0 hp, con motor Briggs &#038; Stratton XR2100.<\/li>\n<li>BSE indica la marca del motor, y el producto est\u00e1 fabricado con una pintura met\u00e1lica muy resistente.<\/li>\n<\/ul>\n<p><strong>Especificaciones de la trituradora de papel:<\/strong><\/p>\n<ul>\n<li>Dise\u00f1ada para triturar vegetaci\u00f3n con un di\u00e1metro medio, ideal para el mantenimiento r\u00e1pido de espacios verdes.<\/li>\n<li>Modernas medidas de seguridad conforme a CE.<\/li>\n<\/ul>\n<p><strong>Funciones:<\/strong><\/p>\n<ul>\n<li>Solidez gracias al sistema de rotores de acero, que garantiza una vida \u00fatil pr\u00e1cticamente eterna.<\/li>\n<li>Di\u00e1metro de triturado de hasta 90 mm en madera verde, mejor que las trituradoras con potencia comparable.<\/li>\n<li>Capacidad de trabajo excepcional, adecuada para largas jornadas de trabajo en madera grande, nivel profesional.<\/li>\n<li>Alta productividad por hora, mejor que las trituradoras t\u00e9rmicas convencionales con rotores de cuchillas y martillos.<\/li>\n<\/ul>\n<p><strong>Limitaciones:<\/strong><\/p>\n<ul>\n<li>Grandes dimensiones de la trituradora debido a la falta de martillos centr\u00edfugos.<\/li>\n<li>No adecuada para triturar hojas o material verde peque\u00f1o.<\/li>\n<li>Espec\u00edfica para triturar ramas con un di\u00e1metro medio a grande, menos adecuada para hojas y material verde peque\u00f1o, y no adecuada para ramas con un di\u00e1metro peque\u00f1o.<\/li>\n<\/ul>\n<p><strong>Caracter\u00edsticas del motor:<\/strong><\/p>","protected":false},"excerpt":{"rendered":"<p>Blackstone BC 1500 BSE &#8211; Resumen: Potencia del motor y marca: Potencia del motor: 13,0 [&hellip;]<\/p>\n","protected":false},"featured_media":6617,"comment_status":"open","ping_status":"closed","template":"","meta":[],"product_brand":[],"product_cat":[134],"product_tag":[],"class_list":{"0":"post-6560","1":"product","2":"type-product","3":"status-publish","4":"has-post-thumbnail","6":"product_cat-broyeurs-de-branches-et-vegetaux","7":"product_shipping_class-livraison-gratuite","9":"first","10":"instock","11":"sale","12":"taxable","13":"shipping-taxable","14":"purchasable","15":"product-type-simple"},"_links":{"self":[{"href":"https:\/\/cabashippinginternational.com\/en\/wp-json\/wp\/v2\/product\/6560","targetHints":{"allow":["GET"]}}],"collection":[{"href":"https:\/\/cabashippinginternational.com\/en\/wp-json\/wp\/v2\/product"}],"about":[{"href":"https:\/\/cabashippinginternational.com\/en\/wp-json\/wp\/v2\/types\/product"}],"replies":[{"embeddable":true,"href":"https:\/\/cabashippinginternational.com\/en\/wp-json\/wp\/v2\/comments?post=6560"}],"wp:featuredmedia":[{"embeddable":true,"href":"https:\/\/cabashippinginternational.com\/en\/wp-json\/wp\/v2\/media\/6617"}],"wp:attachment":[{"href":"https:\/\/cabashippinginternational.com\/en\/wp-json\/wp\/v2\/media?parent=6560"}],"wp:term":[{"taxonomy":"product_brand","embeddable":true,"href":"https:\/\/cabashippinginternational.com\/en\/wp-json\/wp\/v2\/product_brand?post=6560"},{"taxonomy":"product_cat","embeddable":true,"href":"https:\/\/cabashippinginternational.com\/en\/wp-json\/wp\/v2\/product_cat?post=6560"},{"taxonomy":"product_tag","embeddable":true,"href":"https:\/\/cabashippinginternational.com\/en\/wp-json\/wp\/v2\/product_tag?post=6560"}],"curies":[{"name":"wp","href":"https:\/\/api.w.org\/{rel}","templated":true}]}}