{"id":6559,"date":"2026-01-07T15:46:08","date_gmt":"2026-01-07T15:46:08","guid":{"rendered":"https:\/\/elektronica-aanhangers-houten.nl\/?post_type=product&#038;p=6559"},"modified":"2026-02-22T08:51:11","modified_gmt":"2026-02-22T08:51:11","slug":"blackstone-broyeur-a-tracteur-blackstone-ws-8m-neuf","status":"publish","type":"product","link":"https:\/\/cabashippinginternational.com\/en\/produit\/blackstone-broyeur-a-tracteur-blackstone-ws-8m-neuf\/","title":{"rendered":"Blackstone WS-8M Trekkerhakselaar-Nuevo"},"content":{"rendered":"<p>La trituradora Blackstone WS-8M es una trituradora profesional de card\u00e1n, adecuada para triturar grandes cantidades de residuos vegetales. La trituradora tiene una amplia tolva para facilitar la entrada de residuos vegetales con ramas y puede triturar <strong>madera con un di\u00e1metro m\u00e1ximo de 150 mm<\/strong>.<\/p>\n<p><Por encima de la tolva hay dos palancas, la roja para levantar el rodillo de trituraci\u00f3n si se atasca una rama, mientras que la gris invierte la direcci\u00f3n de rotaci\u00f3n del rodillo para facilitar el trabajo del usuario.<\/strong><\/p>\n<p><strong>El tubo de salida puede girar 360\u00b0 y la inclinaci\u00f3n de la abertura de descarga tambi\u00e9n se puede ajustar.<\/strong><\/p>\n<p>Con <strong>una buena relaci\u00f3n calidad-precio<\/strong>, esta m\u00e1quina es adecuada tanto para el usuario ocasional como para el profesional que desea comprar un <strong>producto econ\u00f3mico pero de buen rendimiento<\/strong>.<\/p>\n<p>Equipado con un sistema de enganche de 3 puntos para el tractor + toma de fuerza para su operaci\u00f3n.<\/p>\n<p>La entrada de la boca es de 50 x 50 cm.<\/p>\n<p><strong>El rotor tiene 2 cuchillas intercambiables y una contracuchilla.<\/strong><\/p>\n<ul>\n<li><strong>Potencia m\u00ednima del tractor: 25 hp<\/strong><\/li>\n<\/ul>\n<div class=\"content\">\n<p><span id=\"umb940183\" class=\"hovertag\">Detalle de las paredes de goma protectoras<\/span> en la entrada de la tolva.<\/p>\n<p>Detalle de la <span id=\"umb940173\" class=\"hovertag\">ventana<\/span> para verificar el aceite en la transmisi\u00f3n que se utiliza para hacer girar el rodillo de accionamiento.<\/p>\n<p>Detalle de la <s\n<\/p>","protected":false},"excerpt":{"rendered":"<p>La trituradora Blackstone WS-8M es una trituradora profesional de card\u00e1n, adecuada para triturar grandes cantidades [&hellip;]<\/p>\n","protected":false},"featured_media":6606,"comment_status":"open","ping_status":"closed","template":"","meta":[],"product_brand":[],"product_cat":[134],"product_tag":[],"class_list":{"0":"post-6559","1":"product","2":"type-product","3":"status-publish","4":"has-post-thumbnail","6":"product_cat-broyeurs-de-branches-et-vegetaux","7":"product_shipping_class-livraison-gratuite","9":"first","10":"instock","11":"sale","12":"taxable","13":"shipping-taxable","14":"purchasable","15":"product-type-simple"},"_links":{"self":[{"href":"https:\/\/cabashippinginternational.com\/en\/wp-json\/wp\/v2\/product\/6559","targetHints":{"allow":["GET"]}}],"collection":[{"href":"https:\/\/cabashippinginternational.com\/en\/wp-json\/wp\/v2\/product"}],"about":[{"href":"https:\/\/cabashippinginternational.com\/en\/wp-json\/wp\/v2\/types\/product"}],"replies":[{"embeddable":true,"href":"https:\/\/cabashippinginternational.com\/en\/wp-json\/wp\/v2\/comments?post=6559"}],"wp:featuredmedia":[{"embeddable":true,"href":"https:\/\/cabashippinginternational.com\/en\/wp-json\/wp\/v2\/media\/6606"}],"wp:attachment":[{"href":"https:\/\/cabashippinginternational.com\/en\/wp-json\/wp\/v2\/media?parent=6559"}],"wp:term":[{"taxonomy":"product_brand","embeddable":true,"href":"https:\/\/cabashippinginternational.com\/en\/wp-json\/wp\/v2\/product_brand?post=6559"},{"taxonomy":"product_cat","embeddable":true,"href":"https:\/\/cabashippinginternational.com\/en\/wp-json\/wp\/v2\/product_cat?post=6559"},{"taxonomy":"product_tag","embeddable":true,"href":"https:\/\/cabashippinginternational.com\/en\/wp-json\/wp\/v2\/product_tag?post=6559"}],"curies":[{"name":"wp","href":"https:\/\/api.w.org\/{rel}","templated":true}]}}