{"id":6558,"date":"2026-01-07T15:46:08","date_gmt":"2026-01-07T15:46:08","guid":{"rendered":"https:\/\/elektronica-aanhangers-houten.nl\/?post_type=product&#038;p=6558"},"modified":"2026-02-22T08:51:20","modified_gmt":"2026-02-22T08:51:20","slug":"simatech-fendeuse-verticale-a-tracteur-35-t-simatech-course-800-hydraulique-avec-retour-automatique-neuf","status":"publish","type":"product","link":"https:\/\/cabashippinginternational.com\/en\/produit\/simatech-fendeuse-verticale-a-tracteur-35-t-simatech-course-800-hydraulique-avec-retour-automatique-neuf\/","title":{"rendered":"Simatech 35 T m\u00e1quina de corte vertical Simatech slak 800 hidr\u00e1ulica con retroceso autom\u00e1tico &#8211; Nuevo"},"content":{"rendered":"<p>El nuevo modelo Simatech V300\/800 de separador vertical tiene las siguientes caracter\u00edsticas en comparaci\u00f3n con el modelo anterior:<\/p>\n<ul>\n<li>Nuevo tanque de aceite de 50L<\/li>\n<li>Nuevo sistema de elevaci\u00f3n<\/li>\n<li>Nuevo distribuidor AMI fabricado en Italia<\/li>\n<li>Retorno autom\u00e1tico<\/li>\n<\/ul>\n<p>Longitud: 80 cm<br \/>\n(alteza m\u00e1xima de corte, troncos de 85 cm)<br \/>\nBomba hidr\u00e1ulica ultra-profesional de enormes dimensiones<br \/>\nCaudal: 46 l\/min<br \/>\nde los principales modelos de separadores verticales<br \/>\nSin duda, la bomba m\u00e1s potente y profesional jam\u00e1s montada en una m\u00e1quina de corte de madera.<br \/>\ndi\u00e1metro del cilindro: 150 mm<br \/>\ndi\u00e1metro del cilindro: 60 mm<\/p>\n<p>base de separaci\u00f3n a nivel del suelo: esto te permite dividir troncos de \u00e1rboles muy grandes y duros sin necesidad de levantarlos<br \/>\ndimensiones: 170 x 90 x 90 cm<br \/>\nPESO: 400 KG<br \/>\nEn resumen, este es un separador de tracci\u00f3n vertical que realmente es indestructible en todos los aspectos. Es una referencia en las 5 partes fundamentales de cada m\u00e1quina de corte: bomba, cilindro, distribuidor, marco, gu\u00edas, etc.<br \/>\nGu\u00edas Adem\u00e1s de la altura de 80 cm, hay una segunda altura de 50 cm, donde se pueden colocar los 2 pasadores para la fijaci\u00f3n del cilindro (ver los 2 agujeros en la foto al lado). Cuando el pist\u00f3n se mueve, levanta el cilindro hacia la parte superior del marco, donde puede ser fijado nuevamente insertando los 2 pasadores. Esto significa que no hay 2 alturas de fijaci\u00f3n y 2 alturas de corte. Gu\u00edas de acero endurecido, muy robustas y reemplazables. Reacoplable, montado en gu\u00edas:<\/p>","protected":false},"excerpt":{"rendered":"<p>El nuevo modelo Simatech V300\/800 de separador vertical tiene las siguientes caracter\u00edsticas en comparaci\u00f3n con [&hellip;]<\/p>\n","protected":false},"featured_media":6488,"comment_status":"open","ping_status":"closed","template":"","meta":[],"product_brand":[],"product_cat":[127],"product_tag":[],"class_list":{"0":"post-6558","1":"product","2":"type-product","3":"status-publish","4":"has-post-thumbnail","6":"product_cat-fendeuses-a-bois","7":"product_shipping_class-livraison-gratuite","9":"first","10":"instock","11":"sale","12":"taxable","13":"shipping-taxable","14":"purchasable","15":"product-type-simple"},"_links":{"self":[{"href":"https:\/\/cabashippinginternational.com\/en\/wp-json\/wp\/v2\/product\/6558","targetHints":{"allow":["GET"]}}],"collection":[{"href":"https:\/\/cabashippinginternational.com\/en\/wp-json\/wp\/v2\/product"}],"about":[{"href":"https:\/\/cabashippinginternational.com\/en\/wp-json\/wp\/v2\/types\/product"}],"replies":[{"embeddable":true,"href":"https:\/\/cabashippinginternational.com\/en\/wp-json\/wp\/v2\/comments?post=6558"}],"wp:featuredmedia":[{"embeddable":true,"href":"https:\/\/cabashippinginternational.com\/en\/wp-json\/wp\/v2\/media\/6488"}],"wp:attachment":[{"href":"https:\/\/cabashippinginternational.com\/en\/wp-json\/wp\/v2\/media?parent=6558"}],"wp:term":[{"taxonomy":"product_brand","embeddable":true,"href":"https:\/\/cabashippinginternational.com\/en\/wp-json\/wp\/v2\/product_brand?post=6558"},{"taxonomy":"product_cat","embeddable":true,"href":"https:\/\/cabashippinginternational.com\/en\/wp-json\/wp\/v2\/product_cat?post=6558"},{"taxonomy":"product_tag","embeddable":true,"href":"https:\/\/cabashippinginternational.com\/en\/wp-json\/wp\/v2\/product_tag?post=6558"}],"curies":[{"name":"wp","href":"https:\/\/api.w.org\/{rel}","templated":true}]}}