{"id":6556,"date":"2026-01-07T15:46:08","date_gmt":"2026-01-07T15:46:08","guid":{"rendered":"https:\/\/elektronica-aanhangers-houten.nl\/?post_type=product&#038;p=6556"},"modified":"2026-02-22T08:51:36","modified_gmt":"2026-02-22T08:51:36","slug":"geotech-fendeuse-a-bois-hydraulique-a-tracteur-verticale-geotech-lsp-18-100vt-18-tonnes-neuf","status":"publish","type":"product","link":"https:\/\/cabashippinginternational.com\/en\/produit\/geotech-fendeuse-a-bois-hydraulique-a-tracteur-verticale-geotech-lsp-18-100vt-18-tonnes-neuf\/","title":{"rendered":"GeoTech-LSP 18-100VT &#8211; 18 toneladas &#8211; Nuevo &#8211; Divisor de madera hidr\u00e1ulico con tractor &#8211; Vertical"},"content":{"rendered":"<p><strong>La m\u00e1quina de hendidura de madera GeoTech LSP 18-100VT<\/strong> es una <strong>m\u00e1quina de hendidura de madera<\/strong> <strong>vertical<\/strong> dise\u00f1ada para uso dom\u00e9stico.<\/p>\n<p>La hendedora est\u00e1 conectada al tractor mediante un sistema de elevaci\u00f3n de 3 puntos y se activa mediante un card\u00e1n en el toma de fuerza. El cilindro tiene un di\u00e1metro de 5 cm y una longitud de aproximadamente 1 metro.<\/p>\n<p>La m\u00e1quina, con una fuerza de hendidura de <strong>18 toneladas<\/strong>, puede hendir troncos de hasta 104 cm de altura al presionar el tronco en la base. El di\u00e1metro de los troncos a hendir var\u00eda de 8 cm a 45 cm.<\/p>\n<p>Gracias a las ruedas neum\u00e1ticas con un di\u00e1metro de 30 cm, la m\u00e1quina de hendidura se puede mover sin problemas a pesar de su peso de 160 kg.<\/p>\n<p>Fuerza de hendidura: <strong>18 toneladas<\/strong>.<br \/>\n<strong><br \/>\nPeso:<strong>160 kg<\/strong>.<\/p>\n<p>La m\u00e1quina de hendidura GeoTech LSP 18-100VT puede hendir troncos de hasta 104 cm de altura.<\/p>\n<p>A los lados de la m\u00e1quina hay <span id=\"umb597957\" class=\"hovertag\">dos varillas laterales<\/span> para evitar que el bloque de madera cortado se caiga.<\/p>\n<p>La m\u00e1quina de hendidura tiene <span id=\"umb597951\" class=\"hovertag\">dos ruedas de aire de 30 cm<\/span> y una rueda antideslizante para facilitar el movimiento.<\/p>\n<p>Detalle de la <span id=\"umb597955\" class=\"hovertag\">base de hendidura inferior.<\/span><\/p>\n<p>El <span id=\"umb597952\" class=\"hovertag\">tanque de aceite<\/span> se encuentra en la parte inferior de la m\u00e1quina de hendidura y debe ser desenroscado con cuidado para permitir que escape el aire excesivo.<\/p>","protected":false},"excerpt":{"rendered":"<p>La m\u00e1quina de hendidura de madera GeoTech LSP 18-100VT es una m\u00e1quina de hendidura de [&hellip;]<\/p>\n","protected":false},"featured_media":6604,"comment_status":"open","ping_status":"closed","template":"","meta":[],"product_brand":[],"product_cat":[127],"product_tag":[],"class_list":{"0":"post-6556","1":"product","2":"type-product","3":"status-publish","4":"has-post-thumbnail","6":"product_cat-fendeuses-a-bois","7":"product_shipping_class-livraison-gratuite","9":"first","10":"instock","11":"sale","12":"taxable","13":"shipping-taxable","14":"purchasable","15":"product-type-simple"},"_links":{"self":[{"href":"https:\/\/cabashippinginternational.com\/en\/wp-json\/wp\/v2\/product\/6556","targetHints":{"allow":["GET"]}}],"collection":[{"href":"https:\/\/cabashippinginternational.com\/en\/wp-json\/wp\/v2\/product"}],"about":[{"href":"https:\/\/cabashippinginternational.com\/en\/wp-json\/wp\/v2\/types\/product"}],"replies":[{"embeddable":true,"href":"https:\/\/cabashippinginternational.com\/en\/wp-json\/wp\/v2\/comments?post=6556"}],"wp:featuredmedia":[{"embeddable":true,"href":"https:\/\/cabashippinginternational.com\/en\/wp-json\/wp\/v2\/media\/6604"}],"wp:attachment":[{"href":"https:\/\/cabashippinginternational.com\/en\/wp-json\/wp\/v2\/media?parent=6556"}],"wp:term":[{"taxonomy":"product_brand","embeddable":true,"href":"https:\/\/cabashippinginternational.com\/en\/wp-json\/wp\/v2\/product_brand?post=6556"},{"taxonomy":"product_cat","embeddable":true,"href":"https:\/\/cabashippinginternational.com\/en\/wp-json\/wp\/v2\/product_cat?post=6556"},{"taxonomy":"product_tag","embeddable":true,"href":"https:\/\/cabashippinginternational.com\/en\/wp-json\/wp\/v2\/product_tag?post=6556"}],"curies":[{"name":"wp","href":"https:\/\/api.w.org\/{rel}","templated":true}]}}