{"id":6555,"date":"2026-01-07T15:46:08","date_gmt":"2026-01-07T15:46:08","guid":{"rendered":"https:\/\/elektronica-aanhangers-houten.nl\/?post_type=product&#038;p=6555"},"modified":"2026-02-22T08:51:44","modified_gmt":"2026-02-22T08:51:44","slug":"fendeuse-verticale-electrique15-tonnes-course-1000-mm-neuf","status":"publish","type":"product","link":"https:\/\/cabashippinginternational.com\/en\/produit\/fendeuse-verticale-electrique15-tonnes-course-1000-mm-neuf\/","title":{"rendered":"M\u00e1quina de corte vertical el\u00e9ctrica, 15 toneladas, escoria 1000 mm &#8211; Nueva"},"content":{"rendered":"<p><strong>La m\u00e1quina de hendidura de madera de 15T<\/strong> es una <strong>m\u00e1quina de hendidura de madera vertical<\/strong> dise\u00f1ada para uso dom\u00e9stico.<\/p>\n<p>Activada por <strong>corriente el\u00e9ctrica<\/strong>, utilizando un <strong>motor el\u00e9ctrico<\/strong> de 3 HP monof\u00e1sico, la m\u00e1quina de hendidura tiene una fuerza de hendidura de no menos de <strong>15 toneladas<\/strong>, siendo capaz de hendir troncos de madera de dimensiones variables hasta una altura de 112 cm.<\/p>\n<p>La m\u00e1quina de hendidura de madera puede <span id=\"umb222368\" class=\"hovertag\">hendir troncos hasta el suelo<\/span>, y est\u00e1 equipada con un <strong>arco de seguridad<\/strong> <strong>anti-accidente<\/strong> y un <strong>sistema de regulaci\u00f3n autom\u00e1tico ajustable al final del recorrido<\/strong> y <strong>todas<\/strong><strong> las medidas de seguridad<\/strong> que protegen al usuario.<\/p>\n<p>Esta m\u00e1quina de hendidura de madera puede ser operada con <strong>corriente el\u00e9ctrica dom\u00e9stica<\/strong> al poner en funcionamiento el <strong>motor monof\u00e1sico de 3 HP 230 V con una potencia de 2,2 Kw.<\/strong><\/p>\n<p><span id=\"umb222350\" class=\"hovertag\">El motor el\u00e9ctrico acciona una potente bomba hidr\u00e1ulica doble<\/span> que lleva el aceite, que es bombeado desde el tanque, hacia el cilindro hidr\u00e1ulico que act\u00faa como mecanismo de empuje.<\/p>\n<p>El cuerpo de la estructura misma funciona como un <strong>tanque de aceite hidr\u00e1ulico<\/strong>.<\/p>\n<p>La ventaja de la bomba doble es que permite una velocidad de pist\u00f3n doble o incluso superior en comparaci\u00f3n con las m\u00e1quinas de hendidura de madera monof\u00e1sicas de 3 HP normales.<\/p>","protected":false},"excerpt":{"rendered":"<p>La m\u00e1quina de hendidura de madera de 15T es una m\u00e1quina de hendidura de madera [&hellip;]<\/p>\n","protected":false},"featured_media":6603,"comment_status":"open","ping_status":"closed","template":"","meta":[],"product_brand":[],"product_cat":[127],"product_tag":[],"class_list":{"0":"post-6555","1":"product","2":"type-product","3":"status-publish","4":"has-post-thumbnail","6":"product_cat-fendeuses-a-bois","7":"product_shipping_class-livraison-gratuite","9":"first","10":"instock","11":"sale","12":"taxable","13":"shipping-taxable","14":"purchasable","15":"product-type-simple"},"_links":{"self":[{"href":"https:\/\/cabashippinginternational.com\/en\/wp-json\/wp\/v2\/product\/6555","targetHints":{"allow":["GET"]}}],"collection":[{"href":"https:\/\/cabashippinginternational.com\/en\/wp-json\/wp\/v2\/product"}],"about":[{"href":"https:\/\/cabashippinginternational.com\/en\/wp-json\/wp\/v2\/types\/product"}],"replies":[{"embeddable":true,"href":"https:\/\/cabashippinginternational.com\/en\/wp-json\/wp\/v2\/comments?post=6555"}],"wp:featuredmedia":[{"embeddable":true,"href":"https:\/\/cabashippinginternational.com\/en\/wp-json\/wp\/v2\/media\/6603"}],"wp:attachment":[{"href":"https:\/\/cabashippinginternational.com\/en\/wp-json\/wp\/v2\/media?parent=6555"}],"wp:term":[{"taxonomy":"product_brand","embeddable":true,"href":"https:\/\/cabashippinginternational.com\/en\/wp-json\/wp\/v2\/product_brand?post=6555"},{"taxonomy":"product_cat","embeddable":true,"href":"https:\/\/cabashippinginternational.com\/en\/wp-json\/wp\/v2\/product_cat?post=6555"},{"taxonomy":"product_tag","embeddable":true,"href":"https:\/\/cabashippinginternational.com\/en\/wp-json\/wp\/v2\/product_tag?post=6555"}],"curies":[{"name":"wp","href":"https:\/\/api.w.org\/{rel}","templated":true}]}}