{"id":6554,"date":"2026-01-07T15:46:07","date_gmt":"2026-01-07T15:46:07","guid":{"rendered":"https:\/\/elektronica-aanhangers-houten.nl\/?post_type=product&#038;p=6554"},"modified":"2026-02-22T08:51:51","modified_gmt":"2026-02-22T08:51:51","slug":"fendeuse-verticale-electrique-20-tonnes-course-1000m-neuf","status":"publish","type":"product","link":"https:\/\/cabashippinginternational.com\/en\/produit\/fendeuse-verticale-electrique-20-tonnes-course-1000m-neuf\/","title":{"rendered":"M\u00e1quina de corte vertical el\u00e9ctrica, 20 toneladas, 1000m de escoria &#8211; Nueva"},"content":{"rendered":"<p>La <strong>madera de 20T m\u00e1quina de hendidura<\/strong> el\u00e9ctrica es una <strong>m\u00e1quina de hendidura de madera vertical de 20 toneladas<\/strong>, con un recorrido de cilindro de 1000 mm, adecuada para todas las necesidades de los productores de madera, a nivel profesional, peque\u00f1as empresas o para un particular exigente.<\/p>\n<p>La m\u00e1quina se entrega con un <strong>soporte removible<\/strong> para troncos, que var\u00eda en tama\u00f1o de 600 mm a 1000 mm. La m\u00e1quina de hendidura est\u00e1 equipada con un ajuste espec\u00edfico para el recorrido del cilindro, para bloquear el cilindro cuando sube, en caso de hendir un tronco corto. Esto facilita mucho el trabajo.<\/p>\n<p>La m\u00e1quina de hendidura est\u00e1 equipada con <strong>dos velocidades<\/strong>, la primera, <strong>r\u00e1pida<\/strong>, que permite alcanzar la velocidad m\u00e1xima garantizada por las normas de seguridad, y la <strong>velocidad de hendidura<\/strong>, que es m\u00e1s lenta, pero permite que la m\u00e1quina utilice la fuerza de 20 toneladas efectivas gracias al uso del <strong>motor el\u00e9ctrico<\/strong> de 3 HP monof\u00e1sico.<\/p>\n<p>Esta m\u00e1quina de hendidura de madera se puede utilizar con <strong>electricidad dom\u00e9stica<\/strong> gracias al <strong>motor monof\u00e1sico de 3 HP 230V, nominal 2,2 kW.<\/strong><\/p>\n<p><span id=\"umb875057\" class=\"hovertag\">El motor el\u00e9ctrico se beneficia del funcionamiento de una potente bomba hidr\u00e1ulica doble<\/span>, que distribuye el aceite, que se extrae del tanque hacia el cilindro para la fuerza de empuje.<\/p>\n<p>El cuerpo de la m\u00e1quina tambi\u00e9n funciona como <strong>hidr\u00e1ulico<\/strong>.<\/p>","protected":false},"excerpt":{"rendered":"<p>La madera de 20T m\u00e1quina de hendidura el\u00e9ctrica es una m\u00e1quina de hendidura de madera [&hellip;]<\/p>\n","protected":false},"featured_media":6602,"comment_status":"open","ping_status":"closed","template":"","meta":[],"product_brand":[],"product_cat":[127],"product_tag":[],"class_list":{"0":"post-6554","1":"product","2":"type-product","3":"status-publish","4":"has-post-thumbnail","6":"product_cat-fendeuses-a-bois","7":"product_shipping_class-livraison-gratuite","9":"first","10":"instock","11":"sale","12":"taxable","13":"shipping-taxable","14":"purchasable","15":"product-type-simple"},"_links":{"self":[{"href":"https:\/\/cabashippinginternational.com\/en\/wp-json\/wp\/v2\/product\/6554","targetHints":{"allow":["GET"]}}],"collection":[{"href":"https:\/\/cabashippinginternational.com\/en\/wp-json\/wp\/v2\/product"}],"about":[{"href":"https:\/\/cabashippinginternational.com\/en\/wp-json\/wp\/v2\/types\/product"}],"replies":[{"embeddable":true,"href":"https:\/\/cabashippinginternational.com\/en\/wp-json\/wp\/v2\/comments?post=6554"}],"wp:featuredmedia":[{"embeddable":true,"href":"https:\/\/cabashippinginternational.com\/en\/wp-json\/wp\/v2\/media\/6602"}],"wp:attachment":[{"href":"https:\/\/cabashippinginternational.com\/en\/wp-json\/wp\/v2\/media?parent=6554"}],"wp:term":[{"taxonomy":"product_brand","embeddable":true,"href":"https:\/\/cabashippinginternational.com\/en\/wp-json\/wp\/v2\/product_brand?post=6554"},{"taxonomy":"product_cat","embeddable":true,"href":"https:\/\/cabashippinginternational.com\/en\/wp-json\/wp\/v2\/product_cat?post=6554"},{"taxonomy":"product_tag","embeddable":true,"href":"https:\/\/cabashippinginternational.com\/en\/wp-json\/wp\/v2\/product_tag?post=6554"}],"curies":[{"name":"wp","href":"https:\/\/api.w.org\/{rel}","templated":true}]}}