{"id":6545,"date":"2026-01-07T15:45:45","date_gmt":"2026-01-07T15:45:45","guid":{"rendered":"https:\/\/elektronica-aanhangers-houten.nl\/?post_type=product&#038;p=6545"},"modified":"2026-02-22T08:52:00","modified_gmt":"2026-02-22T08:52:00","slug":"fendeuse-verticale-electrique-10-tonnes-course-1000-mm-neuf","status":"publish","type":"product","link":"https:\/\/cabashippinginternational.com\/en\/produit\/fendeuse-verticale-electrique-10-tonnes-course-1000-mm-neuf\/","title":{"rendered":"M\u00e1quina de corte vertical el\u00e9ctrica, 10 toneladas, 1000 mm de longitud &#8211; Nueva"},"content":{"rendered":"<p><strong>La m\u00e1quina de hendidura de madera De 10T<\/strong> es una <strong>m\u00e1quina de hendidura de madera vertical<\/strong> dise\u00f1ada para uso dom\u00e9stico.<\/p>\n<p>Activada por <strong>corriente el\u00e9ctrica<\/strong>, utilizando un <strong>motor el\u00e9ctrico<\/strong> de 3 HP monof\u00e1sico, la m\u00e1quina de hendidura tiene una fuerza de hendidura de no menos de <strong>10 toneladas<\/strong>, siendo capaz de partir troncos de madera de dimensiones variables hasta una altura de 112 cm.<\/p>\n<p>La m\u00e1quina de hendidura de madera Ceccato puede <span id=\"umb219404\" class=\"hovertag\">partir troncos hasta el suelo<\/span>, y est\u00e1 equipada con un <strong>arco de seguridad<\/strong> <strong>anti-accidente<\/strong> y un <strong>sistema de regulaci\u00f3n ajustable autom\u00e1ticamente al final de la carrera<\/strong> y <strong>todas<\/strong><strong> las medidas de seguridad<\/strong> que protegen al usuario.<\/p>\n<p>Esta m\u00e1quina de hendidura de madera puede ser operada con <strong>corriente el\u00e9ctrica dom\u00e9stica<\/strong> al poner en marcha el <strong>motor monof\u00e1sico de 3 HP 230 V con una potencia de 2,2 Kw.<\/strong><\/p>\n<p><span id=\"umb219493\" class=\"hovertag\">El motor el\u00e9ctrico acciona una potente bomba hidr\u00e1ulica doble<\/span> que lleva el aceite, que es bombeado desde el tanque, hacia el cilindro hidr\u00e1ulico que act\u00faa como empujador.<\/p>\n<p>El cuerpo de la estructura misma funciona como un <strong>tanque de aceite hidr\u00e1ulico<\/strong>.<\/p>\n<p>La ventaja de la bomba doble es que permite una velocidad de pist\u00f3n doble o incluso superior en comparaci\u00f3n con un motor monof\u00e1sico normal de 3 HP.<\/p>","protected":false},"excerpt":{"rendered":"<p>La m\u00e1quina de hendidura de madera De 10T es una m\u00e1quina de hendidura de madera [&hellip;]<\/p>\n","protected":false},"featured_media":6601,"comment_status":"open","ping_status":"closed","template":"","meta":[],"product_brand":[],"product_cat":[127],"product_tag":[],"class_list":{"0":"post-6545","1":"product","2":"type-product","3":"status-publish","4":"has-post-thumbnail","6":"product_cat-fendeuses-a-bois","7":"product_shipping_class-livraison-gratuite","9":"first","10":"instock","11":"sale","12":"taxable","13":"shipping-taxable","14":"purchasable","15":"product-type-simple"},"_links":{"self":[{"href":"https:\/\/cabashippinginternational.com\/en\/wp-json\/wp\/v2\/product\/6545","targetHints":{"allow":["GET"]}}],"collection":[{"href":"https:\/\/cabashippinginternational.com\/en\/wp-json\/wp\/v2\/product"}],"about":[{"href":"https:\/\/cabashippinginternational.com\/en\/wp-json\/wp\/v2\/types\/product"}],"replies":[{"embeddable":true,"href":"https:\/\/cabashippinginternational.com\/en\/wp-json\/wp\/v2\/comments?post=6545"}],"wp:featuredmedia":[{"embeddable":true,"href":"https:\/\/cabashippinginternational.com\/en\/wp-json\/wp\/v2\/media\/6601"}],"wp:attachment":[{"href":"https:\/\/cabashippinginternational.com\/en\/wp-json\/wp\/v2\/media?parent=6545"}],"wp:term":[{"taxonomy":"product_brand","embeddable":true,"href":"https:\/\/cabashippinginternational.com\/en\/wp-json\/wp\/v2\/product_brand?post=6545"},{"taxonomy":"product_cat","embeddable":true,"href":"https:\/\/cabashippinginternational.com\/en\/wp-json\/wp\/v2\/product_cat?post=6545"},{"taxonomy":"product_tag","embeddable":true,"href":"https:\/\/cabashippinginternational.com\/en\/wp-json\/wp\/v2\/product_tag?post=6545"}],"curies":[{"name":"wp","href":"https:\/\/api.w.org\/{rel}","templated":true}]}}